{"id":712793,"date":"2025-08-27T16:59:43","date_gmt":"2025-08-27T13:59:43","guid":{"rendered":"https:\/\/roveyayinevi.com.tr\/index.php\/urun\/red-kit-toplu-albumleri-15\/"},"modified":"2026-04-16T02:21:07","modified_gmt":"2026-04-15T23:21:07","slug":"red-kit-toplu-albumleri-15","status":"publish","type":"product","link":"https:\/\/roveyayinevi.com.tr\/index.php\/urun\/red-kit-toplu-albumleri-15\/","title":{"rendered":"Red Kit Toplu Alb\u00fcmleri 15"},"content":{"rendered":"<p>G\u00f6lgesinden h\u0131zl\u0131 silah \u00e7eken kovboy RedKit\u2019in maceralar\u0131 Toplu Alb\u00fcmler dizisinde tam gaz devam ediyor. Dizinin 15. cildi Morris ile Goscinny\u2019in \u00e7izgi roman tarihine katk\u0131lar\u0131n\u0131 i\u00e7eren \u00f6zel b\u00f6l\u00fcmle birlikte, yine Vah\u015fi Bat\u0131\u2019n\u0131n tuhaf karakterlerine ev sahipli\u011fi yapan \u00fc\u00e7 ola\u011fan\u00fcst\u00fc maceray\u0131 bir araya getiriyor. <\/p>\n","protected":false},"excerpt":{"rendered":"<p>G\u00f6lgesinden h\u0131zl\u0131 silah \u00e7eken kovboy RedKit\u2019in maceralar\u0131 Toplu Alb\u00fcmler dizisinde tam gaz devam ediyor. Dizinin 15. cildi Morris ile Goscinny\u2019in \u00e7izgi roman tarihine katk\u0131lar\u0131n\u0131 i\u00e7eren \u00f6zel<span class=\"excerpt-hellip\"> [\u2026]<\/span><\/p>\n","protected":false},"featured_media":0,"template":"","meta":{"_monsterinsights_skip_tracking":false,"_monsterinsights_sitenote_active":false,"_monsterinsights_sitenote_note":"","_monsterinsights_sitenote_category":0},"product_brand":[],"product_cat":[12416,12291],"product_tag":[],"class_list":{"0":"post-712793","1":"product","2":"type-product","3":"status-publish","5":"product_cat-cizgi-roman","6":"product_cat-edebiyat","7":"pa_cilt-ciltli","8":"pa_tur-kitap","9":"pa_yayinevi-yapi-kredi-yayinlari","10":"pa_yazar-morris-goscinny","12":"first","13":"instock","14":"sale","15":"shipping-taxable","16":"purchasable","17":"product-type-simple"},"_links":{"self":[{"href":"https:\/\/roveyayinevi.com.tr\/index.php\/wp-json\/wp\/v2\/product\/712793","targetHints":{"allow":["GET"]}}],"collection":[{"href":"https:\/\/roveyayinevi.com.tr\/index.php\/wp-json\/wp\/v2\/product"}],"about":[{"href":"https:\/\/roveyayinevi.com.tr\/index.php\/wp-json\/wp\/v2\/types\/product"}],"wp:attachment":[{"href":"https:\/\/roveyayinevi.com.tr\/index.php\/wp-json\/wp\/v2\/media?parent=712793"}],"wp:term":[{"taxonomy":"product_brand","embeddable":true,"href":"https:\/\/roveyayinevi.com.tr\/index.php\/wp-json\/wp\/v2\/product_brand?post=712793"},{"taxonomy":"product_cat","embeddable":true,"href":"https:\/\/roveyayinevi.com.tr\/index.php\/wp-json\/wp\/v2\/product_cat?post=712793"},{"taxonomy":"product_tag","embeddable":true,"href":"https:\/\/roveyayinevi.com.tr\/index.php\/wp-json\/wp\/v2\/product_tag?post=712793"}],"curies":[{"name":"wp","href":"https:\/\/api.w.org\/{rel}","templated":true}]}}