{"id":712792,"date":"2025-08-27T16:59:43","date_gmt":"2025-08-27T13:59:43","guid":{"rendered":"https:\/\/roveyayinevi.com.tr\/index.php\/urun\/ben-ve-biz-postmodern-insanin-psikanalizi\/"},"modified":"2026-04-16T02:21:07","modified_gmt":"2026-04-15T23:21:07","slug":"ben-ve-biz-postmodern-insanin-psikanalizi","status":"publish","type":"product","link":"https:\/\/roveyayinevi.com.tr\/index.php\/urun\/ben-ve-biz-postmodern-insanin-psikanalizi\/","title":{"rendered":"Ben ve Biz : Postmodern \u0130nsan\u0131n Psikanalizi"},"content":{"rendered":"<p>21. y\u00fczy\u0131lda bir karakter yap\u0131s\u0131 m\u0131 ortaya \u00e7\u0131kt\u0131? \u00dclkemizde de bir d\u00f6nem yayg\u0131n olarak okunan ve benimsenen Erich Fromm 1940&#8217;l\u0131 y\u0131llarda Bat\u0131l\u0131 toplumlara damgas\u0131n\u0131 vuran &#8220;pazarlamac\u0131 karakter&#8221;den s\u00f6z ediyordu. Fromm daha sonra &#8220;nekrofil&#8221; ve narsistik olarak adland\u0131rd\u0131\u011f\u0131 ba\u015fka karakterler de tan\u0131mlad\u0131. Onun asistan\u0131 ve edit\u00f6r\u00fc olan Rainer Funk, 21. y\u00fczy\u0131l\u0131n sosyo-ekonomik ko\u015fullar\u0131 ve \u00f6zellikle de bilgi teknolojilerinin toplumda yeni bir karakterin olu\u015fumuna yol a\u00e7t\u0131klar\u0131n\u0131 \u00f6ne s\u00fcr\u00fcyor.Fromm&#8217;un analitik sosyol psikolojisi ve toplumsal karakter kavram\u0131 \u00e7er\u00e7evesinde postmodern ben-odakl\u0131 karakter ad\u0131n\u0131 verdi\u011fi bu karakteri \u00f6teki ba\u015fl\u0131ca karakterlerle kar\u015f\u0131la\u015ft\u0131r\u0131p ay\u0131r\u0131c\u0131 \u00f6zelliklerini tan\u0131ml\u0131yor. Psikodinamik a\u00e7\u0131dan inceledi\u011fi ben-odakl\u0131l\u0131\u011f\u0131n, \u00fcretken olmayan bir ki\u015filik y\u00f6nelimi oldu\u011fu sonucuna varan Funk, postmodern insan\u0131n yabanc\u0131la\u015fm\u0131\u015f ben ya\u015fant\u0131s\u0131na \u00f6zg\u00fc savunmalar\u0131 ve bunlardan kaynaklanan \u00e7e\u015fitli patolojileri de ele al\u0131yor.Funk&#8217;un \u00e7al\u0131\u015fmas\u0131 \u00f6ncelikle &#8220;sosyal karakter&#8221; kavram\u0131 olmak \u00fczere Fromm taraf\u0131ndan ortaya at\u0131lan temel d\u00fc\u015f\u00fcnceleri geli\u015ftirmeye ve tamamlamaya y\u00f6nelik. Postmodern ben odakl\u0131 karakteri psikodinamik a\u00e7\u0131dan incelemesi ise analitik sosyal psikolojiye \u00f6nemli ve \u00f6zg\u00fcn bir katk\u0131 niteli\u011finde. <\/p>\n","protected":false},"excerpt":{"rendered":"<p>21. y\u00fczy\u0131lda bir karakter yap\u0131s\u0131 m\u0131 ortaya \u00e7\u0131kt\u0131? \u00dclkemizde de bir d\u00f6nem yayg\u0131n olarak okunan ve benimsenen Erich Fromm 1940&#8217;l\u0131 y\u0131llarda Bat\u0131l\u0131 toplumlara damgas\u0131n\u0131 vuran &#8220;pazarlamac\u0131<span class=\"excerpt-hellip\"> [\u2026]<\/span><\/p>\n","protected":false},"featured_media":0,"template":"","meta":{"_monsterinsights_skip_tracking":false,"_monsterinsights_sitenote_active":false,"_monsterinsights_sitenote_note":"","_monsterinsights_sitenote_category":0},"product_brand":[],"product_cat":[12358,12357],"product_tag":[],"class_list":{"0":"post-712792","1":"product","2":"type-product","3":"status-publish","5":"product_cat-genel-psikoloji","6":"product_cat-psikoloji","7":"pa_cilt-ciltsiz","8":"pa_tur-kitap","9":"pa_yayinevi-yapi-kredi-yayinlari","10":"pa_yazar-rainer-funk","12":"first","13":"instock","14":"sale","15":"shipping-taxable","16":"purchasable","17":"product-type-simple"},"_links":{"self":[{"href":"https:\/\/roveyayinevi.com.tr\/index.php\/wp-json\/wp\/v2\/product\/712792","targetHints":{"allow":["GET"]}}],"collection":[{"href":"https:\/\/roveyayinevi.com.tr\/index.php\/wp-json\/wp\/v2\/product"}],"about":[{"href":"https:\/\/roveyayinevi.com.tr\/index.php\/wp-json\/wp\/v2\/types\/product"}],"wp:attachment":[{"href":"https:\/\/roveyayinevi.com.tr\/index.php\/wp-json\/wp\/v2\/media?parent=712792"}],"wp:term":[{"taxonomy":"product_brand","embeddable":true,"href":"https:\/\/roveyayinevi.com.tr\/index.php\/wp-json\/wp\/v2\/product_brand?post=712792"},{"taxonomy":"product_cat","embeddable":true,"href":"https:\/\/roveyayinevi.com.tr\/index.php\/wp-json\/wp\/v2\/product_cat?post=712792"},{"taxonomy":"product_tag","embeddable":true,"href":"https:\/\/roveyayinevi.com.tr\/index.php\/wp-json\/wp\/v2\/product_tag?post=712792"}],"curies":[{"name":"wp","href":"https:\/\/api.w.org\/{rel}","templated":true}]}}