{"id":712790,"date":"2025-08-27T16:59:42","date_gmt":"2025-08-27T13:59:42","guid":{"rendered":"https:\/\/roveyayinevi.com.tr\/index.php\/urun\/su-bizim-kirilganligimiz\/"},"modified":"2026-04-16T02:21:07","modified_gmt":"2026-04-15T23:21:07","slug":"su-bizim-kirilganligimiz","status":"publish","type":"product","link":"https:\/\/roveyayinevi.com.tr\/index.php\/urun\/su-bizim-kirilganligimiz\/","title":{"rendered":"\u015eu Bizim K\u0131r\u0131lganl\u0131\u011f\u0131m\u0131z"},"content":{"rendered":"<p>\u201cta\u015fla\u015fm\u0131\u015f varl\u0131klar de\u011filiz, ba\u015fkalar\u0131yla ili\u015fki i\u00e7inde olan varolu\u015flar\u0131z\u201d \u201cK\u0131r\u0131lganl\u0131ktan ve duyarl\u0131l\u0131ktan, zay\u0131fl\u0131ktan ve istikrars\u0131zl\u0131ktan, incinebilirlikten ve sonluluktan, \u00f6zlemle arzulanan ama asla var\u0131lmayan sonsuzluk kayg\u0131s\u0131ndan soyutlanm\u0131\u015f insani bir durum nas\u0131l olabilir ki?\u201d Novara, Maggiore Hastanesi\u2019nde Psikayatri b\u00f6l\u00fcm\u00fc ba\u015fhekimi, Milano \u00dcniversitesi Sinir Hastal\u0131klar\u0131 ve Zihinsel Hastal\u0131klar Klini\u011fi\u2019nde \u00f6\u011fretim \u00fcyesi olarak hizmet veren 1930 do\u011fumlu \u0130talyan hekim ve yazar Eugenio Borgna\u2019n\u0131n daha \u00f6nce \u00e7ok ilgi g\u00f6ren Ruhun Yaln\u0131zl\u0131\u011f\u0131, Melankoli, Bekleyi\u015f ve Umut adl\u0131 kitaplar\u0131 yay\u0131mlanm\u0131\u015ft\u0131. Kitaplar\u0131nda yaln\u0131zl\u0131k, \u00f6l\u00fcm, hastal\u0131k, mutsuzluk, korku, k\u0131r\u0131lganl\u0131k, umutsuzluk \u00fczerine derinlemesine d\u00fc\u015f\u00fcnen, ruhsal sorun ve hastal\u0131klara son derece insani bir bak\u0131\u015f a\u00e7\u0131s\u0131 getiren Borgna\u2019dan yine ses getirecek bir ba\u015fka \u201cmanifesto\u201d: \u015eu Bizim K\u0131r\u0131lganl\u0131\u011f\u0131m\u0131z\u2026   TADIMLIK \u201cHastal\u0131ktan yara alm\u0131\u015f ne \u00e7ok ki\u015fi, doktorlar\u0131n kendilerine y\u00f6neltti\u011fi fazla \u015fiddet i\u00e7eren, fazla kat\u0131, insanc\u0131ll\u0131ktan yoksun s\u00f6zc\u00fckler y\u00fcz\u00fcnden y\u0131pran\u0131r. Koridorda ayak\u00fcst\u00fc s\u00f6ylenmi\u015f ya da telesekretere b\u0131rak\u0131lm\u0131\u015f bir te\u015fhis, kay\u0131ts\u0131zl\u0131k ya da endi\u015fe izlenimi uyand\u0131ran belli belirsiz bir hareket, bir soru kar\u015f\u0131s\u0131nda ka\u00e7\u0131r\u0131lan bir bak\u0131\u015f, her \u015fey ama her \u015fey kayg\u0131 ve umutsuzlu\u011fa neden olabilir. Bu nedenle de hemen anla\u015f\u0131labilecek ve yaralamayacak s\u00f6zc\u00fckler bulmak gereklidir. Bu, tedavi eden ki\u015filerin, kolay olmamakla birlikte zaruri olan g\u00f6revidir: Hastalara anla\u015f\u0131ld\u0131klar\u0131n\u0131, k\u0131r\u0131lganl\u0131klar\u0131n\u0131n ve zay\u0131fl\u0131klar\u0131n\u0131n kabul edildi\u011fini hissettiren insani ili\u015fkiler kurmal\u0131d\u0131rlar. <\/p>\n","protected":false},"excerpt":{"rendered":"<p>\u201cta\u015fla\u015fm\u0131\u015f varl\u0131klar de\u011filiz, ba\u015fkalar\u0131yla ili\u015fki i\u00e7inde olan varolu\u015flar\u0131z\u201d \u201cK\u0131r\u0131lganl\u0131ktan ve duyarl\u0131l\u0131ktan, zay\u0131fl\u0131ktan ve istikrars\u0131zl\u0131ktan, incinebilirlikten ve sonluluktan, \u00f6zlemle arzulanan ama asla var\u0131lmayan sonsuzluk kayg\u0131s\u0131ndan soyutlanm\u0131\u015f insani<span class=\"excerpt-hellip\"> [\u2026]<\/span><\/p>\n","protected":false},"featured_media":0,"template":"","meta":{"_monsterinsights_skip_tracking":false,"_monsterinsights_sitenote_active":false,"_monsterinsights_sitenote_note":"","_monsterinsights_sitenote_category":0},"product_brand":[],"product_cat":[12358,12357],"product_tag":[],"class_list":{"0":"post-712790","1":"product","2":"type-product","3":"status-publish","5":"product_cat-genel-psikoloji","6":"product_cat-psikoloji","7":"pa_cilt-ciltsiz","8":"pa_tur-kitap","9":"pa_yayinevi-yapi-kredi-yayinlari","10":"pa_yazar-eugenio-borgna","12":"first","13":"instock","14":"sale","15":"shipping-taxable","16":"purchasable","17":"product-type-simple"},"_links":{"self":[{"href":"https:\/\/roveyayinevi.com.tr\/index.php\/wp-json\/wp\/v2\/product\/712790","targetHints":{"allow":["GET"]}}],"collection":[{"href":"https:\/\/roveyayinevi.com.tr\/index.php\/wp-json\/wp\/v2\/product"}],"about":[{"href":"https:\/\/roveyayinevi.com.tr\/index.php\/wp-json\/wp\/v2\/types\/product"}],"wp:attachment":[{"href":"https:\/\/roveyayinevi.com.tr\/index.php\/wp-json\/wp\/v2\/media?parent=712790"}],"wp:term":[{"taxonomy":"product_brand","embeddable":true,"href":"https:\/\/roveyayinevi.com.tr\/index.php\/wp-json\/wp\/v2\/product_brand?post=712790"},{"taxonomy":"product_cat","embeddable":true,"href":"https:\/\/roveyayinevi.com.tr\/index.php\/wp-json\/wp\/v2\/product_cat?post=712790"},{"taxonomy":"product_tag","embeddable":true,"href":"https:\/\/roveyayinevi.com.tr\/index.php\/wp-json\/wp\/v2\/product_tag?post=712790"}],"curies":[{"name":"wp","href":"https:\/\/api.w.org\/{rel}","templated":true}]}}