{"id":712787,"date":"2025-08-27T16:59:40","date_gmt":"2025-08-27T13:59:40","guid":{"rendered":"https:\/\/roveyayinevi.com.tr\/index.php\/urun\/dunyanin-merkezine-yolculuk-kisaltilmis-metin\/"},"modified":"2026-04-16T02:21:07","modified_gmt":"2026-04-15T23:21:07","slug":"dunyanin-merkezine-yolculuk-kisaltilmis-metin","status":"publish","type":"product","link":"https:\/\/roveyayinevi.com.tr\/index.php\/urun\/dunyanin-merkezine-yolculuk-kisaltilmis-metin\/","title":{"rendered":"D\u00fcnya&#8217;n\u0131n Merkezine Yolculuk (K\u0131salt\u0131lm\u0131\u015f Metin)"},"content":{"rendered":"<p>Profes\u00f6r Lidenbrock&#8217;a acayip, garip, \u015fa\u015fk\u0131n, deli ya da \u00fc\u015f\u00fct\u00fck demek biraz haks\u0131zl\u0131k olurdu. \u015eahs\u0131na m\u00fcnhas\u0131r tan\u0131m\u0131 bu \u00fcnl\u00fc bilim adam\u0131 i\u00e7in daha uygun gibiydi. Ger\u00e7i biraz \u00e7\u0131lg\u0131n ya da tuhaf oldu\u011funu d\u00fc\u015f\u00fcnenler de vard\u0131, ama sonu\u00e7ta bu \u015fa\u015f\u0131rt\u0131c\u0131 adam d\u00f6neminin en sayg\u0131n bilimcilerinden biriydi. Do\u011fa tarihi m\u00fczesine benzeyen evinde kendisi gibi ba\u015far\u0131l\u0131 bir bilimci olan ye\u011feni Axel&#8217;le ya\u015f\u0131yordu. Axel amcas\u0131n\u0131n tersine mant\u0131kl\u0131, risk almay\u0131 sevmeyen, sakin bir delikanl\u0131yd\u0131. \u00dcniversitede g\u00fcvenli bir i\u015f ve g\u00fczel ni\u015fanl\u0131s\u0131yla evlenmekten ba\u015fka bir iste\u011fi yoktu. Ancak bir g\u00fcn sahaftan ald\u0131\u011f\u0131 eski bir kitab\u0131n i\u00e7inden \u00e7\u0131kan par\u015f\u00f6men par\u00e7as\u0131, Profes\u00f6r Lidenbrock ve ye\u011fenini nefes kesici bir maceraya s\u00fcr\u00fckleyecekti.E\u011flenceli, heyecanl\u0131, harika bir macera!.. <\/p>\n","protected":false},"excerpt":{"rendered":"<p>Profes\u00f6r Lidenbrock&#8217;a acayip, garip, \u015fa\u015fk\u0131n, deli ya da \u00fc\u015f\u00fct\u00fck demek biraz haks\u0131zl\u0131k olurdu. \u015eahs\u0131na m\u00fcnhas\u0131r tan\u0131m\u0131 bu \u00fcnl\u00fc bilim adam\u0131 i\u00e7in daha uygun gibiydi. Ger\u00e7i biraz<span class=\"excerpt-hellip\"> [\u2026]<\/span><\/p>\n","protected":false},"featured_media":0,"template":"","meta":{"_monsterinsights_skip_tracking":false,"_monsterinsights_sitenote_active":false,"_monsterinsights_sitenote_note":"","_monsterinsights_sitenote_category":0},"product_brand":[],"product_cat":[12291,13872],"product_tag":[],"class_list":{"0":"post-712787","1":"product","2":"type-product","3":"status-publish","5":"product_cat-edebiyat","6":"product_cat-klasikler","7":"pa_cilt-ciltsiz","8":"pa_tur-kitap","9":"pa_yayinevi-is-bankasi-kultur-yayinlari","10":"pa_yazar-jules-verne","12":"first","13":"instock","14":"sale","15":"shipping-taxable","16":"purchasable","17":"product-type-simple"},"_links":{"self":[{"href":"https:\/\/roveyayinevi.com.tr\/index.php\/wp-json\/wp\/v2\/product\/712787","targetHints":{"allow":["GET"]}}],"collection":[{"href":"https:\/\/roveyayinevi.com.tr\/index.php\/wp-json\/wp\/v2\/product"}],"about":[{"href":"https:\/\/roveyayinevi.com.tr\/index.php\/wp-json\/wp\/v2\/types\/product"}],"wp:attachment":[{"href":"https:\/\/roveyayinevi.com.tr\/index.php\/wp-json\/wp\/v2\/media?parent=712787"}],"wp:term":[{"taxonomy":"product_brand","embeddable":true,"href":"https:\/\/roveyayinevi.com.tr\/index.php\/wp-json\/wp\/v2\/product_brand?post=712787"},{"taxonomy":"product_cat","embeddable":true,"href":"https:\/\/roveyayinevi.com.tr\/index.php\/wp-json\/wp\/v2\/product_cat?post=712787"},{"taxonomy":"product_tag","embeddable":true,"href":"https:\/\/roveyayinevi.com.tr\/index.php\/wp-json\/wp\/v2\/product_tag?post=712787"}],"curies":[{"name":"wp","href":"https:\/\/api.w.org\/{rel}","templated":true}]}}