{"id":712783,"date":"2025-08-27T16:59:37","date_gmt":"2025-08-27T13:59:37","guid":{"rendered":"https:\/\/roveyayinevi.com.tr\/index.php\/urun\/caglar-misafirlige-gidiyor\/"},"modified":"2026-04-12T02:25:29","modified_gmt":"2026-04-11T23:25:29","slug":"caglar-misafirlige-gidiyor","status":"publish","type":"product","link":"https:\/\/roveyayinevi.com.tr\/index.php\/urun\/caglar-misafirlige-gidiyor\/","title":{"rendered":"\u00c7a\u011flar Misafirli\u011fe Gidiyor"},"content":{"rendered":"<p>Ya\u015fas\u0131n! \u00c7a\u011flar ilk kez arkada\u015f\u0131 Pelin\u2019de kalaca\u011f\u0131 i\u00e7in \u00e7ok heyecanlayd\u0131. Hemen \u00e7antas\u0131n\u0131 haz\u0131rlamaya ba\u015flad\u0131: Yan\u0131na pijamalar\u0131n\u0131, di\u015f f\u0131r\u00e7as\u0131n\u0131 ve tabii ki el fenerini de ald\u0131. Acaba \u00c7a\u011flar annesinden iyi geceler \u00f6p\u00fcc\u00fc\u011f\u00fc almadan uyuyabilecek miydi?\ufffcTan\u0131t\u0131m Metni<\/p>\n","protected":false},"excerpt":{"rendered":"<p>Ya\u015fas\u0131n! \u00c7a\u011flar ilk kez arkada\u015f\u0131 Pelin\u2019de kalaca\u011f\u0131 i\u00e7in \u00e7ok heyecanlayd\u0131. Hemen \u00e7antas\u0131n\u0131 haz\u0131rlamaya ba\u015flad\u0131: Yan\u0131na pijamalar\u0131n\u0131, di\u015f f\u0131r\u00e7as\u0131n\u0131 ve tabii ki el fenerini de ald\u0131. Acaba<span class=\"excerpt-hellip\"> [\u2026]<\/span><\/p>\n","protected":false},"featured_media":0,"template":"","meta":{"_monsterinsights_skip_tracking":false,"_monsterinsights_sitenote_active":false,"_monsterinsights_sitenote_note":"","_monsterinsights_sitenote_category":0},"product_brand":[],"product_cat":[12274,12284],"product_tag":[],"class_list":{"0":"post-712783","1":"product","2":"type-product","3":"status-publish","5":"product_cat-cocuk-ve-genclik-kitaplari","6":"product_cat-hikayeler","7":"pa_cilt-ciltsiz","8":"pa_tur-kitap","9":"pa_yayinevi-is-bankasi-kultur-yayinlari","10":"pa_yazar-christian-tielmann","12":"first","13":"instock","14":"sale","15":"shipping-taxable","16":"purchasable","17":"product-type-simple"},"_links":{"self":[{"href":"https:\/\/roveyayinevi.com.tr\/index.php\/wp-json\/wp\/v2\/product\/712783","targetHints":{"allow":["GET"]}}],"collection":[{"href":"https:\/\/roveyayinevi.com.tr\/index.php\/wp-json\/wp\/v2\/product"}],"about":[{"href":"https:\/\/roveyayinevi.com.tr\/index.php\/wp-json\/wp\/v2\/types\/product"}],"wp:attachment":[{"href":"https:\/\/roveyayinevi.com.tr\/index.php\/wp-json\/wp\/v2\/media?parent=712783"}],"wp:term":[{"taxonomy":"product_brand","embeddable":true,"href":"https:\/\/roveyayinevi.com.tr\/index.php\/wp-json\/wp\/v2\/product_brand?post=712783"},{"taxonomy":"product_cat","embeddable":true,"href":"https:\/\/roveyayinevi.com.tr\/index.php\/wp-json\/wp\/v2\/product_cat?post=712783"},{"taxonomy":"product_tag","embeddable":true,"href":"https:\/\/roveyayinevi.com.tr\/index.php\/wp-json\/wp\/v2\/product_tag?post=712783"}],"curies":[{"name":"wp","href":"https:\/\/api.w.org\/{rel}","templated":true}]}}