{"id":712782,"date":"2025-08-27T16:59:37","date_gmt":"2025-08-27T13:59:37","guid":{"rendered":"https:\/\/roveyayinevi.com.tr\/index.php\/urun\/elif-kayak-yapmayi-ogreniyor\/"},"modified":"2026-04-16T02:21:07","modified_gmt":"2026-04-15T23:21:07","slug":"elif-kayak-yapmayi-ogreniyor","status":"publish","type":"product","link":"https:\/\/roveyayinevi.com.tr\/index.php\/urun\/elif-kayak-yapmayi-ogreniyor\/","title":{"rendered":"Elif Kayak Yapmay\u0131 \u00d6\u011freniyor"},"content":{"rendered":"<p>Elif ailesiyle birlikte k\u0131\u015f tatilinde da\u011flara gidece\u011fi i\u00e7in \u00e7ok heyecanl\u0131yd\u0131. Ancak onu d\u00fc\u015f\u00fcnd\u00fcren bir \u015fey vard\u0131: Elif kayak yapmay\u0131 bilmiyordu!Neyse ki gitti\u011fi yerde bir kayak okulu vard\u0131.Elif, kayak okulunda kayak yapmay\u0131 \u00f6\u011frenmek ve yeni arkada\u015flarla tan\u0131\u015fmak i\u00e7in sab\u0131rs\u0131zlan\u0131yordu. <\/p>\n","protected":false},"excerpt":{"rendered":"<p>Elif ailesiyle birlikte k\u0131\u015f tatilinde da\u011flara gidece\u011fi i\u00e7in \u00e7ok heyecanl\u0131yd\u0131. Ancak onu d\u00fc\u015f\u00fcnd\u00fcren bir \u015fey vard\u0131: Elif kayak yapmay\u0131 bilmiyordu!Neyse ki gitti\u011fi yerde bir kayak okulu<span class=\"excerpt-hellip\"> [\u2026]<\/span><\/p>\n","protected":false},"featured_media":0,"template":"","meta":{"_monsterinsights_skip_tracking":false,"_monsterinsights_sitenote_active":false,"_monsterinsights_sitenote_note":"","_monsterinsights_sitenote_category":0},"product_brand":[],"product_cat":[12274,12284],"product_tag":[],"class_list":{"0":"post-712782","1":"product","2":"type-product","3":"status-publish","5":"product_cat-cocuk-ve-genclik-kitaplari","6":"product_cat-hikayeler","7":"pa_cilt-ciltsiz","8":"pa_tur-kitap","9":"pa_yayinevi-is-bankasi-kultur-yayinlari","10":"pa_yazar-liane-schneider","12":"first","13":"instock","14":"sale","15":"shipping-taxable","16":"purchasable","17":"product-type-simple"},"_links":{"self":[{"href":"https:\/\/roveyayinevi.com.tr\/index.php\/wp-json\/wp\/v2\/product\/712782","targetHints":{"allow":["GET"]}}],"collection":[{"href":"https:\/\/roveyayinevi.com.tr\/index.php\/wp-json\/wp\/v2\/product"}],"about":[{"href":"https:\/\/roveyayinevi.com.tr\/index.php\/wp-json\/wp\/v2\/types\/product"}],"wp:attachment":[{"href":"https:\/\/roveyayinevi.com.tr\/index.php\/wp-json\/wp\/v2\/media?parent=712782"}],"wp:term":[{"taxonomy":"product_brand","embeddable":true,"href":"https:\/\/roveyayinevi.com.tr\/index.php\/wp-json\/wp\/v2\/product_brand?post=712782"},{"taxonomy":"product_cat","embeddable":true,"href":"https:\/\/roveyayinevi.com.tr\/index.php\/wp-json\/wp\/v2\/product_cat?post=712782"},{"taxonomy":"product_tag","embeddable":true,"href":"https:\/\/roveyayinevi.com.tr\/index.php\/wp-json\/wp\/v2\/product_tag?post=712782"}],"curies":[{"name":"wp","href":"https:\/\/api.w.org\/{rel}","templated":true}]}}