{"id":712781,"date":"2025-08-27T16:59:36","date_gmt":"2025-08-27T13:59:36","guid":{"rendered":"https:\/\/roveyayinevi.com.tr\/index.php\/urun\/elif-ucaga-biniyor\/"},"modified":"2026-04-16T02:21:07","modified_gmt":"2026-04-15T23:21:07","slug":"elif-ucaga-biniyor","status":"publish","type":"product","link":"https:\/\/roveyayinevi.com.tr\/index.php\/urun\/elif-ucaga-biniyor\/","title":{"rendered":"Elif U\u00e7a\u011fa Biniyor"},"content":{"rendered":"<p>Elif annesi ve babas\u0131yla tatile gidece\u011fi i\u00e7in \u00e7ok mutluydu. Bu kez tatile u\u00e7akla gideceklerii\u00e7in de \u00e7ok heyecanl\u0131yd\u0131. \u00c7\u00fcnk\u00fc daha \u00f6nce hi\u00e7 u\u00e7a\u011fa binmemi\u015fti!Bulutlar\u0131n \u00fcst\u00fcnde u\u00e7arken afiyetle makarna yiyen Elif, babas\u0131ndan u\u00e7aklar\u0131n nas\u0131l u\u00e7tu\u011funu da \u00f6\u011frendi. \u00dcstelik u\u00e7aktan inerken pilot kabinini ziyaret etmesine de izin verildi! <\/p>\n","protected":false},"excerpt":{"rendered":"<p>Elif annesi ve babas\u0131yla tatile gidece\u011fi i\u00e7in \u00e7ok mutluydu. Bu kez tatile u\u00e7akla gideceklerii\u00e7in de \u00e7ok heyecanl\u0131yd\u0131. \u00c7\u00fcnk\u00fc daha \u00f6nce hi\u00e7 u\u00e7a\u011fa binmemi\u015fti!Bulutlar\u0131n \u00fcst\u00fcnde u\u00e7arken afiyetle<span class=\"excerpt-hellip\"> [\u2026]<\/span><\/p>\n","protected":false},"featured_media":0,"template":"","meta":{"_monsterinsights_skip_tracking":false,"_monsterinsights_sitenote_active":false,"_monsterinsights_sitenote_note":"","_monsterinsights_sitenote_category":0},"product_brand":[],"product_cat":[12274,12284],"product_tag":[],"class_list":{"0":"post-712781","1":"product","2":"type-product","3":"status-publish","5":"product_cat-cocuk-ve-genclik-kitaplari","6":"product_cat-hikayeler","7":"pa_cilt-ciltsiz","8":"pa_tur-kitap","9":"pa_yayinevi-is-bankasi-kultur-yayinlari","10":"pa_yazar-liane-schneider","12":"first","13":"instock","14":"sale","15":"shipping-taxable","16":"purchasable","17":"product-type-simple"},"_links":{"self":[{"href":"https:\/\/roveyayinevi.com.tr\/index.php\/wp-json\/wp\/v2\/product\/712781","targetHints":{"allow":["GET"]}}],"collection":[{"href":"https:\/\/roveyayinevi.com.tr\/index.php\/wp-json\/wp\/v2\/product"}],"about":[{"href":"https:\/\/roveyayinevi.com.tr\/index.php\/wp-json\/wp\/v2\/types\/product"}],"wp:attachment":[{"href":"https:\/\/roveyayinevi.com.tr\/index.php\/wp-json\/wp\/v2\/media?parent=712781"}],"wp:term":[{"taxonomy":"product_brand","embeddable":true,"href":"https:\/\/roveyayinevi.com.tr\/index.php\/wp-json\/wp\/v2\/product_brand?post=712781"},{"taxonomy":"product_cat","embeddable":true,"href":"https:\/\/roveyayinevi.com.tr\/index.php\/wp-json\/wp\/v2\/product_cat?post=712781"},{"taxonomy":"product_tag","embeddable":true,"href":"https:\/\/roveyayinevi.com.tr\/index.php\/wp-json\/wp\/v2\/product_tag?post=712781"}],"curies":[{"name":"wp","href":"https:\/\/api.w.org\/{rel}","templated":true}]}}