{"id":712780,"date":"2025-08-27T16:59:35","date_gmt":"2025-08-27T13:59:35","guid":{"rendered":"https:\/\/roveyayinevi.com.tr\/index.php\/urun\/modern-turkiyenin-gelisim-surecinde-basin-1831-1913\/"},"modified":"2026-04-16T02:21:07","modified_gmt":"2026-04-15T23:21:07","slug":"modern-turkiyenin-gelisim-surecinde-basin-1831-1913","status":"publish","type":"product","link":"https:\/\/roveyayinevi.com.tr\/index.php\/urun\/modern-turkiyenin-gelisim-surecinde-basin-1831-1913\/","title":{"rendered":"Modern T\u00fcrkiye&#8217;nin Geli\u015fim S\u00fcrecinde Bas\u0131n 1831-1913"},"content":{"rendered":"<p>\u0130nsanl\u0131\u011f\u0131n, Frans\u0131z \u0130htilali ile i\u00e7inde haber alma \u00f6zg\u00fcrl\u00fc\u011f\u00fc gibi insan haklar\u0131n\u0131 i\u00e7eren yeni bir yola girdi\u011fi a\u00e7\u0131kt\u0131r. Toplumlar\u0131, rejimleri d\u00f6n\u00fc\u015ft\u00fcren bu b\u00fcy\u00fck devrim takip eden y\u00fczy\u0131ll\u0131k s\u00fcre\u00e7te Osmanl\u0131 Devleti gibi bir\u00e7ok \u00fclkeyi derinden etkiledi. Devlet ya\u015fam\u0131n\u0131n neredeyse t\u00fcm alanlar\u0131nda g\u00f6r\u00fclen reformlar\u0131n tan\u0131\u011f\u0131 da bas\u0131n kaynaklar\u0131 oldu. \u00c7ok ge\u00e7meden sultan\u0131n \u015fehirlerinde de gazeteler bas\u0131lmaya ba\u015fland\u0131. Ya\u015fanan de\u011fi\u015fimin her y\u00f6n\u00fcyle yans\u0131d\u0131\u011f\u0131 gazetelerin T\u00fcrk topraklar\u0131ndaki maceras\u0131 ilk olarak Ahmet Emin Yalman taraf\u0131ndan anlat\u0131ld\u0131. 1831\u2019de Takvim-i Vakayi \u2019nin \u00e7\u0131k\u0131\u015f\u0131ndan 1913\u2019e kadar olan d\u00f6nemi i\u00e7eren ve Yalman\u2019\u0131n doktora tezi olarak C olumbia \u00dcniversitesi\u2019ne sundu\u011fu \u00e7al\u0131\u015fma kabul edilerek 1914 y\u0131l\u0131nda yay\u0131mland\u0131. Eser, bu alanda yaz\u0131lm\u0131\u015f ilk doktora tezlerinden biri olmas\u0131n\u0131n yan\u0131 s\u0131ra, bas\u0131n kaynaklar\u0131m\u0131zla ilgili derli toplu bir k\u00fclliyat sunuyor. Ayr\u0131ca bir T\u00fcrk ayd\u0131n\u0131n\u0131n Osmanl\u0131 Devleti\u2019nin son y\u00fczy\u0131llar\u0131na bak\u0131\u015f a\u00e7\u0131s\u0131n\u0131 ve kitapta da yer alan bir anket vas\u0131tas\u0131yla bas\u0131na g\u00f6sterilen ilgi \u00fczerinden Osmanl\u0131 toplumunun d\u00f6nemsel bir profilini sergiliyor. Modern T\u00fcrkiye\u2019nin Geli\u015fim S\u00fcrecinde Bas\u0131n, Osmanl\u0131 tarihi, toplumu, bas\u0131n\u0131 ve ayd\u0131n\u0131yla ilgili bilgi verirken, ayn\u0131 zamanda yar\u0131m asr\u0131 a\u015fk\u0131n bir s\u00fcre gazetecilik yapan Ahmet Emin Yalman\u2019\u0131n kaleminden, Osmanl\u0131 gazetecili\u011fini T\u00fcrk modernle\u015fmesi merce\u011finden ele al\u0131yor. \ufffcTan\u0131t\u0131m Metni<\/p>\n","protected":false},"excerpt":{"rendered":"<p>\u0130nsanl\u0131\u011f\u0131n, Frans\u0131z \u0130htilali ile i\u00e7inde haber alma \u00f6zg\u00fcrl\u00fc\u011f\u00fc gibi insan haklar\u0131n\u0131 i\u00e7eren yeni bir yola girdi\u011fi a\u00e7\u0131kt\u0131r. Toplumlar\u0131, rejimleri d\u00f6n\u00fc\u015ft\u00fcren bu b\u00fcy\u00fck devrim takip eden y\u00fczy\u0131ll\u0131k<span class=\"excerpt-hellip\"> [\u2026]<\/span><\/p>\n","protected":false},"featured_media":0,"template":"","meta":{"_monsterinsights_skip_tracking":false,"_monsterinsights_sitenote_active":false,"_monsterinsights_sitenote_note":"","_monsterinsights_sitenote_category":0},"product_brand":[],"product_cat":[13072,12291],"product_tag":[],"class_list":{"0":"post-712780","1":"product","2":"type-product","3":"status-publish","5":"product_cat-arastirma-inceleme-referans","6":"product_cat-edebiyat","7":"pa_cilt-ciltsiz","8":"pa_tur-kitap","9":"pa_yayinevi-is-bankasi-kultur-yayinlari","10":"pa_yazar-ahmet-emin-yalman","12":"first","13":"instock","14":"sale","15":"shipping-taxable","16":"purchasable","17":"product-type-simple"},"_links":{"self":[{"href":"https:\/\/roveyayinevi.com.tr\/index.php\/wp-json\/wp\/v2\/product\/712780","targetHints":{"allow":["GET"]}}],"collection":[{"href":"https:\/\/roveyayinevi.com.tr\/index.php\/wp-json\/wp\/v2\/product"}],"about":[{"href":"https:\/\/roveyayinevi.com.tr\/index.php\/wp-json\/wp\/v2\/types\/product"}],"wp:attachment":[{"href":"https:\/\/roveyayinevi.com.tr\/index.php\/wp-json\/wp\/v2\/media?parent=712780"}],"wp:term":[{"taxonomy":"product_brand","embeddable":true,"href":"https:\/\/roveyayinevi.com.tr\/index.php\/wp-json\/wp\/v2\/product_brand?post=712780"},{"taxonomy":"product_cat","embeddable":true,"href":"https:\/\/roveyayinevi.com.tr\/index.php\/wp-json\/wp\/v2\/product_cat?post=712780"},{"taxonomy":"product_tag","embeddable":true,"href":"https:\/\/roveyayinevi.com.tr\/index.php\/wp-json\/wp\/v2\/product_tag?post=712780"}],"curies":[{"name":"wp","href":"https:\/\/api.w.org\/{rel}","templated":true}]}}