{"id":712778,"date":"2025-08-27T16:59:34","date_gmt":"2025-08-27T13:59:34","guid":{"rendered":"https:\/\/roveyayinevi.com.tr\/index.php\/urun\/leonardonun-yahudasi\/"},"modified":"2026-04-16T02:21:07","modified_gmt":"2026-04-15T23:21:07","slug":"leonardonun-yahudasi","status":"publish","type":"product","link":"https:\/\/roveyayinevi.com.tr\/index.php\/urun\/leonardonun-yahudasi\/","title":{"rendered":"Leonardo&#8217;nun Yahuda&#8217;s\u0131"},"content":{"rendered":"<p>B\u00fcy\u00fck \u00dcstat Leonardo da Vinci\u2019nin heyecanla beklenen ba\u015fyap\u0131t\u0131 \u201cSon Ak\u015fam Yeme\u011fi\u201d yar\u0131m kalm\u0131\u015ft\u0131r. Milano\u2019daki Santa Maria delle Grazie manast\u0131r\u0131n\u0131n yemekhanesi i\u00e7in yapt\u0131\u011f\u0131 resim \u00fczerinde aylard\u0131r \u00e7al\u0131\u015famamas\u0131n\u0131n Leonardo\u2019yu y\u0131lg\u0131nl\u0131\u011fa gark eden bir nedeni vard\u0131r. \u0130sa\u2019ya ihanet eden havari Yahuda\u2019n\u0131n kafas\u0131n\u0131 resmederken esinlenece\u011fi bir model bulamam\u0131\u015ft\u0131r. Bu ama\u00e7la \u015fehirdeki en k\u00f6t\u00fc insan\u0131n pe\u015fine d\u00fc\u015fen \u00dcstat, b\u00fct\u00fcn sokaklar\u0131, meyhaneleri ve pazarlar\u0131 gece g\u00fcnd\u00fcz dola\u015f\u0131r. O s\u0131ralarda \u015fehre gelen Bohemyal\u0131 bir t\u00fcccar, eski bir borcu tahsil etme pe\u015findedir. Bir de \u015fehirde g\u00f6r\u00fcp \u00e2\u015f\u0131k oldu\u011fu bir gen\u00e7 k\u0131z\u0131 akl\u0131ndan \u00e7\u0131karamamaktad\u0131r. Leo Perutz bu s\u00fcr\u00fckleyici ve e\u011flenceli tarihi romanda, kibir, ihanet, sanat ve sanat\u00e7\u0131n\u0131n yaratma edimi gibi temalara odaklan\u0131r. \ufffcTan\u0131t\u0131m Metni<\/p>\n","protected":false},"excerpt":{"rendered":"<p>B\u00fcy\u00fck \u00dcstat Leonardo da Vinci\u2019nin heyecanla beklenen ba\u015fyap\u0131t\u0131 \u201cSon Ak\u015fam Yeme\u011fi\u201d yar\u0131m kalm\u0131\u015ft\u0131r. Milano\u2019daki Santa Maria delle Grazie manast\u0131r\u0131n\u0131n yemekhanesi i\u00e7in yapt\u0131\u011f\u0131 resim \u00fczerinde aylard\u0131r \u00e7al\u0131\u015famamas\u0131n\u0131n<span class=\"excerpt-hellip\"> [\u2026]<\/span><\/p>\n","protected":false},"featured_media":0,"template":"","meta":{"_monsterinsights_skip_tracking":false,"_monsterinsights_sitenote_active":false,"_monsterinsights_sitenote_note":"","_monsterinsights_sitenote_category":0},"product_brand":[],"product_cat":[12291,12711],"product_tag":[],"class_list":{"0":"post-712778","1":"product","2":"type-product","3":"status-publish","5":"product_cat-edebiyat","6":"product_cat-roman-oyku","7":"pa_cilt-ciltsiz","8":"pa_tur-kitap","9":"pa_yayinevi-is-bankasi-kultur-yayinlari","10":"pa_yazar-leo-perutz","12":"first","13":"instock","14":"sale","15":"shipping-taxable","16":"purchasable","17":"product-type-simple"},"_links":{"self":[{"href":"https:\/\/roveyayinevi.com.tr\/index.php\/wp-json\/wp\/v2\/product\/712778","targetHints":{"allow":["GET"]}}],"collection":[{"href":"https:\/\/roveyayinevi.com.tr\/index.php\/wp-json\/wp\/v2\/product"}],"about":[{"href":"https:\/\/roveyayinevi.com.tr\/index.php\/wp-json\/wp\/v2\/types\/product"}],"wp:attachment":[{"href":"https:\/\/roveyayinevi.com.tr\/index.php\/wp-json\/wp\/v2\/media?parent=712778"}],"wp:term":[{"taxonomy":"product_brand","embeddable":true,"href":"https:\/\/roveyayinevi.com.tr\/index.php\/wp-json\/wp\/v2\/product_brand?post=712778"},{"taxonomy":"product_cat","embeddable":true,"href":"https:\/\/roveyayinevi.com.tr\/index.php\/wp-json\/wp\/v2\/product_cat?post=712778"},{"taxonomy":"product_tag","embeddable":true,"href":"https:\/\/roveyayinevi.com.tr\/index.php\/wp-json\/wp\/v2\/product_tag?post=712778"}],"curies":[{"name":"wp","href":"https:\/\/api.w.org\/{rel}","templated":true}]}}