{"id":712775,"date":"2025-08-27T16:59:32","date_gmt":"2025-08-27T13:59:32","guid":{"rendered":"https:\/\/roveyayinevi.com.tr\/index.php\/urun\/soguk-savas\/"},"modified":"2025-11-09T04:38:23","modified_gmt":"2025-11-09T01:38:23","slug":"soguk-savas","status":"publish","type":"product","link":"https:\/\/roveyayinevi.com.tr\/index.php\/urun\/soguk-savas\/","title":{"rendered":"So\u011fuk Sava\u015f"},"content":{"rendered":"<p>So\u011fuk Sava\u015f, II. D\u00fcnya Sava\u015f\u0131&#8217;n\u0131n sona ermesiyle ABD ile SSCB aras\u0131nda ya\u015fanan siyasi \u00e7eki\u015fmeyi bir\u00e7ok y\u00f6n\u00fcyle ele al\u0131yor. \u0130ki s\u00fcper g\u00fcc\u00fcn stratejik konumdaki \u00fclkeleri yanlar\u0131na \u00e7ekmeye \u00e7al\u0131\u015fmas\u0131yla Asya&#8217;dan G\u00fcney Amerika&#8217;ya yay\u0131lan m\u00fccadelede t\u00fcm d\u00fcnyada n\u00fcfuz alanlar\u0131 de\u011fi\u015fti. Tarih profes\u00f6r\u00fc John Lewis Gaddis, II. D\u00fcnya Sava\u015f\u0131&#8217;ndan sonra g\u00fc\u00e7 dengesinin olu\u015fmas\u0131n\u0131 ve s\u00fcper g\u00fc\u00e7lerin m\u00fccadelesi sonucunda bir\u00e7ok \u00fclkede ya\u015fanan d\u00f6n\u00fc\u015f\u00fcm s\u00fcrecini \u00e7\u00f6z\u00fcmleyici bir bak\u0131\u015f a\u00e7\u0131s\u0131yla anlat\u0131yor. Olaylar\u0131n yan\u0131nda olgular\u0131 ve tutumlar\u0131 da tart\u0131\u015fan kitap, uluslararas\u0131 ili\u015fkilerde g\u00fcd\u00fcm\u00fcn oynad\u0131\u011f\u0131 rol\u00fc, daha sonra kom\u00fcnist rejimlerin \u00e7\u00f6k\u00fc\u015f\u00fcn\u00fc ve \u00f6zerkli\u011fin do\u011fu\u015funu irdeliyor. John Lewis Gaddis&#8217;in So\u011fuk Sava\u015f&#8217;\u0131, d\u00fcnyan\u0131n n\u00fckleer sava\u015f\u0131n e\u015fi\u011finden d\u00f6nmesi, Marshall Plan\u0131 ve T\u00fcrkiye&#8217;nin d\u0131\u015f siyasetine etkisi gibi, yak\u0131n tarihin \u00f6nemli s\u00fcre\u00e7lerini a\u00e7\u0131klayan kapsaml\u0131 bir \u00e7al\u0131\u015fma. \ufffcTan\u0131t\u0131m Metni<\/p>\n","protected":false},"excerpt":{"rendered":"<p>So\u011fuk Sava\u015f, II. D\u00fcnya Sava\u015f\u0131&#8217;n\u0131n sona ermesiyle ABD ile SSCB aras\u0131nda ya\u015fanan siyasi \u00e7eki\u015fmeyi bir\u00e7ok y\u00f6n\u00fcyle ele al\u0131yor. \u0130ki s\u00fcper g\u00fcc\u00fcn stratejik konumdaki \u00fclkeleri yanlar\u0131na \u00e7ekmeye<span class=\"excerpt-hellip\"> [\u2026]<\/span><\/p>\n","protected":false},"featured_media":0,"template":"","meta":{"_monsterinsights_skip_tracking":false,"_monsterinsights_sitenote_active":false,"_monsterinsights_sitenote_note":"","_monsterinsights_sitenote_category":0},"product_brand":[],"product_cat":[12338,12337],"product_tag":[],"class_list":{"0":"post-712775","1":"product","2":"type-product","3":"status-publish","5":"product_cat-dunya-siyaseti-ve-politikasi","6":"product_cat-politika-siyaset","7":"pa_cilt-ciltsiz","8":"pa_tur-kitap","9":"pa_yayinevi-yapi-kredi-yayinlari","10":"pa_yazar-john-lewis-gaddis","12":"first","13":"instock","14":"sale","15":"shipping-taxable","16":"purchasable","17":"product-type-simple"},"_links":{"self":[{"href":"https:\/\/roveyayinevi.com.tr\/index.php\/wp-json\/wp\/v2\/product\/712775","targetHints":{"allow":["GET"]}}],"collection":[{"href":"https:\/\/roveyayinevi.com.tr\/index.php\/wp-json\/wp\/v2\/product"}],"about":[{"href":"https:\/\/roveyayinevi.com.tr\/index.php\/wp-json\/wp\/v2\/types\/product"}],"wp:attachment":[{"href":"https:\/\/roveyayinevi.com.tr\/index.php\/wp-json\/wp\/v2\/media?parent=712775"}],"wp:term":[{"taxonomy":"product_brand","embeddable":true,"href":"https:\/\/roveyayinevi.com.tr\/index.php\/wp-json\/wp\/v2\/product_brand?post=712775"},{"taxonomy":"product_cat","embeddable":true,"href":"https:\/\/roveyayinevi.com.tr\/index.php\/wp-json\/wp\/v2\/product_cat?post=712775"},{"taxonomy":"product_tag","embeddable":true,"href":"https:\/\/roveyayinevi.com.tr\/index.php\/wp-json\/wp\/v2\/product_tag?post=712775"}],"curies":[{"name":"wp","href":"https:\/\/api.w.org\/{rel}","templated":true}]}}