{"id":712774,"date":"2025-08-27T16:59:32","date_gmt":"2025-08-27T13:59:32","guid":{"rendered":"https:\/\/roveyayinevi.com.tr\/index.php\/urun\/islamda-resim-yasagi-ve-sonuclari\/"},"modified":"2025-11-22T04:34:50","modified_gmt":"2025-11-22T01:34:50","slug":"islamda-resim-yasagi-ve-sonuclari","status":"publish","type":"product","link":"https:\/\/roveyayinevi.com.tr\/index.php\/urun\/islamda-resim-yasagi-ve-sonuclari\/","title":{"rendered":"\u0130slamda Resim Yasa\u011f\u0131 ve Sonu\u00e7lar\u0131"},"content":{"rendered":"<p>\u0130sl\u00e2m Sanat\u0131 \u00fczerine T\u00fcrk\u00e7e yaz\u0131lm\u0131\u015f ilk kaynaklardan biri olan bu kitap, h\u00e2l\u00e2 tart\u0131\u015f\u0131lmakta olan pek \u00e7ok konuya \u0131\u015f\u0131k tutuyor. \u0130slam Sanat\u0131 i\u00e7inde kendine \u00f6zg\u00fc bir yeri olan resmin do\u011fu\u015fu, geli\u015fimi, ba\u015fka ekolleri ve soyut\u00e7ulu\u011fu etraf\u0131nda \u00f6zl\u00fc bilgiler veren kitap, Bat\u0131\u2019n\u0131n ve Do\u011fu\u2019nun resim anlay\u0131\u015f\u0131ndaki ihtilaf\u0131 iki medeniyetin d\u00fcnya g\u00f6r\u00fc\u015flerine ba\u011fl\u0131yor.<\/p>\n","protected":false},"excerpt":{"rendered":"<p>\u0130sl\u00e2m Sanat\u0131 \u00fczerine T\u00fcrk\u00e7e yaz\u0131lm\u0131\u015f ilk kaynaklardan biri olan bu kitap, h\u00e2l\u00e2 tart\u0131\u015f\u0131lmakta olan pek \u00e7ok konuya \u0131\u015f\u0131k tutuyor. \u0130slam Sanat\u0131 i\u00e7inde kendine \u00f6zg\u00fc bir yeri<span class=\"excerpt-hellip\"> [\u2026]<\/span><\/p>\n","protected":false},"featured_media":0,"template":"","meta":{"_monsterinsights_skip_tracking":false,"_monsterinsights_sitenote_active":false,"_monsterinsights_sitenote_note":"","_monsterinsights_sitenote_category":0},"product_brand":[],"product_cat":[12718,12719],"product_tag":[],"class_list":{"0":"post-712774","1":"product","2":"type-product","3":"status-publish","5":"product_cat-din","6":"product_cat-islam","7":"pa_cilt-ciltsiz","8":"pa_tur-kitap","9":"pa_yayinevi-yapi-kredi-yayinlari","10":"pa_yazar-mazhar-sevket-ipsiroglu","12":"first","13":"instock","14":"sale","15":"shipping-taxable","16":"purchasable","17":"product-type-simple"},"_links":{"self":[{"href":"https:\/\/roveyayinevi.com.tr\/index.php\/wp-json\/wp\/v2\/product\/712774","targetHints":{"allow":["GET"]}}],"collection":[{"href":"https:\/\/roveyayinevi.com.tr\/index.php\/wp-json\/wp\/v2\/product"}],"about":[{"href":"https:\/\/roveyayinevi.com.tr\/index.php\/wp-json\/wp\/v2\/types\/product"}],"wp:attachment":[{"href":"https:\/\/roveyayinevi.com.tr\/index.php\/wp-json\/wp\/v2\/media?parent=712774"}],"wp:term":[{"taxonomy":"product_brand","embeddable":true,"href":"https:\/\/roveyayinevi.com.tr\/index.php\/wp-json\/wp\/v2\/product_brand?post=712774"},{"taxonomy":"product_cat","embeddable":true,"href":"https:\/\/roveyayinevi.com.tr\/index.php\/wp-json\/wp\/v2\/product_cat?post=712774"},{"taxonomy":"product_tag","embeddable":true,"href":"https:\/\/roveyayinevi.com.tr\/index.php\/wp-json\/wp\/v2\/product_tag?post=712774"}],"curies":[{"name":"wp","href":"https:\/\/api.w.org\/{rel}","templated":true}]}}