{"id":712773,"date":"2025-08-27T16:59:31","date_gmt":"2025-08-27T13:59:31","guid":{"rendered":"https:\/\/roveyayinevi.com.tr\/index.php\/urun\/toplumu-aciklamak-sosyal-bilimlerde-elestirel-realizm\/"},"modified":"2026-04-16T02:21:07","modified_gmt":"2026-04-15T23:21:07","slug":"toplumu-aciklamak-sosyal-bilimlerde-elestirel-realizm","status":"publish","type":"product","link":"https:\/\/roveyayinevi.com.tr\/index.php\/urun\/toplumu-aciklamak-sosyal-bilimlerde-elestirel-realizm\/","title":{"rendered":"Toplumu A\u00e7\u0131klamak Sosyal Bilimlerde Ele\u015ftirel Realizm"},"content":{"rendered":"<p>Ele\u015ftirel realist bir sosyal bilim yakla\u015f\u0131m\u0131n\u0131n baz\u0131 metodolojik i\u00e7erimlerini tart\u0131\u015fmay\u0131 hedefleyen bu kitapta ele\u015ftirel realizmin baz\u0131 temel ontolojik ve epistemolojik iddialar\u0131 ele al\u0131nmakta ve bu iddialar\u0131n toplumsal olgular\u0131n ara\u015ft\u0131r\u0131lmas\u0131 a\u00e7\u0131s\u0131ndan i\u00e7erimleri g\u00f6sterilmeye \u00e7al\u0131\u015f\u0131lmaktad\u0131r. \u0130lk olarak y\u00f6ntem se\u00e7imini ve kullan\u0131lmas\u0131n\u0131 hangi temel ontolojik ko\u015fullar\u0131n bi\u00e7imlendirmesi gerekti\u011fi, ikinci olarak somut bir ara\u015ft\u0131rmada hangi ara\u00e7lara ba\u015fvurulabilece\u011fi ve \u00fc\u00e7\u00fcnc\u00fc olarak bu t\u00fcrden bir ara\u015ft\u0131rmada farkl\u0131 empirik s\u00fcre\u00e7lerin farkl\u0131 gerekleri nas\u0131l kar\u015f\u0131lad\u0131klar\u0131 ortaya konulmaktad\u0131r. Elinizdeki kitap ele\u015ftirel realizme bir giri\u015f ve sosyal bilimlerdeki ara\u015ft\u0131rmalar a\u00e7\u0131s\u0131ndan i\u00e7erimleri \u00fczerine bir inceleme oldu\u011fu i\u00e7in, hedef okuyucular\u0131 lisans ve lisans\u00fcst\u00fc \u00f6\u011frenciler olsa da, ayr\u0131ca sosyal bilimlerdeki ara\u015ft\u0131rmac\u0131lara ula\u015fmay\u0131 hedeflemektedir. <\/p>\n","protected":false},"excerpt":{"rendered":"<p>Ele\u015ftirel realist bir sosyal bilim yakla\u015f\u0131m\u0131n\u0131n baz\u0131 metodolojik i\u00e7erimlerini tart\u0131\u015fmay\u0131 hedefleyen bu kitapta ele\u015ftirel realizmin baz\u0131 temel ontolojik ve epistemolojik iddialar\u0131 ele al\u0131nmakta ve bu iddialar\u0131n<span class=\"excerpt-hellip\"> [\u2026]<\/span><\/p>\n","protected":false},"featured_media":0,"template":"","meta":{"_monsterinsights_skip_tracking":false,"_monsterinsights_sitenote_active":false,"_monsterinsights_sitenote_note":"","_monsterinsights_sitenote_category":0},"product_brand":[],"product_cat":[12835,12324],"product_tag":[],"class_list":{"0":"post-712773","1":"product","2":"type-product","3":"status-publish","5":"product_cat-genel-sosyoloji","6":"product_cat-sosyoloji","7":"pa_cilt-ciltsiz","8":"pa_tur-kitap","9":"pa_yayinevi-phoenix-yayinevi","10":"pa_yazar-berth-danermark","12":"first","13":"instock","14":"sale","15":"shipping-taxable","16":"purchasable","17":"product-type-simple"},"_links":{"self":[{"href":"https:\/\/roveyayinevi.com.tr\/index.php\/wp-json\/wp\/v2\/product\/712773","targetHints":{"allow":["GET"]}}],"collection":[{"href":"https:\/\/roveyayinevi.com.tr\/index.php\/wp-json\/wp\/v2\/product"}],"about":[{"href":"https:\/\/roveyayinevi.com.tr\/index.php\/wp-json\/wp\/v2\/types\/product"}],"wp:attachment":[{"href":"https:\/\/roveyayinevi.com.tr\/index.php\/wp-json\/wp\/v2\/media?parent=712773"}],"wp:term":[{"taxonomy":"product_brand","embeddable":true,"href":"https:\/\/roveyayinevi.com.tr\/index.php\/wp-json\/wp\/v2\/product_brand?post=712773"},{"taxonomy":"product_cat","embeddable":true,"href":"https:\/\/roveyayinevi.com.tr\/index.php\/wp-json\/wp\/v2\/product_cat?post=712773"},{"taxonomy":"product_tag","embeddable":true,"href":"https:\/\/roveyayinevi.com.tr\/index.php\/wp-json\/wp\/v2\/product_tag?post=712773"}],"curies":[{"name":"wp","href":"https:\/\/api.w.org\/{rel}","templated":true}]}}