{"id":712772,"date":"2025-08-27T16:59:31","date_gmt":"2025-08-27T13:59:31","guid":{"rendered":"https:\/\/roveyayinevi.com.tr\/index.php\/urun\/hur-yasadim-hur-yasarim\/"},"modified":"2026-04-16T02:21:07","modified_gmt":"2026-04-15T23:21:07","slug":"hur-yasadim-hur-yasarim","status":"publish","type":"product","link":"https:\/\/roveyayinevi.com.tr\/index.php\/urun\/hur-yasadim-hur-yasarim\/","title":{"rendered":"H\u00fcr Ya\u015fad\u0131m H\u00fcr Ya\u015far\u0131m"},"content":{"rendered":"<p>Fatih Bayhan, Milli M\u00fccadele\u2019nin en \u00f6nemli metni olarak de\u011ferlendirilen \u0130stikl\u00e2l Mar\u015f\u0131\u2019n\u0131n hik\u00e2yesini anlat\u0131yor. Yazar \u2018kahraman ordu\u2019 i\u00e7in kaleme al\u0131nan \u015fiirin mar\u015f olma s\u00fcrecini b\u00fct\u00fcn detaylar\u0131yla bu \u00e7al\u0131\u015fmas\u0131nda bir araya getiriyor.* Osmanl\u0131\u2019n\u0131n \u2018mill\u00ee mar\u015f\u2019lar\u0131 nelerdi?* Hangi t\u00fcrk\u00fcler mar\u015f yerine okundu?* \u0130stikl\u00e2l Mar\u015f\u0131 yar\u0131\u015fmas\u0131na Mehmet \u00c2kif d\u0131\u015f\u0131nda hangi edebiyat\u00e7\u0131lar kat\u0131ld\u0131?* Mustafa Kemal Atat\u00fcrk\u2019\u00fcn \u0130stikl\u00e2l Mar\u015f\u0131\u2019na bak\u0131\u015f\u0131 nas\u0131ld\u0131?* \u00c2kif, \u015fiirini heyete neden imzas\u0131z olarak teslim etti?* \u015eair, \u0130stikl\u00e2l Mar\u015f\u0131\u2019n\u0131 Safahat\u2019a neden koymad\u0131?Bu kitap, hem \u0130stiklal Mar\u015f\u0131 hem \u015fairine hem de T\u00fcrk milletine bir sayg\u0131 duru\u015funda bulunuyor. <\/p>\n","protected":false},"excerpt":{"rendered":"<p>Fatih Bayhan, Milli M\u00fccadele\u2019nin en \u00f6nemli metni olarak de\u011ferlendirilen \u0130stikl\u00e2l Mar\u015f\u0131\u2019n\u0131n hik\u00e2yesini anlat\u0131yor. Yazar \u2018kahraman ordu\u2019 i\u00e7in kaleme al\u0131nan \u015fiirin mar\u015f olma s\u00fcrecini b\u00fct\u00fcn detaylar\u0131yla bu<span class=\"excerpt-hellip\"> [\u2026]<\/span><\/p>\n","protected":false},"featured_media":0,"template":"","meta":{"_monsterinsights_skip_tracking":false,"_monsterinsights_sitenote_active":false,"_monsterinsights_sitenote_note":"","_monsterinsights_sitenote_category":0},"product_brand":[],"product_cat":[12370,12304],"product_tag":[],"class_list":{"0":"post-712772","1":"product","2":"type-product","3":"status-publish","5":"product_cat-arastirma-inceleme","6":"product_cat-tarih","7":"pa_cilt-ciltsiz","8":"pa_tur-kitap","9":"pa_yayinevi-timas-yayinlari","10":"pa_yazar-fatih-bayhan","12":"first","13":"instock","14":"sale","15":"shipping-taxable","16":"purchasable","17":"product-type-simple"},"_links":{"self":[{"href":"https:\/\/roveyayinevi.com.tr\/index.php\/wp-json\/wp\/v2\/product\/712772","targetHints":{"allow":["GET"]}}],"collection":[{"href":"https:\/\/roveyayinevi.com.tr\/index.php\/wp-json\/wp\/v2\/product"}],"about":[{"href":"https:\/\/roveyayinevi.com.tr\/index.php\/wp-json\/wp\/v2\/types\/product"}],"wp:attachment":[{"href":"https:\/\/roveyayinevi.com.tr\/index.php\/wp-json\/wp\/v2\/media?parent=712772"}],"wp:term":[{"taxonomy":"product_brand","embeddable":true,"href":"https:\/\/roveyayinevi.com.tr\/index.php\/wp-json\/wp\/v2\/product_brand?post=712772"},{"taxonomy":"product_cat","embeddable":true,"href":"https:\/\/roveyayinevi.com.tr\/index.php\/wp-json\/wp\/v2\/product_cat?post=712772"},{"taxonomy":"product_tag","embeddable":true,"href":"https:\/\/roveyayinevi.com.tr\/index.php\/wp-json\/wp\/v2\/product_tag?post=712772"}],"curies":[{"name":"wp","href":"https:\/\/api.w.org\/{rel}","templated":true}]}}