{"id":712771,"date":"2025-08-27T16:59:31","date_gmt":"2025-08-27T13:59:31","guid":{"rendered":"https:\/\/roveyayinevi.com.tr\/index.php\/urun\/olum-siyaseti-cihatci-ust-muslumanlar\/"},"modified":"2026-04-16T02:21:07","modified_gmt":"2026-04-15T23:21:07","slug":"olum-siyaseti-cihatci-ust-muslumanlar","status":"publish","type":"product","link":"https:\/\/roveyayinevi.com.tr\/index.php\/urun\/olum-siyaseti-cihatci-ust-muslumanlar\/","title":{"rendered":"\u00d6l\u00fcm Siyaseti Cihat\u00e7\u0131 &#8221;\u00dcst-M\u00fcsl\u00fcmanlar&#8221;"},"content":{"rendered":"<p>Fethi Benslama, bu ses getiren \u00e7al\u0131\u015fmas\u0131nda, radikalle\u015fmeye psikoloji, psikanaliz ve tarihsel analizin verileriyle yakla\u015f\u0131yor. \u00d6l\u00fcm Siyaseti: Cihat\u00e7\u0131 \u201c\u00dcst-M\u00fcsl\u00fcmanlar\u201d, gen\u00e7leri cihat ad\u0131na \u00f6l\u00fcme ve \u00f6ld\u00fcrmeye s\u00fcr\u00fckleyen s\u00fcre\u00e7leri ele al\u0131rken, din-siyaset ili\u015fkisine de\u011finerek, halifeli\u011fin kald\u0131r\u0131lmas\u0131n\u0131n yaratt\u0131\u011f\u0131 b\u00fcy\u00fck travman\u0131n ertesinde \u0130sl\u00e2m\u2019\u0131n bir siyaset ideali olarak da\u011f\u0131l\u0131\u015f\u0131na de\u011finiyor. Yazar, d\u00fc\u015fman olarak g\u00f6r\u00fclen Bat\u0131\u2019yla kar\u015f\u0131la\u015fman\u0131n yaratt\u0131\u011f\u0131 k\u0131r\u0131lmayla birlikte, \u201cdaha \u00e7ok\u201d M\u00fcsl\u00fcman olma, bir \u201c\u00dcst-M\u00fcsl\u00fcman\u201d olma yar\u0131\u015f\u0131n\u0131n ortaya \u00e7\u0131k\u0131\u015f\u0131n\u0131 ve sonu\u00e7lar\u0131n\u0131 somut \u00f6rnekler \u0131\u015f\u0131\u011f\u0131nda inceliyor.Benslama\u2019ya g\u00f6re, k\u00fcresel cihat \u00e7a\u011f\u0131nda art\u0131k al\u00e7akg\u00f6n\u00fcll\u00fc, d\u00fcnyadan el ayak \u00e7ekmi\u015f, tevazuyu \u00f6\u011f\u00fctleyen \u0130sl\u00e2m de\u011fil; kibirli, M\u00fcsl\u00fcmanl\u0131\u011f\u0131n\u0131 sergilemekten ve dayatmaktan haz duyan, nefret y\u00fckl\u00fc bir g\u00fc\u00e7 g\u00f6sterisi i\u00e7inde Allah\u2019\u0131 kendine ba\u011f\u0131ml\u0131 k\u0131l\u0131p, onu tekeline alan bir cihat\u00e7\u0131 \u00f6zne ba\u015frolde ve bu belki de \u0130sl\u00e2m\u2019\u0131n kar\u015f\u0131la\u015ft\u0131\u011f\u0131 en b\u00fcy\u00fck tehlike.\u201cGeleneksel \u0130sl\u00e2m\u2019da, \u015fehit, \u00f6lmeyi arzulamadan \u00f6l\u00fcm\u00fc kar\u015f\u0131s\u0131nda bulan bir sava\u015f\u00e7\u0131d\u0131r. \u00d6l\u00fcm\u00fc ba\u015fka sava\u015f\u00e7\u0131larla m\u00fccadelesinin do\u011fas\u0131nda olan bir tehlike olarak kabul eder ama ya\u015famak ister: \u00d6l\u00fcrse, fazladan bir \u00f6d\u00fcl al\u0131r. \u0130sl\u00e2mc\u0131l\u0131\u011f\u0131n yeni \u015fehidi i\u00e7inse, \u00f6l\u00fcm m\u00fccadele s\u0131ras\u0131nda ger\u00e7ekle\u015febilecek bir \u015fey de\u011fil, m\u00fccadelenin ere\u011fidir. \u00d6lmektir zafer.\u201d <\/p>\n","protected":false},"excerpt":{"rendered":"<p>Fethi Benslama, bu ses getiren \u00e7al\u0131\u015fmas\u0131nda, radikalle\u015fmeye psikoloji, psikanaliz ve tarihsel analizin verileriyle yakla\u015f\u0131yor. \u00d6l\u00fcm Siyaseti: Cihat\u00e7\u0131 \u201c\u00dcst-M\u00fcsl\u00fcmanlar\u201d, gen\u00e7leri cihat ad\u0131na \u00f6l\u00fcme ve \u00f6ld\u00fcrmeye s\u00fcr\u00fckleyen s\u00fcre\u00e7leri<span class=\"excerpt-hellip\"> [\u2026]<\/span><\/p>\n","protected":false},"featured_media":0,"template":"","meta":{"_monsterinsights_skip_tracking":false,"_monsterinsights_sitenote_active":false,"_monsterinsights_sitenote_note":"","_monsterinsights_sitenote_category":0},"product_brand":[],"product_cat":[31194,12337],"product_tag":[],"class_list":{"0":"post-712771","1":"product","2":"type-product","3":"status-publish","5":"product_cat-guncel-siyaset","6":"product_cat-politika-siyaset","7":"pa_cilt-ciltsiz","8":"pa_tur-kitap","9":"pa_yayinevi-iletisim-yayinlari","10":"pa_yazar-fethi-benslama","12":"first","13":"instock","14":"sale","15":"shipping-taxable","16":"purchasable","17":"product-type-simple"},"_links":{"self":[{"href":"https:\/\/roveyayinevi.com.tr\/index.php\/wp-json\/wp\/v2\/product\/712771","targetHints":{"allow":["GET"]}}],"collection":[{"href":"https:\/\/roveyayinevi.com.tr\/index.php\/wp-json\/wp\/v2\/product"}],"about":[{"href":"https:\/\/roveyayinevi.com.tr\/index.php\/wp-json\/wp\/v2\/types\/product"}],"wp:attachment":[{"href":"https:\/\/roveyayinevi.com.tr\/index.php\/wp-json\/wp\/v2\/media?parent=712771"}],"wp:term":[{"taxonomy":"product_brand","embeddable":true,"href":"https:\/\/roveyayinevi.com.tr\/index.php\/wp-json\/wp\/v2\/product_brand?post=712771"},{"taxonomy":"product_cat","embeddable":true,"href":"https:\/\/roveyayinevi.com.tr\/index.php\/wp-json\/wp\/v2\/product_cat?post=712771"},{"taxonomy":"product_tag","embeddable":true,"href":"https:\/\/roveyayinevi.com.tr\/index.php\/wp-json\/wp\/v2\/product_tag?post=712771"}],"curies":[{"name":"wp","href":"https:\/\/api.w.org\/{rel}","templated":true}]}}