{"id":712769,"date":"2025-08-27T16:59:29","date_gmt":"2025-08-27T13:59:29","guid":{"rendered":"https:\/\/roveyayinevi.com.tr\/index.php\/urun\/dunyadan-asagi\/"},"modified":"2026-02-03T02:33:45","modified_gmt":"2026-02-02T23:33:45","slug":"dunyadan-asagi","status":"publish","type":"product","link":"https:\/\/roveyayinevi.com.tr\/index.php\/urun\/dunyadan-asagi\/","title":{"rendered":"D\u00fcnyadan A\u015fa\u011f\u0131"},"content":{"rendered":"<p>\u201c\u00d6n\u00fcmde belki bir dakika var, belki bin dakika.Belki bir g\u00fcn var, belki bin g\u00fcn&#8230; Geride ise y\u00fczlerce hatayla, \u00e7ok eksiklerle, dile gelmemi\u015f su\u00e7larla, telafi edilmemi\u015f ihmallerle dolu bir hayat. Hangisini, ne ara d\u00fczeltece\u011fim? Nereden ba\u015flayaca\u011f\u0131m kendi cennetimin yolunu d\u00f6\u015femeye? Zamanla yar\u0131\u015ftan galip \u00e7\u0131kan var m\u0131d\u0131r? Kader, insan\u0131n ba\u015f\u0131na gelen de\u011fil midir? Bu sonsuz ihtimalli d\u00fcnyada, Allah kat\u0131nda m\u00fckemmel bir d\u00fczenek kurmak m\u00fcmk\u00fcn m\u00fcd\u00fcr? \u00c7ok zor&#8230; \u0130\u015fim \u00e7ok zor. En iyisi, \u00e7ekyatta derin bir uyku.\u201dK\u0131p\u0131rt\u0131lar, yan\u0131lg\u0131lar, yalanlar. Hali\u00e7\u2019te olmayan dalgalar. Tek tek d\u00fc\u015fen harfler. D\u00f6ke sa\u00e7a, d\u00f6ne d\u00f6ne da\u011f\u0131lan Hilmi Ayd\u0131n. \u0130nsan dedi\u011fin&#8230; Yaral\u0131 bir hayvand\u0131r zaten.D\u00fcnyadan A\u015fa\u011f\u0131, babalar ve o\u011fullar\u0131, sesleri ve susu\u015flar\u0131, riyak\u00e2rl\u0131\u011f\u0131, \u015fimdiyi ve ge\u00e7mi\u015fi, parantezin i\u00e7ini anlat\u0131yor.Ka\u00e7 yalan bir cehennem eder?Gaye Boral\u0131o\u011flu, su gibi akan berrak bir dille, seneler sonra dahi konu\u015fulacak yeni bir roman karakteri resmediyor, s\u0131rad\u0131\u015f\u0131 ve yan\u0131ba\u015f\u0131m\u0131zda <\/p>\n","protected":false},"excerpt":{"rendered":"<p>\u201c\u00d6n\u00fcmde belki bir dakika var, belki bin dakika.Belki bir g\u00fcn var, belki bin g\u00fcn&#8230; Geride ise y\u00fczlerce hatayla, \u00e7ok eksiklerle, dile gelmemi\u015f su\u00e7larla, telafi edilmemi\u015f ihmallerle<span class=\"excerpt-hellip\"> [\u2026]<\/span><\/p>\n","protected":false},"featured_media":0,"template":"","meta":{"_monsterinsights_skip_tracking":false,"_monsterinsights_sitenote_active":false,"_monsterinsights_sitenote_note":"","_monsterinsights_sitenote_category":0},"product_brand":[],"product_cat":[12291,12711],"product_tag":[],"class_list":{"0":"post-712769","1":"product","2":"type-product","3":"status-publish","5":"product_cat-edebiyat","6":"product_cat-roman-oyku","7":"pa_cilt-ciltsiz","8":"pa_tur-kitap","9":"pa_yayinevi-iletisim-yayinlari","10":"pa_yazar-gaye-boralioglu","12":"first","13":"instock","14":"sale","15":"shipping-taxable","16":"purchasable","17":"product-type-simple"},"_links":{"self":[{"href":"https:\/\/roveyayinevi.com.tr\/index.php\/wp-json\/wp\/v2\/product\/712769","targetHints":{"allow":["GET"]}}],"collection":[{"href":"https:\/\/roveyayinevi.com.tr\/index.php\/wp-json\/wp\/v2\/product"}],"about":[{"href":"https:\/\/roveyayinevi.com.tr\/index.php\/wp-json\/wp\/v2\/types\/product"}],"wp:attachment":[{"href":"https:\/\/roveyayinevi.com.tr\/index.php\/wp-json\/wp\/v2\/media?parent=712769"}],"wp:term":[{"taxonomy":"product_brand","embeddable":true,"href":"https:\/\/roveyayinevi.com.tr\/index.php\/wp-json\/wp\/v2\/product_brand?post=712769"},{"taxonomy":"product_cat","embeddable":true,"href":"https:\/\/roveyayinevi.com.tr\/index.php\/wp-json\/wp\/v2\/product_cat?post=712769"},{"taxonomy":"product_tag","embeddable":true,"href":"https:\/\/roveyayinevi.com.tr\/index.php\/wp-json\/wp\/v2\/product_tag?post=712769"}],"curies":[{"name":"wp","href":"https:\/\/api.w.org\/{rel}","templated":true}]}}