{"id":712768,"date":"2025-08-27T16:59:29","date_gmt":"2025-08-27T13:59:29","guid":{"rendered":"https:\/\/roveyayinevi.com.tr\/index.php\/urun\/hedef\/"},"modified":"2026-04-16T02:21:07","modified_gmt":"2026-04-15T23:21:07","slug":"hedef","status":"publish","type":"product","link":"https:\/\/roveyayinevi.com.tr\/index.php\/urun\/hedef\/","title":{"rendered":"Hedef"},"content":{"rendered":"<p>Sabrina hedeflerine ula\u015fmakta iyiydi\u2026 \u00dcniversitenin son senesinde olan Sabrina James t\u00fcm gelece\u011fini planlam\u0131\u015ft\u0131: Mezun olacak, hukuk okulunun can\u0131na okuyacak ve amans\u0131z bir hukuk firmas\u0131nda y\u00fcksek maa\u015fl\u0131 bir i\u015fe girecekti. \u015e\u00fcphesiz ki, ilk g\u00f6r\u00fc\u015fte a\u015fka inanan yak\u0131\u015f\u0131kl\u0131 hokey oyuncusu, onun utan\u00e7 duydu\u011fu ge\u00e7mi\u015finden ka\u00e7\u0131\u015f planlar\u0131n\u0131n bir par\u00e7as\u0131 de\u011fildi. Sabrina\u2019n\u0131n John Tucker\u2019a tek verebilece\u011fi ate\u015fli bir geceydi, fakat bazen t\u00fcm hayat\u0131n\u0131n de\u011fi\u015fmesi i\u00e7in bir gece yeterliydi. Fakat oyun daha da karma\u015f\u0131k hale gelecekti\u2026 Tucker y\u0131ld\u0131z oyuncu olmak kadar tak\u0131m\u0131n bir par\u00e7as\u0131 olman\u0131n da \u00f6neminin fark\u0131ndayd\u0131. Buzun \u00fczerinde spot \u0131\u015f\u0131klar\u0131ndan uzak durmakta sorun g\u00f6rm\u00fcyordu fakat yirmi iki ya\u015f\u0131nda baba olmas\u0131 gerekti\u011finde kenarda durup izlemekle yetinmeye hi\u00e7 niyeti yoktu. Yak\u0131nda \u00e7ocu\u011funun annesi olacak kad\u0131n\u0131n g\u00fczelli\u011fi, zek\u00e2s\u0131 ve onun b\u00fct\u00fcn enerjisini istiyor olmas\u0131 sorun de\u011fildi. Sorun olan \u015fey, Sabrina\u2019n\u0131n kalbini a\u00e7m\u0131yor olmas\u0131yd\u0131 ve bu s\u0131k\u0131 kumral\u0131 yard\u0131m kabul etmeyecek kadar inat\u00e7\u0131yd\u0131. E\u011fer Tucker r\u00fcyalar\u0131n\u0131n kad\u0131n\u0131yla bir gelecek istiyorsa, Sabrina\u2019y\u0131 baz\u0131 hedeflere asla tek ba\u015f\u0131na ula\u015f\u0131lamayaca\u011f\u0131na ikna etmesi gerekiyordu. <\/p>\n","protected":false},"excerpt":{"rendered":"<p>Sabrina hedeflerine ula\u015fmakta iyiydi\u2026 \u00dcniversitenin son senesinde olan Sabrina James t\u00fcm gelece\u011fini planlam\u0131\u015ft\u0131: Mezun olacak, hukuk okulunun can\u0131na okuyacak ve amans\u0131z bir hukuk firmas\u0131nda y\u00fcksek maa\u015fl\u0131<span class=\"excerpt-hellip\"> [\u2026]<\/span><\/p>\n","protected":false},"featured_media":0,"template":"","meta":{"_monsterinsights_skip_tracking":false,"_monsterinsights_sitenote_active":false,"_monsterinsights_sitenote_note":"","_monsterinsights_sitenote_category":0},"product_brand":[],"product_cat":[14643,12291],"product_tag":[],"class_list":{"0":"post-712768","1":"product","2":"type-product","3":"status-publish","5":"product_cat-ask","6":"product_cat-edebiyat","7":"pa_cilt-ciltsiz","8":"pa_tur-kitap","9":"pa_yayinevi-yabanci-yayinevi","10":"pa_yazar-elle-kennedy","12":"first","13":"instock","14":"sale","15":"shipping-taxable","16":"purchasable","17":"product-type-simple"},"_links":{"self":[{"href":"https:\/\/roveyayinevi.com.tr\/index.php\/wp-json\/wp\/v2\/product\/712768","targetHints":{"allow":["GET"]}}],"collection":[{"href":"https:\/\/roveyayinevi.com.tr\/index.php\/wp-json\/wp\/v2\/product"}],"about":[{"href":"https:\/\/roveyayinevi.com.tr\/index.php\/wp-json\/wp\/v2\/types\/product"}],"wp:attachment":[{"href":"https:\/\/roveyayinevi.com.tr\/index.php\/wp-json\/wp\/v2\/media?parent=712768"}],"wp:term":[{"taxonomy":"product_brand","embeddable":true,"href":"https:\/\/roveyayinevi.com.tr\/index.php\/wp-json\/wp\/v2\/product_brand?post=712768"},{"taxonomy":"product_cat","embeddable":true,"href":"https:\/\/roveyayinevi.com.tr\/index.php\/wp-json\/wp\/v2\/product_cat?post=712768"},{"taxonomy":"product_tag","embeddable":true,"href":"https:\/\/roveyayinevi.com.tr\/index.php\/wp-json\/wp\/v2\/product_tag?post=712768"}],"curies":[{"name":"wp","href":"https:\/\/api.w.org\/{rel}","templated":true}]}}