{"id":712766,"date":"2025-08-27T16:59:28","date_gmt":"2025-08-27T13:59:28","guid":{"rendered":"https:\/\/roveyayinevi.com.tr\/index.php\/urun\/cinsel-farkin-insasi-felsefi-bir-problem-olarak-cinsiyet\/"},"modified":"2026-04-16T02:21:07","modified_gmt":"2026-04-15T23:21:07","slug":"cinsel-farkin-insasi-felsefi-bir-problem-olarak-cinsiyet","status":"publish","type":"product","link":"https:\/\/roveyayinevi.com.tr\/index.php\/urun\/cinsel-farkin-insasi-felsefi-bir-problem-olarak-cinsiyet\/","title":{"rendered":"Cinsel Fark\u0131n \u0130n\u015fas\u0131 &#8211; Felsefi Bir Problem Olarak Cinsiyet"},"content":{"rendered":"<p>Cinsellik \u00fczerine bu felsefi ara\u015ft\u0131rman\u0131n ba\u015fl\u0131ca u\u011fraklar\u0131 Simone de Beauvoir, Hegel, Platon, Georges Bataille, Julia Kristeva, Elizabeth Grosz, Luce Irigaray, Jean-Luc Nancy ve Paul Ricoeur. Bir\u00e7ok izlek var: Toplumsal cinsiyet, cinsiyet farkl\u0131l\u0131\u011f\u0131, arzu, erotik deneyim, erotik ili\u015fki, eros eti\u011fi, ezilme, \u015fiddet, egemenlik, \u00f6znelik ve \u00f6zerklik gibi. Kitap bu izlekler \u00fczerinden feminist d\u00fc\u015f\u00fcncenin meselelerini felsefe tarihiyle ili\u015fkilendiriyor, feminist d\u00fc\u015f\u00fcn\u00fcrlerin bu tarihle nas\u0131l ili\u015fki kurduklar\u0131n\u0131 ara\u015ft\u0131r\u0131yor ve feminizmin kavramlar\u0131n\u0131n alt\u0131nda ne t\u00fcr felsefi tart\u0131\u015fmalar\u0131n bulundu\u011funu g\u00f6stermeyi ama\u00e7l\u0131yor. Kad\u0131nlar\u0131n (ve ezilen b\u00fct\u00fcn insanlar\u0131n) kurtulu\u015funu hedefleyen her felsefi \u00e7aban\u0131n varaca\u011f\u0131 \u015fu soru: Nas\u0131l \u00f6zerk \u00f6zneler haline gelebiliriz, nas\u0131l m\u00fccadele edebiliriz? \u201cDireni\u015f, bir g\u00fcc\u00fcn kar\u015f\u0131s\u0131na ondan daha g\u00fc\u00e7l\u00fc ba\u015fka bir g\u00fc\u00e7le \u00e7\u0131kmaktan ibaret de\u011fildir. Bedeni orant\u0131s\u0131z bir \u015fiddetin hedefi olarak ortaya koyan bir kahramanl\u0131k da de\u011fildir. Direni\u015f toplumsal ba\u011flar, ili\u015fkiler kurmakt\u0131r; k\u0131r\u0131lgan \u00f6znelerin birlikte g\u00fc\u00e7lenme ve bir toplum in\u015fa etme s\u00fcrecidir. Bu bak\u0131mdan direni\u015f, feda etme veya kurban etmeyi me\u015frula\u015ft\u0131ran bir varolu\u015f bi\u00e7imi olmamal\u0131, bir olu\u015f, bir ya\u015fam savunusu, bir hayatta kalma m\u00fccadelesi olabilmelidir. Dirayet baz\u0131 imk\u00e2nlar\u0131n kapand\u0131\u011f\u0131 yerde yeni bir ya\u015fam kurma g\u00fcc\u00fcd\u00fcr; hayatta kalma, rasyonel tart\u0131\u015fma, dayan\u0131\u015fma, dostluk ve zaman\u0131n sabr\u0131d\u0131r.\u201d <\/p>\n","protected":false},"excerpt":{"rendered":"<p>Cinsellik \u00fczerine bu felsefi ara\u015ft\u0131rman\u0131n ba\u015fl\u0131ca u\u011fraklar\u0131 Simone de Beauvoir, Hegel, Platon, Georges Bataille, Julia Kristeva, Elizabeth Grosz, Luce Irigaray, Jean-Luc Nancy ve Paul Ricoeur. Bir\u00e7ok<span class=\"excerpt-hellip\"> [\u2026]<\/span><\/p>\n","protected":false},"featured_media":0,"template":"","meta":{"_monsterinsights_skip_tracking":false,"_monsterinsights_sitenote_active":false,"_monsterinsights_sitenote_note":"","_monsterinsights_sitenote_category":0},"product_brand":[],"product_cat":[12388,13555],"product_tag":[],"class_list":{"0":"post-712766","1":"product","2":"type-product","3":"status-publish","5":"product_cat-felsefe","6":"product_cat-genel-felsefe","7":"pa_cilt-ciltsiz","8":"pa_tur-kitap","9":"pa_yayinevi-metis-yayinlari","10":"pa_yazar-zeynep-direk","12":"first","13":"instock","14":"sale","15":"shipping-taxable","16":"purchasable","17":"product-type-simple"},"_links":{"self":[{"href":"https:\/\/roveyayinevi.com.tr\/index.php\/wp-json\/wp\/v2\/product\/712766","targetHints":{"allow":["GET"]}}],"collection":[{"href":"https:\/\/roveyayinevi.com.tr\/index.php\/wp-json\/wp\/v2\/product"}],"about":[{"href":"https:\/\/roveyayinevi.com.tr\/index.php\/wp-json\/wp\/v2\/types\/product"}],"wp:attachment":[{"href":"https:\/\/roveyayinevi.com.tr\/index.php\/wp-json\/wp\/v2\/media?parent=712766"}],"wp:term":[{"taxonomy":"product_brand","embeddable":true,"href":"https:\/\/roveyayinevi.com.tr\/index.php\/wp-json\/wp\/v2\/product_brand?post=712766"},{"taxonomy":"product_cat","embeddable":true,"href":"https:\/\/roveyayinevi.com.tr\/index.php\/wp-json\/wp\/v2\/product_cat?post=712766"},{"taxonomy":"product_tag","embeddable":true,"href":"https:\/\/roveyayinevi.com.tr\/index.php\/wp-json\/wp\/v2\/product_tag?post=712766"}],"curies":[{"name":"wp","href":"https:\/\/api.w.org\/{rel}","templated":true}]}}