{"id":712764,"date":"2025-08-27T16:59:26","date_gmt":"2025-08-27T13:59:26","guid":{"rendered":"https:\/\/roveyayinevi.com.tr\/index.php\/urun\/gelecegi-yazanlar-kulubu\/"},"modified":"2026-04-16T02:21:07","modified_gmt":"2026-04-15T23:21:07","slug":"gelecegi-yazanlar-kulubu","status":"publish","type":"product","link":"https:\/\/roveyayinevi.com.tr\/index.php\/urun\/gelecegi-yazanlar-kulubu\/","title":{"rendered":"Gelece\u011fi Yazanlar Kul\u00fcb\u00fc"},"content":{"rendered":"<p>Gelece\u011fi Yazanlar Kul\u00fcb\u00fc bilimi ve d\u00fcnyay\u0131 d\u00f6n\u00fc\u015ft\u00fcren d\u00f6rt adam\u0131n, 1800\u2019lerin ba\u015f\u0131nda Cambridge \u00dcniversitesi\u2019nde \u00f6\u011frenciyken tan\u0131\u015fan Charles Babbage, John Herschel, William Whewell ve Richard Jones\u2019un hik\u00e2yesidir. 17. y\u00fczy\u0131lda ger\u00e7ekle\u015fen bilimsel devrimden beri hi\u00e7bir ilerlemenin olmad\u0131\u011f\u0131n\u0131 d\u00fc\u015f\u00fcnen bu d\u00f6rt arkada\u015f, ayn\u0131 zamanda Cambridge\u2019in eski \u00f6\u011frencilerinden biri olan \u00fcnl\u00fc bilim insan\u0131 ve filozof Francis Bacon\u2019dan ilham alarak bilimde devrim yapmak \u00fczere yola \u00e7\u0131kt\u0131lar. Bacon\u2019\u0131n dedi\u011fi gibi \u201cbilgi g\u00fc\u00e7\u201dt\u00fc ve \u201cinsanl\u0131\u011f\u0131n yarar\u0131\u201d i\u00e7in kullan\u0131lmal\u0131yd\u0131. Sadece \u201cbilim insan\u0131\u201d terimini bulmakla kalmay\u0131p ayn\u0131 zamanda mineraloji, matematiksel iktisat ve gelgit bilimi gibi alanlar\u0131n da temelini atan Whewell; ilk mekanik hesap makinesini ve modern bilgisayar\u0131n ilk prototipini icat eden Babbage; G\u00fcney Yar\u0131k\u00fcre g\u00f6klerinin haritas\u0131n\u0131 \u00e7\u0131karan ve foto\u011fraf\u0131n icad\u0131nda belirleyici yeri olan Herschel; iktisat bilimini \u015fekillendiren Jones&#8230; Onlar y\u0131ld\u0131zlar\u0131n, denizlerin ve karan\u0131n haritas\u0131n\u0131 \u00e7\u0131kard\u0131lar&#8230; Modern d\u00fcnyaya bilimin ba\u015frolde oldu\u011fu yeni bir bi\u00e7im verdiler. Dostluklar\u0131, bitmeyen meraklar\u0131 ve bilime olan tutkular\u0131yla tarihte umduklar\u0131ndan da b\u00fcy\u00fck bir iz b\u0131rakt\u0131lar. Laura J. Snyder, bu  kitapta i\u015fte bu ola\u011fan\u00fcst\u00fc ser\u00fcveni anlat\u0131yor. Sadece 19. y\u00fczy\u0131l biliminin ustal\u0131kla \u00e7izilmi\u015f portresini sunmakla kalm\u0131yor, d\u00fcnyam\u0131z\u0131n bug\u00fcn \u00fczerinde durdu\u011fu bilimsel temellerin kaynaklar\u0131n\u0131 da etkileyici \u00fcslubuyla okurlara aktarmay\u0131 ba\u015far\u0131yor.\u201cBu eser o \u00e7a\u011f\u0131n bilimsel, sosyal ve k\u00fclt\u00fcrel boyutlar\u0131na tam anlam\u0131yla h\u00e2kim.Snyder\u2019\u0131n anlat\u0131m\u0131yla, yollar\u0131 kesi\u015fen bu adamlar ya\u015famlar\u0131 ve fikirleriyle sahneye bir ba\u015fyap\u0131t koyuyor.\u201d- Wall Street Journal <\/p>\n","protected":false},"excerpt":{"rendered":"<p>Gelece\u011fi Yazanlar Kul\u00fcb\u00fc bilimi ve d\u00fcnyay\u0131 d\u00f6n\u00fc\u015ft\u00fcren d\u00f6rt adam\u0131n, 1800\u2019lerin ba\u015f\u0131nda Cambridge \u00dcniversitesi\u2019nde \u00f6\u011frenciyken tan\u0131\u015fan Charles Babbage, John Herschel, William Whewell ve Richard Jones\u2019un hik\u00e2yesidir. 17.<span class=\"excerpt-hellip\"> [\u2026]<\/span><\/p>\n","protected":false},"featured_media":0,"template":"","meta":{"_monsterinsights_skip_tracking":false,"_monsterinsights_sitenote_active":false,"_monsterinsights_sitenote_note":"","_monsterinsights_sitenote_category":0},"product_brand":[],"product_cat":[13005,15998],"product_tag":[],"class_list":{"0":"post-712764","1":"product","2":"type-product","3":"status-publish","5":"product_cat-bilim-muhendislik","6":"product_cat-bilim-tarihi","7":"pa_cilt-ciltsiz","8":"pa_tur-kitap","9":"pa_yayinevi-altin-kitaplar","10":"pa_yazar-laura-j-snyder","12":"first","13":"instock","14":"sale","15":"shipping-taxable","16":"purchasable","17":"product-type-simple"},"_links":{"self":[{"href":"https:\/\/roveyayinevi.com.tr\/index.php\/wp-json\/wp\/v2\/product\/712764","targetHints":{"allow":["GET"]}}],"collection":[{"href":"https:\/\/roveyayinevi.com.tr\/index.php\/wp-json\/wp\/v2\/product"}],"about":[{"href":"https:\/\/roveyayinevi.com.tr\/index.php\/wp-json\/wp\/v2\/types\/product"}],"wp:attachment":[{"href":"https:\/\/roveyayinevi.com.tr\/index.php\/wp-json\/wp\/v2\/media?parent=712764"}],"wp:term":[{"taxonomy":"product_brand","embeddable":true,"href":"https:\/\/roveyayinevi.com.tr\/index.php\/wp-json\/wp\/v2\/product_brand?post=712764"},{"taxonomy":"product_cat","embeddable":true,"href":"https:\/\/roveyayinevi.com.tr\/index.php\/wp-json\/wp\/v2\/product_cat?post=712764"},{"taxonomy":"product_tag","embeddable":true,"href":"https:\/\/roveyayinevi.com.tr\/index.php\/wp-json\/wp\/v2\/product_tag?post=712764"}],"curies":[{"name":"wp","href":"https:\/\/api.w.org\/{rel}","templated":true}]}}