{"id":712762,"date":"2025-08-27T16:59:25","date_gmt":"2025-08-27T13:59:25","guid":{"rendered":"https:\/\/roveyayinevi.com.tr\/index.php\/urun\/ataturke-kostum\/"},"modified":"2026-04-16T02:21:07","modified_gmt":"2026-04-15T23:21:07","slug":"ataturke-kostum","status":"publish","type":"product","link":"https:\/\/roveyayinevi.com.tr\/index.php\/urun\/ataturke-kostum\/","title":{"rendered":"Atat\u00fcrk&#8217;e Ko\u015ftum"},"content":{"rendered":"<p>\u201cAtat\u00fcrk\u2019\u00fcm o kadar yak\u0131n\u0131mdayd\u0131 ki&#8230; Birden dayanamay\u0131p yerimden kalkt\u0131\u011f\u0131m gibi ko\u015farak Mustafa Kemal\u2019e y\u00f6neldim. K\u00fc\u00e7\u00fck bir k\u0131z\u0131n ko\u015farak kendisine geldi\u011fini g\u00f6ren Atat\u00fcrk, beni iki koltu\u011fumun alt\u0131ndan tutup kald\u0131rd\u0131. Sonra dizine oturtup sa\u00e7lar\u0131m\u0131 ok\u015fad\u0131. Y\u00fcz\u00fc y\u00fcz\u00fcme o kadar yak\u0131nd\u0131 ki&#8230; Y\u0131llar y\u0131l\u0131 hi\u00e7 g\u00f6z\u00fcm\u00fcn \u00f6n\u00fcnden gitmedi o \u00e7akmak \u00e7akmak, sevgi dolu bak\u0131\u015flar\u0131.\u201d E\u011fitimci F. Z\u00fchal \u0130zmirli ve Y\u00fccel \u0130zmirli, \u00e7ocuklar\u0131n g\u00fczel d\u00fcnyalar\u0131na girip bu kitapta anlatt\u0131klar\u0131 s\u00fcr\u00fckleyici, sevgi dolu, ger\u00e7ek hayattan \u00f6yk\u00fclerle onlara seslenmek istiyor. <\/p>\n","protected":false},"excerpt":{"rendered":"<p>\u201cAtat\u00fcrk\u2019\u00fcm o kadar yak\u0131n\u0131mdayd\u0131 ki&#8230; Birden dayanamay\u0131p yerimden kalkt\u0131\u011f\u0131m gibi ko\u015farak Mustafa Kemal\u2019e y\u00f6neldim. K\u00fc\u00e7\u00fck bir k\u0131z\u0131n ko\u015farak kendisine geldi\u011fini g\u00f6ren Atat\u00fcrk, beni iki koltu\u011fumun alt\u0131ndan<span class=\"excerpt-hellip\"> [\u2026]<\/span><\/p>\n","protected":false},"featured_media":0,"template":"","meta":{"_monsterinsights_skip_tracking":false,"_monsterinsights_sitenote_active":false,"_monsterinsights_sitenote_note":"","_monsterinsights_sitenote_category":0},"product_brand":[],"product_cat":[12275,12274],"product_tag":[],"class_list":{"0":"post-712762","1":"product","2":"type-product","3":"status-publish","5":"product_cat-6-12-yas-kitaplari","6":"product_cat-cocuk-ve-genclik-kitaplari","7":"pa_cilt-ciltsiz","8":"pa_tur-kitap","9":"pa_yayinevi-kirmizi-kedi-yayinevi","10":"pa_yazar-zuhal-izmirli-yucel-izmirli","12":"first","13":"instock","14":"sale","15":"shipping-taxable","16":"purchasable","17":"product-type-simple"},"_links":{"self":[{"href":"https:\/\/roveyayinevi.com.tr\/index.php\/wp-json\/wp\/v2\/product\/712762","targetHints":{"allow":["GET"]}}],"collection":[{"href":"https:\/\/roveyayinevi.com.tr\/index.php\/wp-json\/wp\/v2\/product"}],"about":[{"href":"https:\/\/roveyayinevi.com.tr\/index.php\/wp-json\/wp\/v2\/types\/product"}],"wp:attachment":[{"href":"https:\/\/roveyayinevi.com.tr\/index.php\/wp-json\/wp\/v2\/media?parent=712762"}],"wp:term":[{"taxonomy":"product_brand","embeddable":true,"href":"https:\/\/roveyayinevi.com.tr\/index.php\/wp-json\/wp\/v2\/product_brand?post=712762"},{"taxonomy":"product_cat","embeddable":true,"href":"https:\/\/roveyayinevi.com.tr\/index.php\/wp-json\/wp\/v2\/product_cat?post=712762"},{"taxonomy":"product_tag","embeddable":true,"href":"https:\/\/roveyayinevi.com.tr\/index.php\/wp-json\/wp\/v2\/product_tag?post=712762"}],"curies":[{"name":"wp","href":"https:\/\/api.w.org\/{rel}","templated":true}]}}