{"id":712755,"date":"2025-08-27T16:59:21","date_gmt":"2025-08-27T13:59:21","guid":{"rendered":"https:\/\/roveyayinevi.com.tr\/index.php\/urun\/ates-ve-gunes-zeytindagi\/"},"modified":"2026-04-16T02:21:06","modified_gmt":"2026-04-15T23:21:06","slug":"ates-ve-gunes-zeytindagi","status":"publish","type":"product","link":"https:\/\/roveyayinevi.com.tr\/index.php\/urun\/ates-ve-gunes-zeytindagi\/","title":{"rendered":"Ate\u015f ve G\u00fcne\u015f Zeytinda\u011f\u0131"},"content":{"rendered":"<p>\u201cZeytinda\u011f\u0131, Cumhuriyet devri edebiyat\u0131n\u0131n en b\u00fcy\u00fck hadiselerinden biridir.\u201d Yakup Kadri KARAOSMANO\u011eLU   Falih R\u0131fk\u0131 Atay\u2019\u0131n imparatorlu\u011fun y\u0131k\u0131l\u0131\u015f\u0131n\u0131 kaleme ald\u0131\u011f\u0131, herkesin defalarca okudu\u011fu Zeytinda\u011f\u0131, bu d\u00f6nemin ve bu co\u011frafyadaki g\u00f6zlemlerinin eseridir. Bu eser a\u00e7\u0131k konu\u015fan, kendini dahi hafiften ele\u015ftiren bir \u00fcsluba sahipti. Zeytinda\u011f\u0131, d\u00f6nemin bir muhasebeydi. Falih R\u0131fk\u0131 Atay\u2019\u0131n s\u00fcr\u00fckleyici, zengin muhteval\u0131, z\u0131t g\u00f6r\u00fcn\u00fcm ve olaylara dayanarak tezlerini savunan bir \u00fcslubu vard\u0131r. Prof. Dr. \u0130lber ORTAYLI   D\u00f6rt y\u0131l s\u00fcren bir sava\u015f nas\u0131l hat\u0131rlan\u0131r? Bunun tek bir yolu yordam\u0131 olmasa gerek. Ancak T\u00fcrkiye\u2019de \u00f6zellikle Birinci D\u00fcnya Sava\u015f\u0131\u2019n\u0131n hat\u0131rlanmas\u0131yla ilgili \u00e7ok \u00e7etrefil ve girift bir durum var. T\u00fcrkiye halen bu sava\u015f\u0131n \u00c7anakkale gibi baz\u0131 b\u00f6l\u00fcmleriyle yat\u0131p kalkarken, Falih R\u0131fk\u0131 Atay\u2019\u0131n \u00f6nce Ate\u015f ve G\u00fcne\u015f, sonra Zeytinda\u011f\u0131\u2019nda anlatt\u0131\u011f\u0131 Suriye cephesi, sondaki bozgunun etkisiyle olsa gerek adeta yok say\u0131l\u0131r. Atay, bu iki kitapta, ayn\u0131 malzemenin iki ayr\u0131 d\u00f6nemde nas\u0131l farkl\u0131 hat\u0131rlanaca\u011f\u0131n\u0131 bize g\u00f6sterir. C\u00fcneyt Tando\u011fan\u2019\u0131n Zeytinda\u011f\u0131\u2019n\u0131n farkl\u0131 y\u0131llardaki bas\u0131mlar\u0131 \u00fczerinden y\u00fcr\u00fctt\u00fc\u011f\u00fc ele\u015ftirel kar\u015f\u0131la\u015ft\u0131rma ise, haf\u0131za ve hat\u0131rlaman\u0131n her yeni d\u00f6nemde yeniden konumland\u0131r\u0131lmas\u0131 gerekti\u011fini iyice anlamam\u0131z\u0131 sa\u011flar. Tando\u011fan\u2019\u0131n ortaya \u00e7\u0131kard\u0131\u011f\u0131 bu ilgin\u00e7 yay\u0131n, Atay\u2019\u0131n eserlerini sadece tarihe tan\u0131kl\u0131k a\u00e7\u0131s\u0131ndan de\u011fil, hat\u0131rlama ve hat\u0131rlanan\u0131 yazman\u0131n metinsel de\u011feri \u00fczerinden de yeniden d\u00fc\u015f\u00fcnmemizi sa\u011flayacak. Yrd. Do\u00e7. Dr. Erol K\u00d6RO\u011eLU Bo\u011fazi\u00e7i \u00dcniversitesi   I. D\u00fcnya Sava\u015f\u0131 tarihi ortalama okur a\u00e7\u0131s\u0131ndan h\u00e2l\u00e2 \u2018kapal\u0131 kutu\u2019 say\u0131l\u0131r. H\u00e2l\u00e2 sava\u015f\u0131n rezilli\u011fini, verilen kay\u0131plar\u0131 bir \u2018ruh\u2019 ile a\u00e7\u0131klamak isteyenler \u00e7ok. 1918\u2019de cepheden d\u00f6nen Falih R\u0131fk\u0131, tren istasyonundaki askerlere \u201cBenim Ahmed\u2019i g\u00f6rd\u00fcn\u00fcz m\u00fc?\u201d diye soran k\u00f6yl\u00fc kad\u0131n\u0131n\u0131 ve kendi \u00e7aresizli\u011fini \u015f\u00f6yle anlat\u0131r: \u201cAhmed\u2019i ne i\u00e7in harcad\u0131\u011f\u0131m\u0131z\u0131 bir s\u00f6yleyebilsek, onunla ne kazand\u0131\u011f\u0131m\u0131z\u0131 bir anaya anlatabilsek, onu \u00f6v\u00fcnd\u00fcrecek bir haber verebilsek&#8230; Fakat biz Ahmed\u2019i kumarda kaybettik!\u201d Falih R\u0131fk\u0131\u2019n\u0131n an\u0131lar\u0131 sadece y\u00fcz y\u0131l \u00f6ncesini de\u011fil, i\u00e7inde ya\u015fad\u0131\u011f\u0131m\u0131z g\u00fcnleri de anlamak i\u00e7in \u00e7ok yararl\u0131&#8230; Prof. Dr. Ayhan AKTAR \u0130stanbul Bilgi \u00dcniversitesi<\/p>\n","protected":false},"excerpt":{"rendered":"<p>\u201cZeytinda\u011f\u0131, Cumhuriyet devri edebiyat\u0131n\u0131n en b\u00fcy\u00fck hadiselerinden biridir.\u201d Yakup Kadri KARAOSMANO\u011eLU Falih R\u0131fk\u0131 Atay\u2019\u0131n imparatorlu\u011fun y\u0131k\u0131l\u0131\u015f\u0131n\u0131 kaleme ald\u0131\u011f\u0131, herkesin defalarca okudu\u011fu Zeytinda\u011f\u0131, bu d\u00f6nemin ve bu<span class=\"excerpt-hellip\"> [\u2026]<\/span><\/p>\n","protected":false},"featured_media":0,"template":"","meta":{"_monsterinsights_skip_tracking":false,"_monsterinsights_sitenote_active":false,"_monsterinsights_sitenote_note":"","_monsterinsights_sitenote_category":0},"product_brand":[],"product_cat":[12291,12292],"product_tag":[],"class_list":{"0":"post-712755","1":"product","2":"type-product","3":"status-publish","5":"product_cat-edebiyat","6":"product_cat-turk-edebiyati","7":"pa_cilt-ciltsiz","8":"pa_tur-kitap","9":"pa_yayinevi-pozitif-yayinlari","10":"pa_yazar-falih-rifki-atay","12":"first","13":"instock","14":"sale","15":"shipping-taxable","16":"purchasable","17":"product-type-simple"},"_links":{"self":[{"href":"https:\/\/roveyayinevi.com.tr\/index.php\/wp-json\/wp\/v2\/product\/712755","targetHints":{"allow":["GET"]}}],"collection":[{"href":"https:\/\/roveyayinevi.com.tr\/index.php\/wp-json\/wp\/v2\/product"}],"about":[{"href":"https:\/\/roveyayinevi.com.tr\/index.php\/wp-json\/wp\/v2\/types\/product"}],"wp:attachment":[{"href":"https:\/\/roveyayinevi.com.tr\/index.php\/wp-json\/wp\/v2\/media?parent=712755"}],"wp:term":[{"taxonomy":"product_brand","embeddable":true,"href":"https:\/\/roveyayinevi.com.tr\/index.php\/wp-json\/wp\/v2\/product_brand?post=712755"},{"taxonomy":"product_cat","embeddable":true,"href":"https:\/\/roveyayinevi.com.tr\/index.php\/wp-json\/wp\/v2\/product_cat?post=712755"},{"taxonomy":"product_tag","embeddable":true,"href":"https:\/\/roveyayinevi.com.tr\/index.php\/wp-json\/wp\/v2\/product_tag?post=712755"}],"curies":[{"name":"wp","href":"https:\/\/api.w.org\/{rel}","templated":true}]}}