{"id":712754,"date":"2025-08-27T16:59:21","date_gmt":"2025-08-27T13:59:21","guid":{"rendered":"https:\/\/roveyayinevi.com.tr\/index.php\/urun\/beslenerek-iyiles\/"},"modified":"2026-04-16T02:21:06","modified_gmt":"2026-04-15T23:21:06","slug":"beslenerek-iyiles","status":"publish","type":"product","link":"https:\/\/roveyayinevi.com.tr\/index.php\/urun\/beslenerek-iyiles\/","title":{"rendered":"Beslenerek \u0130yile\u015f"},"content":{"rendered":"<p>K\u00fc\u00e7\u00fck Hatalar B\u00fcy\u00fck Hastal\u0131klar \u201cDoctor Fit ile Beslenme At\u00f6lyesi\u201d olarak ba\u015flayan ve giderek b\u00fcy\u00fcyerek \u00fclkemizin  ilk T\u0131bbi Beslenme Akademisi\u2019ne d\u00f6n\u00fc\u015fen \u00e7al\u0131\u015fmalar\u0131n sonu\u00e7lar\u0131n\u0131n anlat\u0131ld\u0131\u011f\u0131 bu kitap; \u00b7         Bitmeyen bir merak ile s\u00fcrekli okumalar\u0131n \u00fcr\u00fcn\u00fcd\u00fcr. \u00b7         Sab\u0131rla yap\u0131lan hasta takiplerinden sonra, biraz \u015f\u00f6valye gibi al\u0131nan cesur \u00b7         kararlar sonras\u0131nda ortaya \u00e7\u0131kan muhte\u015fem sonu\u00e7lar\u0131n \u00fcr\u00fcn\u00fcd\u00fcr. \u00b7         Diyabetin \u00e7\u00f6z\u00fcm\u00fc kar\u015f\u0131s\u0131ndaki zaafiyetimizden sonra bir ba\u015fka \u00e7\u00f6z\u00fcm \u00fcretilebile- ce\u011fine olan inanc\u0131n \u00fcr\u00fcn\u00fcd\u00fcr. \u0130fade edilen her bilgi tecr\u00fcbe edilerek yaz\u0131lm\u0131\u015f; ya\u015fanmam\u0131\u015f, uygulanmam\u0131\u015f hi\u00e7bir bilgi payla\u015f\u0131lmam\u0131\u015ft\u0131r. Bu kitab\u0131n amac\u0131, beslenme ile hastal\u0131klar aras\u0131ndaki ili\u015fkiyi g\u00f6sterebilmektir. * * * T\u00fcketici Ba\u015fvuru Merkezi\u2019mizin \u00fcyesi olan Uzman Dr. Eyy\u00fcb Y\u0131lmaz bu kitab\u0131 ile ezber bozuyor.       Konferans ve seminerlerinde sarf etti\u011fi her c\u00fcmlesinde beslenmekten anla\u015f\u0131lmas\u0131 gereken ile  bizim anlad\u0131\u011f\u0131m\u0131z\u0131n birbirinden ne kadar uzak oldu\u011funu fark ettiren Y\u0131lmaz\u2019a kendi ad\u0131ma  te\u015fekk\u00fcr ediyorum.       \u0130nsan bedeninin sa\u011fl\u0131kl\u0131 i\u015flemesi i\u00e7in gereken yak\u0131t olan g\u0131dalar\u0131n at\u0131k sorununu ve \u00e7\u00f6z\u00fcmlerini  herkesin anlayaca\u011f\u0131 hipnotik dilde anlat\u0131yor.      &#8220;Hipnotik Kelep\u00e7e&#8221; y\u00f6ntemini uygulayan ender hekimlerden olan Y\u0131lmaz hayat\u0131ma yapt\u0131\u011f\u0131  her dokunu\u015fu ile ya\u015fam kalitemi art\u0131rm\u0131\u015ft\u0131r.  Bu kitab\u0131 okuyup, gere\u011fini yapmakta kay\u0131ts\u0131z kalamayaca\u011f\u0131n\u0131z bir i\u00e7erik ve dil ile bulu\u015facaks\u0131n\u0131z.       Sa\u011fl\u0131kl\u0131 bir ya\u015fam ve kal\u0131c\u0131 bir kilo vermek isteyen herkes i\u00e7in ba\u015fucu de\u011fil, ba\u015f tac\u0131 edilecek bir     eser olmu\u015f.                               Ayd\u0131n A\u011fao\u011flu    \/ T\u00fcketici Ba\u015fvuru Merkezi Onursal Ba\u015fkan\u0131 <\/p>\n","protected":false},"excerpt":{"rendered":"<p>K\u00fc\u00e7\u00fck Hatalar B\u00fcy\u00fck Hastal\u0131klar \u201cDoctor Fit ile Beslenme At\u00f6lyesi\u201d olarak ba\u015flayan ve giderek b\u00fcy\u00fcyerek \u00fclkemizin ilk T\u0131bbi Beslenme Akademisi\u2019ne d\u00f6n\u00fc\u015fen \u00e7al\u0131\u015fmalar\u0131n sonu\u00e7lar\u0131n\u0131n anlat\u0131ld\u0131\u011f\u0131 bu kitap; \u00b7<span class=\"excerpt-hellip\"> [\u2026]<\/span><\/p>\n","protected":false},"featured_media":0,"template":"","meta":{"_monsterinsights_skip_tracking":false,"_monsterinsights_sitenote_active":false,"_monsterinsights_sitenote_note":"","_monsterinsights_sitenote_category":0},"product_brand":[],"product_cat":[13402,13365],"product_tag":[],"class_list":{"0":"post-712754","1":"product","2":"type-product","3":"status-publish","5":"product_cat-beslenme-ve-diyet","6":"product_cat-saglik","7":"pa_cilt-ciltsiz","8":"pa_tur-kitap","9":"pa_yayinevi-hayat-yayinlari","10":"pa_yazar-eyyub-yilmaz","12":"first","13":"instock","14":"sale","15":"shipping-taxable","16":"purchasable","17":"product-type-simple"},"_links":{"self":[{"href":"https:\/\/roveyayinevi.com.tr\/index.php\/wp-json\/wp\/v2\/product\/712754","targetHints":{"allow":["GET"]}}],"collection":[{"href":"https:\/\/roveyayinevi.com.tr\/index.php\/wp-json\/wp\/v2\/product"}],"about":[{"href":"https:\/\/roveyayinevi.com.tr\/index.php\/wp-json\/wp\/v2\/types\/product"}],"wp:attachment":[{"href":"https:\/\/roveyayinevi.com.tr\/index.php\/wp-json\/wp\/v2\/media?parent=712754"}],"wp:term":[{"taxonomy":"product_brand","embeddable":true,"href":"https:\/\/roveyayinevi.com.tr\/index.php\/wp-json\/wp\/v2\/product_brand?post=712754"},{"taxonomy":"product_cat","embeddable":true,"href":"https:\/\/roveyayinevi.com.tr\/index.php\/wp-json\/wp\/v2\/product_cat?post=712754"},{"taxonomy":"product_tag","embeddable":true,"href":"https:\/\/roveyayinevi.com.tr\/index.php\/wp-json\/wp\/v2\/product_tag?post=712754"}],"curies":[{"name":"wp","href":"https:\/\/api.w.org\/{rel}","templated":true}]}}