{"id":712753,"date":"2025-08-27T16:59:20","date_gmt":"2025-08-27T13:59:20","guid":{"rendered":"https:\/\/roveyayinevi.com.tr\/index.php\/urun\/bu-ne-bicim-ajanda-sessiz-sakinin-gurultulu-maceralari-10\/"},"modified":"2026-04-08T02:27:31","modified_gmt":"2026-04-07T23:27:31","slug":"bu-ne-bicim-ajanda-sessiz-sakinin-gurultulu-maceralari-10","status":"publish","type":"product","link":"https:\/\/roveyayinevi.com.tr\/index.php\/urun\/bu-ne-bicim-ajanda-sessiz-sakinin-gurultulu-maceralari-10\/","title":{"rendered":"Bu Ne Bi\u00e7im Ajanda? Sessiz Sakin&#8217;in G\u00fcr\u00fclt\u00fcl\u00fc Maceralar\u0131 10"},"content":{"rendered":"<p>Merhaba Cankada\u015flar! \u015eimdi kendinizi markete gitmi\u015f gibi hayal edin. Markette dola\u015f\u0131rken raflar\u0131n arkas\u0131nda bir &#8220;\u015fey&#8221; oldu\u011funu fark ediyorsunuz. \u0130lk ba\u015fta \u00e7ok umursam\u0131yorsunuz, ama o &#8220;\u015fey&#8221; sizi takip ediyor, korkuyorsunuz. Hangi rafa gitseniz pe\u015finizden geliyor. En korkuncu da onu sizden ba\u015fka kimse g\u00f6rm\u00fcyor. \u00c7ok acayip de\u011fil mi? \u0130\u015fte benim ba\u015f\u0131mdan tam da buna benzer bir olay ge\u00e7ti. Bir \u00f6zel ajan gibi tam bir y\u0131l boyunca o gizemli &#8220;\u015fey&#8221;i \u00e7\u00f6zmeye \u00e7al\u0131\u015ft\u0131m ve her ay  buldu\u011fum  delilleri bir ajandada toplad\u0131m. Ajandan\u0131n bo\u015f kalan sayfalar\u0131na da bir s\u00fcr\u00fc g\u00fczellikler ekledim. Sonra her \u015fey bitince ajandaya bir bakt\u0131m, \u015fahane bir kitaba d\u00f6n\u00fc\u015fm\u00fc\u015f. \u0130\u015fte \u015fu an elinizde tuttu\u011funuz bu kitap,  o ajanda. Hadi bakal\u0131m, \u015fimdi sayfalar\u0131 a\u00e7\u0131n ve &#8220;AJANda&#8221;mdaki, AJAN macerama kat\u0131l\u0131n! <\/p>\n","protected":false},"excerpt":{"rendered":"<p>Merhaba Cankada\u015flar! \u015eimdi kendinizi markete gitmi\u015f gibi hayal edin. Markette dola\u015f\u0131rken raflar\u0131n arkas\u0131nda bir &#8220;\u015fey&#8221; oldu\u011funu fark ediyorsunuz. \u0130lk ba\u015fta \u00e7ok umursam\u0131yorsunuz, ama o &#8220;\u015fey&#8221; sizi<span class=\"excerpt-hellip\"> [\u2026]<\/span><\/p>\n","protected":false},"featured_media":0,"template":"","meta":{"_monsterinsights_skip_tracking":false,"_monsterinsights_sitenote_active":false,"_monsterinsights_sitenote_note":"","_monsterinsights_sitenote_category":0},"product_brand":[],"product_cat":[12274,12284],"product_tag":[],"class_list":{"0":"post-712753","1":"product","2":"type-product","3":"status-publish","5":"product_cat-cocuk-ve-genclik-kitaplari","6":"product_cat-hikayeler","7":"pa_cilt-ciltli","8":"pa_tur-kitap","9":"pa_yayinevi-genc-hayat","10":"pa_yazar-melih-tugtag","12":"first","13":"instock","14":"sale","15":"shipping-taxable","16":"purchasable","17":"product-type-simple"},"_links":{"self":[{"href":"https:\/\/roveyayinevi.com.tr\/index.php\/wp-json\/wp\/v2\/product\/712753","targetHints":{"allow":["GET"]}}],"collection":[{"href":"https:\/\/roveyayinevi.com.tr\/index.php\/wp-json\/wp\/v2\/product"}],"about":[{"href":"https:\/\/roveyayinevi.com.tr\/index.php\/wp-json\/wp\/v2\/types\/product"}],"wp:attachment":[{"href":"https:\/\/roveyayinevi.com.tr\/index.php\/wp-json\/wp\/v2\/media?parent=712753"}],"wp:term":[{"taxonomy":"product_brand","embeddable":true,"href":"https:\/\/roveyayinevi.com.tr\/index.php\/wp-json\/wp\/v2\/product_brand?post=712753"},{"taxonomy":"product_cat","embeddable":true,"href":"https:\/\/roveyayinevi.com.tr\/index.php\/wp-json\/wp\/v2\/product_cat?post=712753"},{"taxonomy":"product_tag","embeddable":true,"href":"https:\/\/roveyayinevi.com.tr\/index.php\/wp-json\/wp\/v2\/product_tag?post=712753"}],"curies":[{"name":"wp","href":"https:\/\/api.w.org\/{rel}","templated":true}]}}