{"id":712752,"date":"2025-08-27T16:59:19","date_gmt":"2025-08-27T13:59:19","guid":{"rendered":"https:\/\/roveyayinevi.com.tr\/index.php\/urun\/hizirla-kirk-saat-siirler-iii\/"},"modified":"2025-10-09T04:30:42","modified_gmt":"2025-10-09T01:30:42","slug":"hizirla-kirk-saat-siirler-iii","status":"publish","type":"product","link":"https:\/\/roveyayinevi.com.tr\/index.php\/urun\/hizirla-kirk-saat-siirler-iii\/","title":{"rendered":"H\u0131z\u0131rla K\u0131rk Saat \u015eiirler III"},"content":{"rendered":"<p>En \u00e7etin sava\u015f\u0131 m\u0131 verdim o gece\u0130ki d\u00fcnya sava\u015f\u0131 ondan bir yaprakt\u0131 nerdeyse\u0130lkin anne \u00f6l\u00fcm\u00fcn\u00fc kullanarak geldi \u00fcst\u00fcmeSonra akl\u0131 k\u0131nam\u0131\u015f bir karde\u015f yede\u011findeNe anne anneydi ne karde\u015f karde\u015fti ger\u00e7ekteAnne ve karde\u015f bi\u00e7imindeBilmem hangi \u00fclkeden dev\u015firilmi\u015f iki imgeKendi hayalinden iki kesitti belki deAma ben g\u00fcvenmedim bu belgelereTeslim olmad\u0131m yine de<\/p>\n","protected":false},"excerpt":{"rendered":"<p>En \u00e7etin sava\u015f\u0131 m\u0131 verdim o gece\u0130ki d\u00fcnya sava\u015f\u0131 ondan bir yaprakt\u0131 nerdeyse\u0130lkin anne \u00f6l\u00fcm\u00fcn\u00fc kullanarak geldi \u00fcst\u00fcmeSonra akl\u0131 k\u0131nam\u0131\u015f bir karde\u015f yede\u011findeNe anne anneydi ne<span class=\"excerpt-hellip\"> [\u2026]<\/span><\/p>\n","protected":false},"featured_media":0,"template":"","meta":{"_monsterinsights_skip_tracking":false,"_monsterinsights_sitenote_active":false,"_monsterinsights_sitenote_note":"","_monsterinsights_sitenote_category":0},"product_brand":[],"product_cat":[12291,12509],"product_tag":[],"class_list":{"0":"post-712752","1":"product","2":"type-product","3":"status-publish","5":"product_cat-edebiyat","6":"product_cat-siir","7":"pa_cilt-ciltsiz","8":"pa_tur-kitap","9":"pa_yayinevi-dirilis-yayinlari","10":"pa_yazar-sezai-karakoc","12":"first","13":"instock","14":"sale","15":"shipping-taxable","16":"purchasable","17":"product-type-simple"},"_links":{"self":[{"href":"https:\/\/roveyayinevi.com.tr\/index.php\/wp-json\/wp\/v2\/product\/712752","targetHints":{"allow":["GET"]}}],"collection":[{"href":"https:\/\/roveyayinevi.com.tr\/index.php\/wp-json\/wp\/v2\/product"}],"about":[{"href":"https:\/\/roveyayinevi.com.tr\/index.php\/wp-json\/wp\/v2\/types\/product"}],"wp:attachment":[{"href":"https:\/\/roveyayinevi.com.tr\/index.php\/wp-json\/wp\/v2\/media?parent=712752"}],"wp:term":[{"taxonomy":"product_brand","embeddable":true,"href":"https:\/\/roveyayinevi.com.tr\/index.php\/wp-json\/wp\/v2\/product_brand?post=712752"},{"taxonomy":"product_cat","embeddable":true,"href":"https:\/\/roveyayinevi.com.tr\/index.php\/wp-json\/wp\/v2\/product_cat?post=712752"},{"taxonomy":"product_tag","embeddable":true,"href":"https:\/\/roveyayinevi.com.tr\/index.php\/wp-json\/wp\/v2\/product_tag?post=712752"}],"curies":[{"name":"wp","href":"https:\/\/api.w.org\/{rel}","templated":true}]}}