{"id":712750,"date":"2025-08-27T16:59:18","date_gmt":"2025-08-27T13:59:18","guid":{"rendered":"https:\/\/roveyayinevi.com.tr\/index.php\/urun\/halkla-iliskiler-dersleri\/"},"modified":"2026-04-16T02:21:06","modified_gmt":"2026-04-15T23:21:06","slug":"halkla-iliskiler-dersleri","status":"publish","type":"product","link":"https:\/\/roveyayinevi.com.tr\/index.php\/urun\/halkla-iliskiler-dersleri\/","title":{"rendered":"Halkla \u0130li\u015fkiler Dersleri"},"content":{"rendered":"<p>\u0130\u00e7indekiler 1- Halkla \u0130li\u015fkiler: Kavramsal \u00c7er\u00e7eve 2-Halkla \u0130li\u015fkilerin Geli\u015fimi 3-Halkla \u0130li\u015fkilerde Y\u00f6ntem Ve Ara\u00e7lar 4-Halkla \u0130li\u015fkiler Uygulamalar\u0131 5-Halkla \u0130li\u015fkiler ve ileti\u015fim 6-Halkla \u0130li\u015fkilerde Hedef Kitle ve Tan\u0131t\u0131m 7-Halkla \u0130li\u015fkiler ve Reklamc\u0131l\u0131k 8-Halkla \u0130li\u015fkiler ve Kamu Kurulu\u015flar\u0131 9-Halkla \u0130li\u015fkiler ve \u0130maj Y\u00f6netimi 10-Halkla \u0130li\u015fkiler, Kamuoyu, propaganda ve alg\u0131lama y\u00f6netimi 11-Halkla \u0130li\u015fkiler ve Kriz Y\u00f6netimi 12-Halkla \u0130li\u015fkilerde Yeni Geli\u015fmeler 13- Uluslararas\u0131 Halkla ili\u015fkiler <\/p>\n","protected":false},"excerpt":{"rendered":"<p>\u0130\u00e7indekiler 1- Halkla \u0130li\u015fkiler: Kavramsal \u00c7er\u00e7eve 2-Halkla \u0130li\u015fkilerin Geli\u015fimi 3-Halkla \u0130li\u015fkilerde Y\u00f6ntem Ve Ara\u00e7lar 4-Halkla \u0130li\u015fkiler Uygulamalar\u0131 5-Halkla \u0130li\u015fkiler ve ileti\u015fim 6-Halkla \u0130li\u015fkilerde Hedef Kitle ve<span class=\"excerpt-hellip\"> [\u2026]<\/span><\/p>\n","protected":false},"featured_media":0,"template":"","meta":{"_monsterinsights_skip_tracking":false,"_monsterinsights_sitenote_active":false,"_monsterinsights_sitenote_note":"","_monsterinsights_sitenote_category":0},"product_brand":[],"product_cat":[12573,12566],"product_tag":[],"class_list":{"0":"post-712750","1":"product","2":"type-product","3":"status-publish","5":"product_cat-akademik-kitaplar","6":"product_cat-egitim","7":"pa_cilt-ciltsiz","8":"pa_tur-kitap","9":"pa_yayinevi-gazi-kitabevi","10":"pa_yazar-mehmet-akif-ozer","12":"first","13":"instock","14":"sale","15":"shipping-taxable","16":"purchasable","17":"product-type-simple"},"_links":{"self":[{"href":"https:\/\/roveyayinevi.com.tr\/index.php\/wp-json\/wp\/v2\/product\/712750","targetHints":{"allow":["GET"]}}],"collection":[{"href":"https:\/\/roveyayinevi.com.tr\/index.php\/wp-json\/wp\/v2\/product"}],"about":[{"href":"https:\/\/roveyayinevi.com.tr\/index.php\/wp-json\/wp\/v2\/types\/product"}],"wp:attachment":[{"href":"https:\/\/roveyayinevi.com.tr\/index.php\/wp-json\/wp\/v2\/media?parent=712750"}],"wp:term":[{"taxonomy":"product_brand","embeddable":true,"href":"https:\/\/roveyayinevi.com.tr\/index.php\/wp-json\/wp\/v2\/product_brand?post=712750"},{"taxonomy":"product_cat","embeddable":true,"href":"https:\/\/roveyayinevi.com.tr\/index.php\/wp-json\/wp\/v2\/product_cat?post=712750"},{"taxonomy":"product_tag","embeddable":true,"href":"https:\/\/roveyayinevi.com.tr\/index.php\/wp-json\/wp\/v2\/product_tag?post=712750"}],"curies":[{"name":"wp","href":"https:\/\/api.w.org\/{rel}","templated":true}]}}