{"id":712749,"date":"2025-08-27T16:59:18","date_gmt":"2025-08-27T13:59:18","guid":{"rendered":"https:\/\/roveyayinevi.com.tr\/index.php\/urun\/rus-carligi-ve-turkler-rus-misyoner-kaynaklarina-gore-1552-1917\/"},"modified":"2026-04-16T02:21:06","modified_gmt":"2026-04-15T23:21:06","slug":"rus-carligi-ve-turkler-rus-misyoner-kaynaklarina-gore-1552-1917","status":"publish","type":"product","link":"https:\/\/roveyayinevi.com.tr\/index.php\/urun\/rus-carligi-ve-turkler-rus-misyoner-kaynaklarina-gore-1552-1917\/","title":{"rendered":"Rus \u00c7arl\u0131\u011f\u0131 ve T\u00fcrkler &#8211; Rus Misyoner Kaynaklar\u0131na G\u00f6re 1552-1917"},"content":{"rendered":"<p>Orijinal kaynaklara dayal\u0131 bu eser, T\u00fcrk d\u00fcnyas\u0131n\u0131n d\u00fcn\u00fcn\u00fc inceleyerek gelece\u011fini y\u00f6nlendirmede do\u011fru yolu bulmak isteyen siyasilerimizin ve ilim adamlar\u0131m\u0131z\u0131n ba\u015fvuraca\u011f\u0131 temel eserlerden biridir.Prof. Dr. Turan YazganBu eser, Rusya\u2019n\u0131n geni\u015flemesiyle istil\u00e2 etti\u011fi T\u00fcrk topraklar\u0131n\u0131n hazin hik\u00e2yesini belgelere dayanarak anlatan k\u0131ymetli bir \u00e7al\u0131\u015fma&#8230; Ayn\u0131 zamanda, bundan sonra yap\u0131lacak \u00e7al\u0131\u015fmalara anahtar olacak kaynak eser.Prof. Dr. Mustafa FaydaBa\u015flang\u0131c\u0131ndan itibaren takip\u00e7isi oldu\u011fum Rus ar\u015fiv belgelerine dayal\u0131 bu \u00e7al\u0131\u015fman\u0131n savunma a\u015famas\u0131nda s\u0131nav komisyonunda bulunmu\u015ftum. T\u00fcrk tarihinin en stratejik b\u00f6lgelerinden birinin hazin ge\u00e7mi\u015fini ortaya koyan bu \u00e7al\u0131\u015fma hakk\u0131ndaki ortak kanaatimizi \u00f6\u011frencimize s\u00f6ylerken gururland\u0131\u011f\u0131m\u0131 ifade etmeliyim. Rus \u00c7arl\u0131\u011f\u0131\u2019n\u0131n T\u00fcrk topraklar\u0131ndaki yerle\u015fim hik\u00e2yesinin belgelenmi\u015f hali olan bu eserin devam\u0131n\u0131n getirilmesini ve T\u00fcrk bilim adamlar\u0131 ve siyaset\u00e7ilerine yol g\u00f6stermesini temenni ediyorum.Prof. Dr. Ahmet Ta\u015fa\u011f\u0131l <\/p>\n","protected":false},"excerpt":{"rendered":"<p>Orijinal kaynaklara dayal\u0131 bu eser, T\u00fcrk d\u00fcnyas\u0131n\u0131n d\u00fcn\u00fcn\u00fc inceleyerek gelece\u011fini y\u00f6nlendirmede do\u011fru yolu bulmak isteyen siyasilerimizin ve ilim adamlar\u0131m\u0131z\u0131n ba\u015fvuraca\u011f\u0131 temel eserlerden biridir.Prof. Dr. Turan YazganBu<span class=\"excerpt-hellip\"> [\u2026]<\/span><\/p>\n","protected":false},"featured_media":0,"template":"","meta":{"_monsterinsights_skip_tracking":false,"_monsterinsights_sitenote_active":false,"_monsterinsights_sitenote_note":"","_monsterinsights_sitenote_category":0},"product_brand":[],"product_cat":[13590,12337],"product_tag":[],"class_list":{"0":"post-712749","1":"product","2":"type-product","3":"status-publish","5":"product_cat-arastirma-inceleme-politika-siyaset","6":"product_cat-politika-siyaset","7":"pa_cilt-ciltsiz","8":"pa_tur-kitap","9":"pa_yayinevi-otuken-nesriyat","10":"pa_yazar-ilyas-topsakal","12":"first","13":"instock","14":"sale","15":"shipping-taxable","16":"purchasable","17":"product-type-simple"},"_links":{"self":[{"href":"https:\/\/roveyayinevi.com.tr\/index.php\/wp-json\/wp\/v2\/product\/712749","targetHints":{"allow":["GET"]}}],"collection":[{"href":"https:\/\/roveyayinevi.com.tr\/index.php\/wp-json\/wp\/v2\/product"}],"about":[{"href":"https:\/\/roveyayinevi.com.tr\/index.php\/wp-json\/wp\/v2\/types\/product"}],"wp:attachment":[{"href":"https:\/\/roveyayinevi.com.tr\/index.php\/wp-json\/wp\/v2\/media?parent=712749"}],"wp:term":[{"taxonomy":"product_brand","embeddable":true,"href":"https:\/\/roveyayinevi.com.tr\/index.php\/wp-json\/wp\/v2\/product_brand?post=712749"},{"taxonomy":"product_cat","embeddable":true,"href":"https:\/\/roveyayinevi.com.tr\/index.php\/wp-json\/wp\/v2\/product_cat?post=712749"},{"taxonomy":"product_tag","embeddable":true,"href":"https:\/\/roveyayinevi.com.tr\/index.php\/wp-json\/wp\/v2\/product_tag?post=712749"}],"curies":[{"name":"wp","href":"https:\/\/api.w.org\/{rel}","templated":true}]}}