{"id":712748,"date":"2025-08-27T16:59:17","date_gmt":"2025-08-27T13:59:17","guid":{"rendered":"https:\/\/roveyayinevi.com.tr\/index.php\/urun\/sihirli-kesifler-tasitlar\/"},"modified":"2026-04-16T02:21:06","modified_gmt":"2026-04-15T23:21:06","slug":"sihirli-kesifler-tasitlar","status":"publish","type":"product","link":"https:\/\/roveyayinevi.com.tr\/index.php\/urun\/sihirli-kesifler-tasitlar\/","title":{"rendered":"Sihirli Ke\u015fifler &#8211; Ta\u015f\u0131tlar"},"content":{"rendered":"<p>Ak\u0131ll\u0131 telefon ve tabletlerinizin kameralar\u0131n\u0131 kitaplar\u0131m\u0131za kitaba tutarak, ARTIRILMI\u015e GER\u00c7EKLIK TEKNOLOJISI ile, 3D animasyon ve \u00e7e\u015fitli g\u00f6rsellerle hem e\u011flenmenizi hem de \u00f6\u011frenmenizi sa\u011flayan bir yay\u0131n ve uygulamad\u0131r. Art\u0131r\u0131lm\u0131\u015f Ger\u00e7eklik, ger\u00e7ek d\u00fcnyadaki \u00e7evrenin ve i\u00e7indekilerin bilgisayar taraf\u0131ndan \u00fcretilen ses, g\u00f6r\u00fcnt\u00fc, grafik ile zenginle\u015ftirilerek meydana getirilen canl\u0131, do\u011frudan veya dolayl\u0131 fiziksel g\u00f6r\u00fcn\u00fcm\u00fcd\u00fcr. Sihirli Ke\u015fifler olarak sundu\u011fumuz ise \u00e7ocuklar\u0131m\u0131z\u0131n di\u011fer elindeki hayalleri teknolojiyi e\u011fitici y\u00f6nde kullanabilmesidir. Teknolojinin sihriyle yeni \u015feyler ke\u015ffedip \u00f6\u011frenirken, oyun oynayarak e\u011flenmelerini de sa\u011flamakt\u0131r. Artt\u0131r\u0131lm\u0131\u015f ger\u00e7eklik kullan\u0131c\u0131lara yeni d\u00fcnyalar a\u00e7acakt\u0131r. Sihirli Ke\u015fifler, artt\u0131r\u0131lm\u0131\u015f ger\u00e7eklik kullanarak \u00e7ocuklar\u0131m\u0131za a\u00e7\u0131lan yeni d\u00fcnyay\u0131 \u00f6\u011frenmelerini sa\u011flayacak bilgilerle dolduracakt\u0131r. Artt\u0131r\u0131lm\u0131\u015f Ger\u00e7eklik Teknolojinin ilerlemeye devam etti\u011fi ve \u00e7ocuklar\u0131m\u0131z\u0131n teknolojik ara\u00e7larla bulu\u015ftu\u011fu g\u00fcn\u00fcm\u00fczde, bu ara\u00e7lar\u0131 ve teknolojiyi onlar\u0131n i\u00e7in faydal\u0131 hale getirmeyi hedef olarak belirledik. Uzman ekiplerin destekleriyle haz\u0131rlad\u0131\u011f\u0131m\u0131z e\u011fitici kitaplardan, telefon veya tabletleri kullanarak, artt\u0131r\u0131lm\u0131\u015f ger\u00e7eklik \u00f6zelli\u011fiyle hem bilgi almalar\u0131n\u0131 hem de e\u011flenmelerini ama\u00e7lad\u0131k. \u0130\u015fte bu ama\u00e7la yeni bir teknoloji olan artt\u0131r\u0131lm\u0131\u015f ger\u00e7eklik ile Kitaplar\u0131m\u0131z\u0131 tasarlad\u0131k. \u00c7ocuklar\u0131m\u0131z\u0131n, bu kitaplar ve teknoloji sayesinde \u00e7evrelerindeki d\u00fcnyay\u0131 g\u00f6rsel etkile\u015fimle canl\u0131 canl\u0131 g\u00f6rmelerini ve \u00f6\u011frenmelerini sa\u011fl\u0131yoruz. <\/p>\n","protected":false},"excerpt":{"rendered":"<p>Ak\u0131ll\u0131 telefon ve tabletlerinizin kameralar\u0131n\u0131 kitaplar\u0131m\u0131za kitaba tutarak, ARTIRILMI\u015e GER\u00c7EKLIK TEKNOLOJISI ile, 3D animasyon ve \u00e7e\u015fitli g\u00f6rsellerle hem e\u011flenmenizi hem de \u00f6\u011frenmenizi sa\u011flayan bir yay\u0131n ve<span class=\"excerpt-hellip\"> [\u2026]<\/span><\/p>\n","protected":false},"featured_media":0,"template":"","meta":{"_monsterinsights_skip_tracking":false,"_monsterinsights_sitenote_active":false,"_monsterinsights_sitenote_note":"","_monsterinsights_sitenote_category":0},"product_brand":[],"product_cat":[12913,12274],"product_tag":[],"class_list":{"0":"post-712748","1":"product","2":"type-product","3":"status-publish","5":"product_cat-3-6-yas-kitaplari","6":"product_cat-cocuk-ve-genclik-kitaplari","7":"pa_cilt-ciltsiz","8":"pa_tur-kitap","9":"pa_yayinevi-kalkedon-yayincilik","10":"pa_yazar-kollektif","12":"first","13":"instock","14":"sale","15":"shipping-taxable","16":"purchasable","17":"product-type-simple"},"_links":{"self":[{"href":"https:\/\/roveyayinevi.com.tr\/index.php\/wp-json\/wp\/v2\/product\/712748","targetHints":{"allow":["GET"]}}],"collection":[{"href":"https:\/\/roveyayinevi.com.tr\/index.php\/wp-json\/wp\/v2\/product"}],"about":[{"href":"https:\/\/roveyayinevi.com.tr\/index.php\/wp-json\/wp\/v2\/types\/product"}],"wp:attachment":[{"href":"https:\/\/roveyayinevi.com.tr\/index.php\/wp-json\/wp\/v2\/media?parent=712748"}],"wp:term":[{"taxonomy":"product_brand","embeddable":true,"href":"https:\/\/roveyayinevi.com.tr\/index.php\/wp-json\/wp\/v2\/product_brand?post=712748"},{"taxonomy":"product_cat","embeddable":true,"href":"https:\/\/roveyayinevi.com.tr\/index.php\/wp-json\/wp\/v2\/product_cat?post=712748"},{"taxonomy":"product_tag","embeddable":true,"href":"https:\/\/roveyayinevi.com.tr\/index.php\/wp-json\/wp\/v2\/product_tag?post=712748"}],"curies":[{"name":"wp","href":"https:\/\/api.w.org\/{rel}","templated":true}]}}