{"id":712747,"date":"2025-08-27T16:59:17","date_gmt":"2025-08-27T13:59:17","guid":{"rendered":"https:\/\/roveyayinevi.com.tr\/index.php\/urun\/naili-birakamam\/"},"modified":"2026-04-16T02:21:06","modified_gmt":"2026-04-15T23:21:06","slug":"naili-birakamam","status":"publish","type":"product","link":"https:\/\/roveyayinevi.com.tr\/index.php\/urun\/naili-birakamam\/","title":{"rendered":"Nail&#8217;i B\u0131rakamam"},"content":{"rendered":"<p>N\u00e2z\u0131m Hikmet\u2019ten Mina Urgan\u2019a, Sabahattin Ali\u2019den Ruhi Su\u2019ya kadar pek \u00e7ok ismin yer ald\u0131\u011f\u0131 bir d\u00f6nem roman\u0131. Ortaokul y\u0131llar\u0131nda yazman\u0131n b\u00fcy\u00fcs\u00fcne kap\u0131lan, \u00e7\u0131kard\u0131\u011f\u0131 dergilerle haks\u0131zl\u0131\u011fa ba\u015fkald\u0131ran, \u015fiirleri nedeniyle Atat\u00fcrk\u2019e \u015fik\u00e2yet edilen, 17 ya\u015f\u0131nda Naz\u0131m Hikmet\u2019le ko\u011fu\u015f arkada\u015fl\u0131\u011f\u0131 yapan, 24\u2019\u00fcnde Moskova\u2019da ya\u015farken gelen bir telgraf emriyle b\u00fcy\u00fck a\u015fk\u0131 Taisa\u2019dan \u00e7ocu\u011funun do\u011fumuna bir ay kala ayr\u0131l\u0131p \u00fclkeye d\u00f6nen ve y\u0131llar sonra a\u015fk\u0131 yeniden Halet \u00c7ambel\u2019de bulunca ya\u015fam\u0131n\u0131n \u015fekli de\u011fi\u015fen, Zekeriya Sertel, Naz\u0131m Hikmet, Mina Ungan, Suat Dervi\u015f, Abidin Dino, Orhan Veli, Sabahattin Ali\u2019nin yak\u0131n arkada\u015f\u0131, mimar olmad\u0131\u011f\u0131 halde A\u011fa Han Mimarl\u0131k \u00f6d\u00fcl\u00fc alan\u2026 Nail \u00c7ak\u0131rhan Sadrazam torunu olmas\u0131na kar\u015f\u0131n hayat\u0131 ve a\u015fk\u0131 en olgun \u015fekilde kar\u015f\u0131layan,  l\u00fcks ve sefahat i\u00e7indeki ya\u015fam\u0131n b\u00fcy\u00fcs\u00fcnden kurtularak gerekti\u011finde Hitler\u2019e meydan okuyacak kadar cesur, \u00e7ad\u0131rlarda yatarak hedefine ula\u015fmak i\u00e7in \u00e7al\u0131\u015facak kadar idealist, e\u015fk\u0131yalar ile pazarl\u0131k yapacak kadar kendine g\u00fcvenli, k\u00f6y kad\u0131nlar\u0131n\u0131 bir araya getirerek \u00fcretken k\u0131lacak kadar giri\u015fimci, yoksul \u00e7ocuklar\u0131n okumas\u0131n\u0131 organize edecek kadar Cumhuriyet kad\u0131n\u0131 ve kocas\u0131 mutlu olur d\u00fc\u015f\u00fcncesi ile onun ilk kar\u0131s\u0131 Taisa\u2019y\u0131 aramak i\u00e7in Rusya\u2019ya gidecek kadar \u1ead\u015f\u0131k&#8230; Halet \u00c7ambel Dursun ve Nesrin Paksoy\u2019un \u00e7ocuklar\u0131. B\u00fct\u00fcn bu an\u0131lar\u0131n sahibi. Nail Day\u0131s\u0131 ve Halet Han\u0131m Teyzesinin eline do\u011fmu\u015f vefal\u0131 bir dost. \u00c2\u015f\u0131k Veysel\u2019den Ruhi Su\u2019ya, Zekeriya Sertel\u2019den Ya\u015far Kemal\u2019e kadar bir\u00e7ok \u00f6nemli isimle an\u0131lar ya\u015fam\u0131\u015f  ve Ya\u015far Kemal\u2019in kitaplar\u0131na konu olmu\u015f Uzun Ahmet\u2019in torunu\u2026 Emre Paksoy Ahmet Faik Paksoy ve Mehmet Savrun ba\u015fta olmak \u00fczere di\u011fer a\u011falar\u0131n yan\u0131nda puant\u00f6rl\u00fck, gece bek\u00e7ili\u011fi yapm\u0131\u015f, daha sonra vekil \u00f6\u011fretmenli\u011fe ge\u00e7mi\u015f, zaman zaman yazd\u0131\u011f\u0131 yaz\u0131lar\u0131 Adana\u2019da \u00e7\u0131kan dergilere g\u00f6ndermi\u015f ve Ahmet Faik Paksoy\u2019un kendisine davran\u0131\u015flar\u0131 nedeni ile Kadirli\u2019yi terk ederek \u0130stanbul\u2019a gelmi\u015f,  herkesin Ya\u015far Kemal olarak tan\u0131d\u0131\u011f\u0131\u2026 Kemal Sad\u0131k <\/p>\n","protected":false},"excerpt":{"rendered":"<p>N\u00e2z\u0131m Hikmet\u2019ten Mina Urgan\u2019a, Sabahattin Ali\u2019den Ruhi Su\u2019ya kadar pek \u00e7ok ismin yer ald\u0131\u011f\u0131 bir d\u00f6nem roman\u0131. Ortaokul y\u0131llar\u0131nda yazman\u0131n b\u00fcy\u00fcs\u00fcne kap\u0131lan, \u00e7\u0131kard\u0131\u011f\u0131 dergilerle haks\u0131zl\u0131\u011fa ba\u015fkald\u0131ran,<span class=\"excerpt-hellip\"> [\u2026]<\/span><\/p>\n","protected":false},"featured_media":0,"template":"","meta":{"_monsterinsights_skip_tracking":false,"_monsterinsights_sitenote_active":false,"_monsterinsights_sitenote_note":"","_monsterinsights_sitenote_category":0},"product_brand":[],"product_cat":[12291,12711],"product_tag":[],"class_list":{"0":"post-712747","1":"product","2":"type-product","3":"status-publish","5":"product_cat-edebiyat","6":"product_cat-roman-oyku","7":"pa_cilt-ciltsiz","8":"pa_tur-kitap","9":"pa_yayinevi-epsilon-yayinlari","10":"pa_yazar-numan-aydinoglu","12":"first","13":"instock","14":"sale","15":"shipping-taxable","16":"purchasable","17":"product-type-simple"},"_links":{"self":[{"href":"https:\/\/roveyayinevi.com.tr\/index.php\/wp-json\/wp\/v2\/product\/712747","targetHints":{"allow":["GET"]}}],"collection":[{"href":"https:\/\/roveyayinevi.com.tr\/index.php\/wp-json\/wp\/v2\/product"}],"about":[{"href":"https:\/\/roveyayinevi.com.tr\/index.php\/wp-json\/wp\/v2\/types\/product"}],"wp:attachment":[{"href":"https:\/\/roveyayinevi.com.tr\/index.php\/wp-json\/wp\/v2\/media?parent=712747"}],"wp:term":[{"taxonomy":"product_brand","embeddable":true,"href":"https:\/\/roveyayinevi.com.tr\/index.php\/wp-json\/wp\/v2\/product_brand?post=712747"},{"taxonomy":"product_cat","embeddable":true,"href":"https:\/\/roveyayinevi.com.tr\/index.php\/wp-json\/wp\/v2\/product_cat?post=712747"},{"taxonomy":"product_tag","embeddable":true,"href":"https:\/\/roveyayinevi.com.tr\/index.php\/wp-json\/wp\/v2\/product_tag?post=712747"}],"curies":[{"name":"wp","href":"https:\/\/api.w.org\/{rel}","templated":true}]}}