{"id":712746,"date":"2025-08-27T16:59:16","date_gmt":"2025-08-27T13:59:16","guid":{"rendered":"https:\/\/roveyayinevi.com.tr\/index.php\/urun\/krallar-ve-kurallar\/"},"modified":"2026-04-16T02:21:06","modified_gmt":"2026-04-15T23:21:06","slug":"krallar-ve-kurallar","status":"publish","type":"product","link":"https:\/\/roveyayinevi.com.tr\/index.php\/urun\/krallar-ve-kurallar\/","title":{"rendered":"Krallar Ve Kurallar"},"content":{"rendered":"<p>Edebiyat\u0131m\u0131za \u00f6l\u00fcms\u00fcz eserler kazand\u0131ran R\u0131fat Ilgaz, y\u0131llarca \u00e7e\u015fitli gazetelerde k\u00f6\u015fe yaz\u0131lar\u0131 yazd\u0131. Ya\u015fam ko\u015fullar\u0131, toplumsal adalet, demokrasi, e\u011fitim, k\u00fclt\u00fcr, sanat gibi konulardaki g\u00f6r\u00fc\u015flerini, toplumcu ger\u00e7ek\u00e7i bir yakla\u015f\u0131mla kaleme ald\u0131. Krallar ve Kurallar, R\u0131fat Ilgaz&#8217;\u0131n bu gibi konular\u0131 i\u015fledi\u011fi gazete yaz\u0131lar\u0131ndan yapt\u0131\u011f\u0131 bir se\u00e7kidir. Ilgaz, k\u00f6\u015fe yazarlar\u0131n\u0131n halk\u0131n \u00e7\u0131karlar\u0131n\u0131 g\u00f6zetmesi, bu bilin\u00e7le d\u00fc\u015f\u00fcncelerini topluma aktarmas\u0131 ve evrensel olmas\u0131 gerekti\u011fini \u00f6d\u00fcn vermeksizin savunur. Emekten ve adaletten yana eksenini yitirmeyen bu yaz\u0131lar\u0131 okurken \u00fclkemizde ve d\u00fcnyada o g\u00fcnlerden bug\u00fcne ne \u00e7ok \u015feyin de\u011fi\u015fmedi\u011fini fark edeceksiniz. <\/p>\n","protected":false},"excerpt":{"rendered":"<p>Edebiyat\u0131m\u0131za \u00f6l\u00fcms\u00fcz eserler kazand\u0131ran R\u0131fat Ilgaz, y\u0131llarca \u00e7e\u015fitli gazetelerde k\u00f6\u015fe yaz\u0131lar\u0131 yazd\u0131. Ya\u015fam ko\u015fullar\u0131, toplumsal adalet, demokrasi, e\u011fitim, k\u00fclt\u00fcr, sanat gibi konulardaki g\u00f6r\u00fc\u015flerini, toplumcu ger\u00e7ek\u00e7i bir<span class=\"excerpt-hellip\"> [\u2026]<\/span><\/p>\n","protected":false},"featured_media":0,"template":"","meta":{"_monsterinsights_skip_tracking":false,"_monsterinsights_sitenote_active":false,"_monsterinsights_sitenote_note":"","_monsterinsights_sitenote_category":0},"product_brand":[],"product_cat":[12777,12291],"product_tag":[],"class_list":{"0":"post-712746","1":"product","2":"type-product","3":"status-publish","5":"product_cat-deneme","6":"product_cat-edebiyat","7":"pa_cilt-ciltsiz","8":"pa_tur-kitap","9":"pa_yayinevi-cinar-yayinlari","10":"pa_yazar-rifat-ilgaz","12":"first","13":"instock","14":"sale","15":"shipping-taxable","16":"purchasable","17":"product-type-simple"},"_links":{"self":[{"href":"https:\/\/roveyayinevi.com.tr\/index.php\/wp-json\/wp\/v2\/product\/712746","targetHints":{"allow":["GET"]}}],"collection":[{"href":"https:\/\/roveyayinevi.com.tr\/index.php\/wp-json\/wp\/v2\/product"}],"about":[{"href":"https:\/\/roveyayinevi.com.tr\/index.php\/wp-json\/wp\/v2\/types\/product"}],"wp:attachment":[{"href":"https:\/\/roveyayinevi.com.tr\/index.php\/wp-json\/wp\/v2\/media?parent=712746"}],"wp:term":[{"taxonomy":"product_brand","embeddable":true,"href":"https:\/\/roveyayinevi.com.tr\/index.php\/wp-json\/wp\/v2\/product_brand?post=712746"},{"taxonomy":"product_cat","embeddable":true,"href":"https:\/\/roveyayinevi.com.tr\/index.php\/wp-json\/wp\/v2\/product_cat?post=712746"},{"taxonomy":"product_tag","embeddable":true,"href":"https:\/\/roveyayinevi.com.tr\/index.php\/wp-json\/wp\/v2\/product_tag?post=712746"}],"curies":[{"name":"wp","href":"https:\/\/api.w.org\/{rel}","templated":true}]}}