{"id":712744,"date":"2025-08-27T16:59:15","date_gmt":"2025-08-27T13:59:15","guid":{"rendered":"https:\/\/roveyayinevi.com.tr\/index.php\/urun\/haydi-yolumuz-acik-olsun\/"},"modified":"2026-04-16T02:21:06","modified_gmt":"2026-04-15T23:21:06","slug":"haydi-yolumuz-acik-olsun","status":"publish","type":"product","link":"https:\/\/roveyayinevi.com.tr\/index.php\/urun\/haydi-yolumuz-acik-olsun\/","title":{"rendered":"Haydi Yolumuz A\u00e7\u0131k Olsun"},"content":{"rendered":"<p>R\u0131fat Ilgaz, Haydi Yolunuz A\u00e7\u0131k Olsun\u2019daki \u00f6yk\u00fclerinde toplumsal aksakl\u0131klar\u0131 mizahla yo\u011furuyor. G\u00f6rmek istemedi\u011fimiz, unutmaya ve unutturmaya \u00e7al\u0131\u015ft\u0131\u011f\u0131m\u0131z ne varsa, Ilgaz\u2019\u0131n bu \u00f6yk\u00fcleriyle belleklerimize kaz\u0131n\u0131yor.  R\u0131fat Ilgaz, \u00f6yk\u00fc kahramanlar\u0131n\u0131n \u00e7at\u0131\u015fmal\u0131 hallerini, k\u00fc\u00e7\u00fck hayallerini, umutlar\u0131n\u0131 b\u00fct\u00fcn renklili\u011fi ve i\u00e7tenli\u011fiyle yans\u0131t\u0131yor. <\/p>\n","protected":false},"excerpt":{"rendered":"<p>R\u0131fat Ilgaz, Haydi Yolunuz A\u00e7\u0131k Olsun\u2019daki \u00f6yk\u00fclerinde toplumsal aksakl\u0131klar\u0131 mizahla yo\u011furuyor. G\u00f6rmek istemedi\u011fimiz, unutmaya ve unutturmaya \u00e7al\u0131\u015ft\u0131\u011f\u0131m\u0131z ne varsa, Ilgaz\u2019\u0131n bu \u00f6yk\u00fcleriyle belleklerimize kaz\u0131n\u0131yor. R\u0131fat Ilgaz,<span class=\"excerpt-hellip\"> [\u2026]<\/span><\/p>\n","protected":false},"featured_media":0,"template":"","meta":{"_monsterinsights_skip_tracking":false,"_monsterinsights_sitenote_active":false,"_monsterinsights_sitenote_note":"","_monsterinsights_sitenote_category":0},"product_brand":[],"product_cat":[12291,12711],"product_tag":[],"class_list":{"0":"post-712744","1":"product","2":"type-product","3":"status-publish","5":"product_cat-edebiyat","6":"product_cat-roman-oyku","7":"pa_cilt-ciltsiz","8":"pa_tur-kitap","9":"pa_yayinevi-cinar-yayinlari","10":"pa_yazar-rifat-ilgaz","12":"first","13":"instock","14":"sale","15":"shipping-taxable","16":"purchasable","17":"product-type-simple"},"_links":{"self":[{"href":"https:\/\/roveyayinevi.com.tr\/index.php\/wp-json\/wp\/v2\/product\/712744","targetHints":{"allow":["GET"]}}],"collection":[{"href":"https:\/\/roveyayinevi.com.tr\/index.php\/wp-json\/wp\/v2\/product"}],"about":[{"href":"https:\/\/roveyayinevi.com.tr\/index.php\/wp-json\/wp\/v2\/types\/product"}],"wp:attachment":[{"href":"https:\/\/roveyayinevi.com.tr\/index.php\/wp-json\/wp\/v2\/media?parent=712744"}],"wp:term":[{"taxonomy":"product_brand","embeddable":true,"href":"https:\/\/roveyayinevi.com.tr\/index.php\/wp-json\/wp\/v2\/product_brand?post=712744"},{"taxonomy":"product_cat","embeddable":true,"href":"https:\/\/roveyayinevi.com.tr\/index.php\/wp-json\/wp\/v2\/product_cat?post=712744"},{"taxonomy":"product_tag","embeddable":true,"href":"https:\/\/roveyayinevi.com.tr\/index.php\/wp-json\/wp\/v2\/product_tag?post=712744"}],"curies":[{"name":"wp","href":"https:\/\/api.w.org\/{rel}","templated":true}]}}