{"id":712743,"date":"2025-08-27T16:59:14","date_gmt":"2025-08-27T13:59:14","guid":{"rendered":"https:\/\/roveyayinevi.com.tr\/index.php\/urun\/gezerek-gorduklerim\/"},"modified":"2026-04-16T02:21:06","modified_gmt":"2026-04-15T23:21:06","slug":"gezerek-gorduklerim","status":"publish","type":"product","link":"https:\/\/roveyayinevi.com.tr\/index.php\/urun\/gezerek-gorduklerim\/","title":{"rendered":"Gezerek G\u00f6rd\u00fcklerim"},"content":{"rendered":"<p>Falih R\u0131fk\u0131 Atay,  Antalya,  Antep,  \u0130ngiltere, Arnavutluk,  Amerika ve Brezilya\u2019ya yapt\u0131\u011f\u0131 seyahatlerin notlar\u0131ndan olu\u015fan bu kitab\u0131yla  okuyucuyu  unutulmaz bir yolculu\u011fa \u00e7\u0131kar\u0131rken,  gitti\u011fi co\u011frafyalar hakk\u0131nda da o d\u00f6neme ait bilgiler aktar\u0131yor. <\/p>\n","protected":false},"excerpt":{"rendered":"<p>Falih R\u0131fk\u0131 Atay, Antalya, Antep, \u0130ngiltere, Arnavutluk, Amerika ve Brezilya\u2019ya yapt\u0131\u011f\u0131 seyahatlerin notlar\u0131ndan olu\u015fan bu kitab\u0131yla okuyucuyu unutulmaz bir yolculu\u011fa \u00e7\u0131kar\u0131rken, gitti\u011fi co\u011frafyalar hakk\u0131nda da o<span class=\"excerpt-hellip\"> [\u2026]<\/span><\/p>\n","protected":false},"featured_media":0,"template":"","meta":{"_monsterinsights_skip_tracking":false,"_monsterinsights_sitenote_active":false,"_monsterinsights_sitenote_note":"","_monsterinsights_sitenote_category":0},"product_brand":[],"product_cat":[13528,13527],"product_tag":[],"class_list":{"0":"post-712743","1":"product","2":"type-product","3":"status-publish","5":"product_cat-gezi","6":"product_cat-sureli-yayinlar","7":"pa_cilt-ciltsiz","8":"pa_tur-kitap","9":"pa_yayinevi-pozitif-yayinlari","10":"pa_yazar-falih-rifki-atay","12":"first","13":"instock","14":"sale","15":"shipping-taxable","16":"purchasable","17":"product-type-simple"},"_links":{"self":[{"href":"https:\/\/roveyayinevi.com.tr\/index.php\/wp-json\/wp\/v2\/product\/712743","targetHints":{"allow":["GET"]}}],"collection":[{"href":"https:\/\/roveyayinevi.com.tr\/index.php\/wp-json\/wp\/v2\/product"}],"about":[{"href":"https:\/\/roveyayinevi.com.tr\/index.php\/wp-json\/wp\/v2\/types\/product"}],"wp:attachment":[{"href":"https:\/\/roveyayinevi.com.tr\/index.php\/wp-json\/wp\/v2\/media?parent=712743"}],"wp:term":[{"taxonomy":"product_brand","embeddable":true,"href":"https:\/\/roveyayinevi.com.tr\/index.php\/wp-json\/wp\/v2\/product_brand?post=712743"},{"taxonomy":"product_cat","embeddable":true,"href":"https:\/\/roveyayinevi.com.tr\/index.php\/wp-json\/wp\/v2\/product_cat?post=712743"},{"taxonomy":"product_tag","embeddable":true,"href":"https:\/\/roveyayinevi.com.tr\/index.php\/wp-json\/wp\/v2\/product_tag?post=712743"}],"curies":[{"name":"wp","href":"https:\/\/api.w.org\/{rel}","templated":true}]}}