{"id":712741,"date":"2025-08-27T16:59:13","date_gmt":"2025-08-27T13:59:13","guid":{"rendered":"https:\/\/roveyayinevi.com.tr\/index.php\/urun\/bi-arkadasin-basina-gelmis\/"},"modified":"2026-04-16T02:21:06","modified_gmt":"2026-04-15T23:21:06","slug":"bi-arkadasin-basina-gelmis","status":"publish","type":"product","link":"https:\/\/roveyayinevi.com.tr\/index.php\/urun\/bi-arkadasin-basina-gelmis\/","title":{"rendered":"Bi Arkada\u015f\u0131n Ba\u015f\u0131na Gelmi\u015f"},"content":{"rendered":"<p>Hi\u00e7 ba\u015f\u0131n\u0131zdan ge\u00e7mi\u015f bir olay\u0131 utand\u0131\u011f\u0131n\u0131z, kendinize yak\u0131\u015ft\u0131ramad\u0131\u011f\u0131n\u0131z ya da aptal durumuna d\u00fc\u015fmek istemedi\u011finiz i\u00e7in  \u201cbir arkada\u015f\u0131n\u0131z\u0131n ba\u015f\u0131ndan ge\u00e7mi\u015f gibi\u201d  anlatt\u0131n\u0131z m\u0131? Farkl\u0131 \u00e7evrelerden doksan dokuz kad\u0131n en kuytu k\u00f6\u015fedeki s\u0131rlar\u0131n\u0131 bu kolektif kitap i\u00e7in g\u00fcn \u0131\u015f\u0131\u011f\u0131na \u00e7\u0131kar\u0131p Bi\u2019 Arkada\u015f\u0131n Ba\u015f\u0131na Gelmi\u015f diyerek anlatt\u0131.  Bu her biri birbirinden farkl\u0131 kad\u0131n itiraflar\u0131n\u0131 okurken, kiminde g\u00fclecek, kiminde a\u011flayacak, kiminden dersler \u00e7\u0131karacak, kiminden ilham alacaks\u0131n\u0131z! Bu itiraflarda bin bir duygusuyla  tam da hayat\u0131 bulacaks\u0131n\u0131z.  Hangi itiraf kime ait, merak ediyor musunuz? Asl\u0131nda bu bizim s\u0131rr\u0131m\u0131z. Belki siz hangisini kimin yazd\u0131\u011f\u0131n\u0131 bulabilirsiniz.  Ama biz ser veririz, s\u0131r vermeyiz! <\/p>\n","protected":false},"excerpt":{"rendered":"<p>Hi\u00e7 ba\u015f\u0131n\u0131zdan ge\u00e7mi\u015f bir olay\u0131 utand\u0131\u011f\u0131n\u0131z, kendinize yak\u0131\u015ft\u0131ramad\u0131\u011f\u0131n\u0131z ya da aptal durumuna d\u00fc\u015fmek istemedi\u011finiz i\u00e7in \u201cbir arkada\u015f\u0131n\u0131z\u0131n ba\u015f\u0131ndan ge\u00e7mi\u015f gibi\u201d anlatt\u0131n\u0131z m\u0131? Farkl\u0131 \u00e7evrelerden doksan dokuz<span class=\"excerpt-hellip\"> [\u2026]<\/span><\/p>\n","protected":false},"featured_media":0,"template":"","meta":{"_monsterinsights_skip_tracking":false,"_monsterinsights_sitenote_active":false,"_monsterinsights_sitenote_note":"","_monsterinsights_sitenote_category":0},"product_brand":[],"product_cat":[12777,12291],"product_tag":[],"class_list":{"0":"post-712741","1":"product","2":"type-product","3":"status-publish","5":"product_cat-deneme","6":"product_cat-edebiyat","7":"pa_cilt-ciltsiz","8":"pa_tur-kitap","9":"pa_yayinevi-inkilap-kitabevi","10":"pa_yazar-banu-ozkan-tozluyurt-esra-aylin-akalin-mine-cakir","12":"first","13":"instock","14":"sale","15":"shipping-taxable","16":"purchasable","17":"product-type-simple"},"_links":{"self":[{"href":"https:\/\/roveyayinevi.com.tr\/index.php\/wp-json\/wp\/v2\/product\/712741","targetHints":{"allow":["GET"]}}],"collection":[{"href":"https:\/\/roveyayinevi.com.tr\/index.php\/wp-json\/wp\/v2\/product"}],"about":[{"href":"https:\/\/roveyayinevi.com.tr\/index.php\/wp-json\/wp\/v2\/types\/product"}],"wp:attachment":[{"href":"https:\/\/roveyayinevi.com.tr\/index.php\/wp-json\/wp\/v2\/media?parent=712741"}],"wp:term":[{"taxonomy":"product_brand","embeddable":true,"href":"https:\/\/roveyayinevi.com.tr\/index.php\/wp-json\/wp\/v2\/product_brand?post=712741"},{"taxonomy":"product_cat","embeddable":true,"href":"https:\/\/roveyayinevi.com.tr\/index.php\/wp-json\/wp\/v2\/product_cat?post=712741"},{"taxonomy":"product_tag","embeddable":true,"href":"https:\/\/roveyayinevi.com.tr\/index.php\/wp-json\/wp\/v2\/product_tag?post=712741"}],"curies":[{"name":"wp","href":"https:\/\/api.w.org\/{rel}","templated":true}]}}