{"id":712739,"date":"2025-08-27T16:59:12","date_gmt":"2025-08-27T13:59:12","guid":{"rendered":"https:\/\/roveyayinevi.com.tr\/index.php\/urun\/epigramlar-ve-seytanin-sozlugunden-okkali-maddeler\/"},"modified":"2026-04-16T02:21:06","modified_gmt":"2026-04-15T23:21:06","slug":"epigramlar-ve-seytanin-sozlugunden-okkali-maddeler","status":"publish","type":"product","link":"https:\/\/roveyayinevi.com.tr\/index.php\/urun\/epigramlar-ve-seytanin-sozlugunden-okkali-maddeler\/","title":{"rendered":"Epigramlar ve  \u015eeytan\u0131n S\u00f6zl\u00fc\u011f\u00fc&#8217;nden Okkal\u0131 Maddeler"},"content":{"rendered":"<p>Amerikan edebiyat\u0131n\u0131n en al\u0131\u015f\u0131lmad\u0131k, en dikkat \u00e7ekici yazarlar\u0131ndan biri Ambrose Bierce. \u0130\u011fneleyici n\u00fcktedanl\u0131\u011f\u0131 ve zehir gibi hicviyle \u015feytana bile pabucunu ters giydiren bir adam. Bierce\u2019\u0131n her durumu tersinden okudu\u011fu, Francisco Goya\u2019n\u0131n grav\u00fcrlerinin e\u015flik etti\u011fi Epigramlar ve \u015eeytan\u2019\u0131n S\u00f6zl\u00fc\u011f\u00fc\u2019nden  yap\u0131lan bu se\u00e7ki ise karamsarl\u0131\u011f\u0131 de\u011fil keskin bir zek\u00e2n\u0131n ve y\u00fcksek bir mizah\u0131n pe\u015fi s\u0131ra s\u00fcr\u00fckledi\u011fi \u00f6zg\u00fcrl\u00fc\u011f\u00fc a\u015f\u0131l\u0131yor okura. <\/p>\n","protected":false},"excerpt":{"rendered":"<p>Amerikan edebiyat\u0131n\u0131n en al\u0131\u015f\u0131lmad\u0131k, en dikkat \u00e7ekici yazarlar\u0131ndan biri Ambrose Bierce. \u0130\u011fneleyici n\u00fcktedanl\u0131\u011f\u0131 ve zehir gibi hicviyle \u015feytana bile pabucunu ters giydiren bir adam. Bierce\u2019\u0131n her<span class=\"excerpt-hellip\"> [\u2026]<\/span><\/p>\n","protected":false},"featured_media":0,"template":"","meta":{"_monsterinsights_skip_tracking":false,"_monsterinsights_sitenote_active":false,"_monsterinsights_sitenote_note":"","_monsterinsights_sitenote_category":0},"product_brand":[],"product_cat":[12891,12291],"product_tag":[],"class_list":{"0":"post-712739","1":"product","2":"type-product","3":"status-publish","5":"product_cat-amerikan-edebiyati","6":"product_cat-edebiyat","7":"pa_cilt-ciltsiz","8":"pa_tur-kitap","9":"pa_yayinevi-kirmizi-kedi-yayinevi","10":"pa_yazar-ambrose-bierce","12":"first","13":"instock","14":"sale","15":"shipping-taxable","16":"purchasable","17":"product-type-simple"},"_links":{"self":[{"href":"https:\/\/roveyayinevi.com.tr\/index.php\/wp-json\/wp\/v2\/product\/712739","targetHints":{"allow":["GET"]}}],"collection":[{"href":"https:\/\/roveyayinevi.com.tr\/index.php\/wp-json\/wp\/v2\/product"}],"about":[{"href":"https:\/\/roveyayinevi.com.tr\/index.php\/wp-json\/wp\/v2\/types\/product"}],"wp:attachment":[{"href":"https:\/\/roveyayinevi.com.tr\/index.php\/wp-json\/wp\/v2\/media?parent=712739"}],"wp:term":[{"taxonomy":"product_brand","embeddable":true,"href":"https:\/\/roveyayinevi.com.tr\/index.php\/wp-json\/wp\/v2\/product_brand?post=712739"},{"taxonomy":"product_cat","embeddable":true,"href":"https:\/\/roveyayinevi.com.tr\/index.php\/wp-json\/wp\/v2\/product_cat?post=712739"},{"taxonomy":"product_tag","embeddable":true,"href":"https:\/\/roveyayinevi.com.tr\/index.php\/wp-json\/wp\/v2\/product_tag?post=712739"}],"curies":[{"name":"wp","href":"https:\/\/api.w.org\/{rel}","templated":true}]}}