{"id":712737,"date":"2025-08-27T16:59:11","date_gmt":"2025-08-27T13:59:11","guid":{"rendered":"https:\/\/roveyayinevi.com.tr\/index.php\/urun\/siyah-guzeldir\/"},"modified":"2026-04-16T02:21:06","modified_gmt":"2026-04-15T23:21:06","slug":"siyah-guzeldir","status":"publish","type":"product","link":"https:\/\/roveyayinevi.com.tr\/index.php\/urun\/siyah-guzeldir\/","title":{"rendered":"Siyah G\u00fczeldir"},"content":{"rendered":"<p>\u201cSiyah g\u00fczeldir. Siyah\u2019\u0131n \u00e7irkin, k\u00f6t\u00fc ve \u015feytani bir \u015fey olarak g\u00f6sterildi\u011fi Bat\u0131 k\u00fclt\u00fcr\u00fcne kar\u015f\u0131t bir duru\u015f olarak ortaya \u00e7\u0131kan bu slogan, bir isyan\u0131n ad\u0131yd\u0131. Siyah deri, sa\u00e7 ve di\u011fer \u00f6zelliklerin utan\u0131lacak \u015feyler olmad\u0131\u011f\u0131, aksine g\u00fczel \u015feyler oldu\u011fu anlat\u0131lmaya ba\u015fland\u0131. A\u015fa\u011f\u0131lanan, onurlar\u0131 ayaklar alt\u0131na al\u0131nan, ruhlar\u0131 bile k\u00f6lele\u015ftirilen insanlara; siyah g\u00fczeldir ile \u00f6zg\u00fcven a\u015f\u0131lan\u0131yordu.\u201d \u201cTitanik her anlamda bir hayal gemisiydi. Bu hayalin pe\u015finde ko\u015fmak isteyen binlerce insan vard\u0131. D\u00fcnyan\u0131n say\u0131l\u0131 zenginleri de, b\u00fct\u00fcn umudunu bu yolculu\u011funa ba\u011flam\u0131\u015f yoksullar da\u2026 Buzda\u011f\u0131n\u0131n g\u00f6r\u00fcnen k\u0131sm\u0131 b\u00f6yleydi, g\u00f6r\u00fcnmeyen k\u0131sm\u0131nda ise be\u015f Bing\u00f6ll\u00fcn\u00fcn hik\u00e2yesi yat\u0131yordu.\u201d Yaz\u0131lar\u0131nda daha \u00e7ok \u201cbuzda\u011f\u0131\u201dn\u0131n g\u00f6r\u00fcnmeyen k\u0131sm\u0131ndaki s\u0131radan insanlar\u0131n s\u0131ra d\u0131\u015f\u0131 hik\u00e2yelerini konu edinen Muhammed Berdibek; yay\u0131mlanan ikinci kitab\u0131 Siyah G\u00fczeldir\u2019de siyah kavram\u0131n\u0131 bir metafor olarak ele al\u0131yor ve bu kavramdan yola \u00e7\u0131karak i\u00e7inde bulundu\u011fu zorlu ko\u015fullara ra\u011fmen ac\u0131lar\u0131ndan s\u0131yr\u0131labilen ve bir hayalin, bir umudun pe\u015finde ko\u015fan insanlar\u0131n m\u00fccadelelerini anlat\u0131yor; bu y\u00f6n\u00fcyle bir taraftan da okurlara unutulmakta olan ger\u00e7ek direni\u015f hik\u00e2yelerini hat\u0131rlat\u0131yor. <\/p>\n","protected":false},"excerpt":{"rendered":"<p>\u201cSiyah g\u00fczeldir. Siyah\u2019\u0131n \u00e7irkin, k\u00f6t\u00fc ve \u015feytani bir \u015fey olarak g\u00f6sterildi\u011fi Bat\u0131 k\u00fclt\u00fcr\u00fcne kar\u015f\u0131t bir duru\u015f olarak ortaya \u00e7\u0131kan bu slogan, bir isyan\u0131n ad\u0131yd\u0131. Siyah deri,<span class=\"excerpt-hellip\"> [\u2026]<\/span><\/p>\n","protected":false},"featured_media":0,"template":"","meta":{"_monsterinsights_skip_tracking":false,"_monsterinsights_sitenote_active":false,"_monsterinsights_sitenote_note":"","_monsterinsights_sitenote_category":0},"product_brand":[],"product_cat":[12777,12291],"product_tag":[],"class_list":{"0":"post-712737","1":"product","2":"type-product","3":"status-publish","5":"product_cat-deneme","6":"product_cat-edebiyat","7":"pa_cilt-ciltsiz","8":"pa_tur-kitap","9":"pa_yayinevi-profil-kitap","10":"pa_yazar-muhammed-berdibek","12":"first","13":"instock","14":"sale","15":"shipping-taxable","16":"purchasable","17":"product-type-simple"},"_links":{"self":[{"href":"https:\/\/roveyayinevi.com.tr\/index.php\/wp-json\/wp\/v2\/product\/712737","targetHints":{"allow":["GET"]}}],"collection":[{"href":"https:\/\/roveyayinevi.com.tr\/index.php\/wp-json\/wp\/v2\/product"}],"about":[{"href":"https:\/\/roveyayinevi.com.tr\/index.php\/wp-json\/wp\/v2\/types\/product"}],"wp:attachment":[{"href":"https:\/\/roveyayinevi.com.tr\/index.php\/wp-json\/wp\/v2\/media?parent=712737"}],"wp:term":[{"taxonomy":"product_brand","embeddable":true,"href":"https:\/\/roveyayinevi.com.tr\/index.php\/wp-json\/wp\/v2\/product_brand?post=712737"},{"taxonomy":"product_cat","embeddable":true,"href":"https:\/\/roveyayinevi.com.tr\/index.php\/wp-json\/wp\/v2\/product_cat?post=712737"},{"taxonomy":"product_tag","embeddable":true,"href":"https:\/\/roveyayinevi.com.tr\/index.php\/wp-json\/wp\/v2\/product_tag?post=712737"}],"curies":[{"name":"wp","href":"https:\/\/api.w.org\/{rel}","templated":true}]}}