{"id":712735,"date":"2025-08-27T16:59:10","date_gmt":"2025-08-27T13:59:10","guid":{"rendered":"https:\/\/roveyayinevi.com.tr\/index.php\/urun\/ipini-koparan\/"},"modified":"2026-04-16T02:21:06","modified_gmt":"2026-04-15T23:21:06","slug":"ipini-koparan","status":"publish","type":"product","link":"https:\/\/roveyayinevi.com.tr\/index.php\/urun\/ipini-koparan\/","title":{"rendered":"\u0130pini Koparan"},"content":{"rendered":"<p>\u201c\u00c7ocuklu\u011fumun lo\u015f ge\u00e7itlerinde ben de lastik yakmay\u0131, u\u00e7urtma yapmay\u0131, torpil patlatmay\u0131 severdim. \u0130\u015fte size anlataca\u011f\u0131m b\u00fct\u00fcn ser\u00fcvenim bu hevesimin bir neticesi olarak geli\u015fti. K\u00fc\u00e7\u00fck d\u00fc\u015fmekten daha tehlikeli olan k\u00fc\u00e7\u00fck d\u00fc\u015f g\u00f6rmekti.\u201d Yazabilece\u011fi hik\u00e2yelerin pe\u015finde durmaks\u0131z\u0131n ko\u015fan, de\u011fi\u015fken ruh h\u00e2llerine sahip bir yazar\u0131n \u00e7enesi d\u00fc\u015f\u00fck i\u00e7 konu\u015fmalar\u0131\u2026 Kendini yitirmek isteyen ancak ne yapaca\u011f\u0131n\u0131 bilmedi\u011fi bu hayata ille de tutunmas\u0131 beklenilen bir aylak\u2026  Sadece nefes al\u0131p vererek hi\u00e7bir dengeyi bozmadan ya\u015fayan insanlar\u0131 en b\u00fcy\u00fck su\u00e7lu olarak g\u00f6ren, fakat aksine kendisi kodesi boylayan, delili\u011fi varl\u0131\u011f\u0131n\u0131n kan\u0131t\u0131 olmu\u015f \u201cipini koparan\u201d kahraman\u0131m\u0131z bol \u201ckahkahal\u0131\u201d bazen de \u00fcz\u00fcn\u00e7l\u00fc ser\u00fcveniyle sizlerle!.. <\/p>\n","protected":false},"excerpt":{"rendered":"<p>\u201c\u00c7ocuklu\u011fumun lo\u015f ge\u00e7itlerinde ben de lastik yakmay\u0131, u\u00e7urtma yapmay\u0131, torpil patlatmay\u0131 severdim. \u0130\u015fte size anlataca\u011f\u0131m b\u00fct\u00fcn ser\u00fcvenim bu hevesimin bir neticesi olarak geli\u015fti. K\u00fc\u00e7\u00fck d\u00fc\u015fmekten daha<span class=\"excerpt-hellip\"> [\u2026]<\/span><\/p>\n","protected":false},"featured_media":0,"template":"","meta":{"_monsterinsights_skip_tracking":false,"_monsterinsights_sitenote_active":false,"_monsterinsights_sitenote_note":"","_monsterinsights_sitenote_category":0},"product_brand":[],"product_cat":[12291,12711],"product_tag":[],"class_list":{"0":"post-712735","1":"product","2":"type-product","3":"status-publish","5":"product_cat-edebiyat","6":"product_cat-roman-oyku","7":"pa_cilt-ciltsiz","8":"pa_tur-kitap","9":"pa_yayinevi-profil-kitap","10":"pa_yazar-ahmet-can","12":"first","13":"instock","14":"sale","15":"shipping-taxable","16":"purchasable","17":"product-type-simple"},"_links":{"self":[{"href":"https:\/\/roveyayinevi.com.tr\/index.php\/wp-json\/wp\/v2\/product\/712735","targetHints":{"allow":["GET"]}}],"collection":[{"href":"https:\/\/roveyayinevi.com.tr\/index.php\/wp-json\/wp\/v2\/product"}],"about":[{"href":"https:\/\/roveyayinevi.com.tr\/index.php\/wp-json\/wp\/v2\/types\/product"}],"wp:attachment":[{"href":"https:\/\/roveyayinevi.com.tr\/index.php\/wp-json\/wp\/v2\/media?parent=712735"}],"wp:term":[{"taxonomy":"product_brand","embeddable":true,"href":"https:\/\/roveyayinevi.com.tr\/index.php\/wp-json\/wp\/v2\/product_brand?post=712735"},{"taxonomy":"product_cat","embeddable":true,"href":"https:\/\/roveyayinevi.com.tr\/index.php\/wp-json\/wp\/v2\/product_cat?post=712735"},{"taxonomy":"product_tag","embeddable":true,"href":"https:\/\/roveyayinevi.com.tr\/index.php\/wp-json\/wp\/v2\/product_tag?post=712735"}],"curies":[{"name":"wp","href":"https:\/\/api.w.org\/{rel}","templated":true}]}}