{"id":712732,"date":"2025-08-27T16:59:08","date_gmt":"2025-08-27T13:59:08","guid":{"rendered":"https:\/\/roveyayinevi.com.tr\/index.php\/urun\/pembe-fili-dusunme\/"},"modified":"2026-04-16T02:21:06","modified_gmt":"2026-04-15T23:21:06","slug":"pembe-fili-dusunme","status":"publish","type":"product","link":"https:\/\/roveyayinevi.com.tr\/index.php\/urun\/pembe-fili-dusunme\/","title":{"rendered":"Pembe Fili D\u00fc\u015f\u00fcnme"},"content":{"rendered":"<p>Pembe fili d\u00fc\u015f\u00fcnmemem gerekiyor. Tamam, o zaman kocaman, gri bir balina d\u00fc\u015f\u00fcn\u00fcr\u00fcm. Pembe fili d\u00fc\u015f\u00fcnme. Balinalard\u0131 de\u011fil mi su p\u00fcsk\u00fcrten? O kadar zaman nefeslerini mi tutuyorlar, ne yap\u0131yorlar? Pembe fili d\u00fc\u015f\u00fcnme. Ge\u00e7enlerde ald\u0131\u011f\u0131m kitab\u0131 da d\u00fc\u015f\u00fcnebilirim. Pembe fili d\u00fc\u015f\u00fcnme. \u00c7ok heyecanl\u0131y\u0131m ba\u015flamak i\u00e7in. Pembe fili d\u00fc\u015f\u00fcnme. Pembe fili d\u00fc\u015f\u00fcnmemem laz\u0131m. Acaba ka\u00e7 defa d\u00fc\u015f\u00fcnd\u00fcm? Pembe fili d\u00fc\u015f\u00fcnme. B\u00f6yle de d\u00fc\u015f\u00fcnmemem laz\u0131m galiba. Pembe fili d\u00fc\u015f\u00fcnme. Pembe fili d\u00fc\u015f\u00fcnme. Mini mini bir ku\u015f donmu\u015ftu, pencereme konmu\u015ftu. Pembe fili d\u00fc\u015f\u00fcnme. Of ka\u00e7 dakika oldu acaba? Pembe fili d\u00fc\u015f\u00fcnme. Dakika tutmay\u0131 unuttum galiba. Pembe fili d\u00fc\u015f\u00fcnme. Pembe fili d\u00fc\u015f\u00fcnme. Acaba telefonum nerede? K\u0131l\u0131f\u0131 da pembe! La la la la. Pembe fili d\u00fc\u015f\u00fcnme. Pembe fili d\u00fc\u015f\u00fcnme. <\/p>\n","protected":false},"excerpt":{"rendered":"<p>Pembe fili d\u00fc\u015f\u00fcnmemem gerekiyor. Tamam, o zaman kocaman, gri bir balina d\u00fc\u015f\u00fcn\u00fcr\u00fcm. Pembe fili d\u00fc\u015f\u00fcnme. Balinalard\u0131 de\u011fil mi su p\u00fcsk\u00fcrten? O kadar zaman nefeslerini mi tutuyorlar,<span class=\"excerpt-hellip\"> [\u2026]<\/span><\/p>\n","protected":false},"featured_media":0,"template":"","meta":{"_monsterinsights_skip_tracking":false,"_monsterinsights_sitenote_active":false,"_monsterinsights_sitenote_note":"","_monsterinsights_sitenote_category":0},"product_brand":[],"product_cat":[12755,12357],"product_tag":[],"class_list":{"0":"post-712732","1":"product","2":"type-product","3":"status-publish","5":"product_cat-gelisim-psikolojisi","6":"product_cat-psikoloji","7":"pa_cilt-ciltsiz","8":"pa_tur-kitap","9":"pa_yayinevi-inkilap-kitabevi","10":"pa_yazar-zeynep-selvili-carmikli","12":"first","13":"instock","14":"sale","15":"shipping-taxable","16":"purchasable","17":"product-type-simple"},"_links":{"self":[{"href":"https:\/\/roveyayinevi.com.tr\/index.php\/wp-json\/wp\/v2\/product\/712732","targetHints":{"allow":["GET"]}}],"collection":[{"href":"https:\/\/roveyayinevi.com.tr\/index.php\/wp-json\/wp\/v2\/product"}],"about":[{"href":"https:\/\/roveyayinevi.com.tr\/index.php\/wp-json\/wp\/v2\/types\/product"}],"wp:attachment":[{"href":"https:\/\/roveyayinevi.com.tr\/index.php\/wp-json\/wp\/v2\/media?parent=712732"}],"wp:term":[{"taxonomy":"product_brand","embeddable":true,"href":"https:\/\/roveyayinevi.com.tr\/index.php\/wp-json\/wp\/v2\/product_brand?post=712732"},{"taxonomy":"product_cat","embeddable":true,"href":"https:\/\/roveyayinevi.com.tr\/index.php\/wp-json\/wp\/v2\/product_cat?post=712732"},{"taxonomy":"product_tag","embeddable":true,"href":"https:\/\/roveyayinevi.com.tr\/index.php\/wp-json\/wp\/v2\/product_tag?post=712732"}],"curies":[{"name":"wp","href":"https:\/\/api.w.org\/{rel}","templated":true}]}}