{"id":712730,"date":"2025-08-27T16:59:07","date_gmt":"2025-08-27T13:59:07","guid":{"rendered":"https:\/\/roveyayinevi.com.tr\/index.php\/urun\/gucun-sonu\/"},"modified":"2026-04-16T02:21:06","modified_gmt":"2026-04-15T23:21:06","slug":"gucun-sonu","status":"publish","type":"product","link":"https:\/\/roveyayinevi.com.tr\/index.php\/urun\/gucun-sonu\/","title":{"rendered":"G\u00fcc\u00fcn Sonu"},"content":{"rendered":"<p>&#8220;Ge\u00e7mi\u015ften bu yana b\u00fcy\u00fck h\u00fck\u00fcmetlerin, ordular\u0131n ve di\u011fer kurulu\u015flar\u0131n sahip oldu\u011fu g\u00fcc\u00fcn  bireylerin tekeline ge\u00e7i\u015fini anlatan bu kitap, ba\u015fucu kitab\u0131m.&#8221; \u2013 Mark Zuckerberg \u2013 \u2018\u2019Na\u00edm\u2019in bu kitapta tan\u0131mlad\u0131\u011f\u0131 bir\u00e7ok ak\u0131m\u0131, Brezilya devlet ba\u015fkan\u0131 oldu\u011fum zamanlarda bizzat g\u00f6zlemledim; fakat o bunlar\u0131 o kadar \u00f6zg\u00fcn bir anlat\u0131mla sunuyor ki okumas\u0131 son derece keyif verici. G\u00fcce sahip \u2013ya da sahip olmak isteyen\u2013 herkes bu kitab\u0131 okumal\u0131.\u201d  \u2013Fernando Henrique Cardoso\u2013 \u201cG\u00fcc\u00fcn Sonu, haberleri okuyu\u015f \u015feklinizi, siyaset hakk\u0131ndaki fikirlerinizi ve d\u00fcnyaya bak\u0131\u015f a\u00e7\u0131n\u0131z\u0131 de\u011fi\u015ftirecek.\u201d  \u2013Bill Clinton\u2013 \u201cNa\u00edm, \u00f6nemli konular\u0131 derinlemesine incelemek i\u00e7in yeni yollar arayan cesur bir yazar.\u201d \u2013Wall Street Journal\u2013 Bir zamanlar Venez\u00fcella\u2019da ticaret bakanl\u0131\u011f\u0131, D\u00fcnya Bankas\u0131\u2019nda y\u00f6netici direkt\u00f6rl\u00fc\u011f\u00fc yapan \u00f6d\u00fcll\u00fc k\u00f6\u015fe yazar\u0131 Mois\u00e9s Na\u00edm, G\u00fcc\u00fcn Sonu\u2019nda bir zamanlar\u0131n egemen mega oyuncular\u0131 ve hemen hemen her alanda onlara meydan okuyan yeni mikro g\u00fc\u00e7ler aras\u0131ndaki m\u00fccadeleyi inceliyor. Ara\u015ft\u0131rmalar\u0131nda e\u015fsiz kaynaklardan faydalanan Na\u00edm, mikro g\u00fc\u00e7lerin d\u00fczen kar\u015f\u0131t\u0131 hamlelerinin diktat\u00f6rleri devirme, monopolleri yerlerinden oynatma, ola\u011fan\u00fcst\u00fc yeni f\u0131rsatlar yaratma potansiyeline sahip oldu\u011fundan, fakat ayn\u0131 zamanda kaosa da  yol a\u00e7abilece\u011finden bahsediyor. \u0130\u015f alan\u0131, din, e\u011fitim, hatta sava\u015f ve bar\u0131\u015f hususunda ger\u00e7ekle\u015fmekte olan de\u011fi\u015fiklikleri ustal\u0131kla irdeliyor. Bunu yaparken de hayat\u0131n farkl\u0131 alanlar\u0131ndan \u00f6rnekler vermeyi ihmal etmiyor: 1977 y\u0131l\u0131nda seksen dokuz \u00fclke bir diktat\u00f6r taraf\u0131ndan y\u00f6netilirken, bug\u00fcn d\u00fcnya n\u00fcfusunun yar\u0131s\u0131n\u0131n y\u00f6netim bi\u00e7imi demokrasi. G\u00fcn\u00fcm\u00fczde CEO\u2019lar i\u015f alan\u0131nda \u00f6ncekine k\u0131yasla daha k\u0131s\u0131tl\u0131 ve daha k\u0131sa \u00f6m\u00fcrl\u00fc. 2010 y\u0131l\u0131n\u0131n ikinci yar\u0131s\u0131nda, en y\u00fcksek getirili on yat\u0131r\u0131m fonu, d\u00fcnyan\u0131n en b\u00fcy\u00fck alt\u0131 bankas\u0131n\u0131n toplam\u0131ndan \u00e7ok daha fazla kazand\u0131. G\u00fc\u00e7 bir yandan yay\u0131lmaya devam ederken, bir yandan da \u00f6nem kaybediyor. Bug\u00fcn g\u00fcce sahip olanlar, yapabilecekleri konusunda daha s\u0131n\u0131rl\u0131 ve bu g\u00fcc\u00fc kaybetme riski alt\u0131nda. Bu \u00e7arp\u0131c\u0131 kitab\u0131nda Na\u00edm, g\u00fcc\u00fcn ka\u00e7\u0131n\u0131lmaz sonuna yenilik\u00e7i bir yakla\u015f\u0131m sunarken, bu sonun t\u00fcm d\u00fcnyay\u0131 nas\u0131l de\u011fi\u015ftirece\u011fini g\u00f6zler \u00f6n\u00fcne seriyor. <\/p>\n","protected":false},"excerpt":{"rendered":"<p>&#8220;Ge\u00e7mi\u015ften bu yana b\u00fcy\u00fck h\u00fck\u00fcmetlerin, ordular\u0131n ve di\u011fer kurulu\u015flar\u0131n sahip oldu\u011fu g\u00fcc\u00fcn bireylerin tekeline ge\u00e7i\u015fini anlatan bu kitap, ba\u015fucu kitab\u0131m.&#8221; \u2013 Mark Zuckerberg \u2013 \u2018\u2019Na\u00edm\u2019in bu<span class=\"excerpt-hellip\"> [\u2026]<\/span><\/p>\n","protected":false},"featured_media":0,"template":"","meta":{"_monsterinsights_skip_tracking":false,"_monsterinsights_sitenote_active":false,"_monsterinsights_sitenote_note":"","_monsterinsights_sitenote_category":0},"product_brand":[],"product_cat":[13590,12337],"product_tag":[],"class_list":{"0":"post-712730","1":"product","2":"type-product","3":"status-publish","5":"product_cat-arastirma-inceleme-politika-siyaset","6":"product_cat-politika-siyaset","7":"pa_cilt-ciltsiz","8":"pa_tur-kitap","9":"pa_yayinevi-pozitif-yayinlari","10":"pa_yazar-moises-naim","12":"first","13":"instock","14":"sale","15":"shipping-taxable","16":"purchasable","17":"product-type-simple"},"_links":{"self":[{"href":"https:\/\/roveyayinevi.com.tr\/index.php\/wp-json\/wp\/v2\/product\/712730","targetHints":{"allow":["GET"]}}],"collection":[{"href":"https:\/\/roveyayinevi.com.tr\/index.php\/wp-json\/wp\/v2\/product"}],"about":[{"href":"https:\/\/roveyayinevi.com.tr\/index.php\/wp-json\/wp\/v2\/types\/product"}],"wp:attachment":[{"href":"https:\/\/roveyayinevi.com.tr\/index.php\/wp-json\/wp\/v2\/media?parent=712730"}],"wp:term":[{"taxonomy":"product_brand","embeddable":true,"href":"https:\/\/roveyayinevi.com.tr\/index.php\/wp-json\/wp\/v2\/product_brand?post=712730"},{"taxonomy":"product_cat","embeddable":true,"href":"https:\/\/roveyayinevi.com.tr\/index.php\/wp-json\/wp\/v2\/product_cat?post=712730"},{"taxonomy":"product_tag","embeddable":true,"href":"https:\/\/roveyayinevi.com.tr\/index.php\/wp-json\/wp\/v2\/product_tag?post=712730"}],"curies":[{"name":"wp","href":"https:\/\/api.w.org\/{rel}","templated":true}]}}