{"id":712729,"date":"2025-08-27T16:59:06","date_gmt":"2025-08-27T13:59:06","guid":{"rendered":"https:\/\/roveyayinevi.com.tr\/index.php\/urun\/bilincli-evren-psisik-fenomenlerin-bilimsel-dogrulugu\/"},"modified":"2026-04-16T02:21:06","modified_gmt":"2026-04-15T23:21:06","slug":"bilincli-evren-psisik-fenomenlerin-bilimsel-dogrulugu","status":"publish","type":"product","link":"https:\/\/roveyayinevi.com.tr\/index.php\/urun\/bilincli-evren-psisik-fenomenlerin-bilimsel-dogrulugu\/","title":{"rendered":"Bilinc\u0327li Evren &#8211; Psi\u015fik Fenomenlerin Bilimsel Do\u011frulu\u011fu"},"content":{"rendered":"<p>Parapsikoloji alan\u0131nda yap\u0131lan \u00e7al\u0131\u015fmalar, sonu\u00e7lar\u0131 olumlu olsa bile, halk aras\u0131nda pek kabul g\u00f6rmez. Genellikle ki\u015fisel psi\u015fik deneyimler insanlara daha inand\u0131r\u0131c\u0131 gelir. Parapsikoloji alan\u0131nda uzman olan Dr. Dean I. Radin, Bilin\u00e7li Evren\u2019de psi\u015fik ara\u015ft\u0131rmalar\u0131n \u00e7a\u011fda\u015f d\u00f6nemiyle ilgili deneyleri ele alarak bunun tam aksini kan\u0131tl\u0131yor. Psi\u015fik etkiye dair bilimsel vakalar\u0131n herhangi bir ki\u015finin iddialar\u0131na ya da laboratuvar bulgular\u0131na de\u011fil d\u00fcnyan\u0131n her k\u00f6\u015fesinden onlarca ara\u015ft\u0131rmac\u0131n\u0131n tekrarlanm\u0131\u015f bulgular\u0131na dayand\u0131\u011f\u0131n\u0131 ifade ediyor ve bu \u00e7er\u00e7evede telepati, durug\u00f6r\u00fc, psikokinezi, rekognisyon, duyular d\u0131\u015f\u0131 alg\u0131lama gibi ruhsal olaylara bilimsel bir a\u00e7\u0131kl\u0131k getiriyor. Radin adeta parapsikolojinin Einstein\u2019\u0131. D\u00fcnyan\u0131n neden bize anlat\u0131ld\u0131\u011f\u0131ndan daha ola\u011fan\u00fcst\u00fc oldu\u011funu anlamak i\u00e7in Bilin\u00e7li Evren\u2019i okumal\u0131s\u0131n\u0131z. \u2014 Larry Dossey <\/p>\n","protected":false},"excerpt":{"rendered":"<p>Parapsikoloji alan\u0131nda yap\u0131lan \u00e7al\u0131\u015fmalar, sonu\u00e7lar\u0131 olumlu olsa bile, halk aras\u0131nda pek kabul g\u00f6rmez. Genellikle ki\u015fisel psi\u015fik deneyimler insanlara daha inand\u0131r\u0131c\u0131 gelir. Parapsikoloji alan\u0131nda uzman olan Dr.<span class=\"excerpt-hellip\"> [\u2026]<\/span><\/p>\n","protected":false},"featured_media":0,"template":"","meta":{"_monsterinsights_skip_tracking":false,"_monsterinsights_sitenote_active":false,"_monsterinsights_sitenote_note":"","_monsterinsights_sitenote_category":0},"product_brand":[],"product_cat":[20502,12357],"product_tag":[],"class_list":{"0":"post-712729","1":"product","2":"type-product","3":"status-publish","5":"product_cat-basvuru-kitaplari-psikoloji","6":"product_cat-psikoloji","7":"pa_cilt-ciltsiz","8":"pa_tur-kitap","9":"pa_yayinevi-omega","10":"pa_yazar-dean-i-radin","12":"first","13":"instock","14":"sale","15":"shipping-taxable","16":"purchasable","17":"product-type-simple"},"_links":{"self":[{"href":"https:\/\/roveyayinevi.com.tr\/index.php\/wp-json\/wp\/v2\/product\/712729","targetHints":{"allow":["GET"]}}],"collection":[{"href":"https:\/\/roveyayinevi.com.tr\/index.php\/wp-json\/wp\/v2\/product"}],"about":[{"href":"https:\/\/roveyayinevi.com.tr\/index.php\/wp-json\/wp\/v2\/types\/product"}],"wp:attachment":[{"href":"https:\/\/roveyayinevi.com.tr\/index.php\/wp-json\/wp\/v2\/media?parent=712729"}],"wp:term":[{"taxonomy":"product_brand","embeddable":true,"href":"https:\/\/roveyayinevi.com.tr\/index.php\/wp-json\/wp\/v2\/product_brand?post=712729"},{"taxonomy":"product_cat","embeddable":true,"href":"https:\/\/roveyayinevi.com.tr\/index.php\/wp-json\/wp\/v2\/product_cat?post=712729"},{"taxonomy":"product_tag","embeddable":true,"href":"https:\/\/roveyayinevi.com.tr\/index.php\/wp-json\/wp\/v2\/product_tag?post=712729"}],"curies":[{"name":"wp","href":"https:\/\/api.w.org\/{rel}","templated":true}]}}