{"id":712728,"date":"2025-08-27T16:59:06","date_gmt":"2025-08-27T13:59:06","guid":{"rendered":"https:\/\/roveyayinevi.com.tr\/index.php\/urun\/babalar-ve-kizlari\/"},"modified":"2026-04-16T02:21:06","modified_gmt":"2026-04-15T23:21:06","slug":"babalar-ve-kizlari","status":"publish","type":"product","link":"https:\/\/roveyayinevi.com.tr\/index.php\/urun\/babalar-ve-kizlari\/","title":{"rendered":"Babalar ve K\u0131zlar\u0131"},"content":{"rendered":"<p>Tarihin her d\u00f6neminde \u00f6tekile\u015ftirilen kad\u0131nlar\u0130ngiltere\u2019deki kad\u0131nlar\u0131n 20. y\u00fczy\u0131l ba\u015f\u0131ndaki oy hakk\u0131 m\u00fccadelesini anlatt\u0131\u011f\u0131 \u00d6nc\u00fc Kad\u0131nlar isimli kitab\u0131yla tan\u0131nan Mary &amp; Bryan Talbot\u2019tan 2012 Costa Biyografi \u00d6d\u00fcll\u00fc bir grafik roman: Babalar ve K\u0131zlar\u0131Yazar Mary M. Talbot, kendi babas\u0131yla ili\u015fkisi ile James Joyce&#8217;un, k\u0131z\u0131 Lucia\u2019yla ili\u015fkisini paralel bir anlat\u0131yla bir araya getiriyor. Babalar ve K\u0131zlar\u0131, aile i\u00e7i bask\u0131 ve \u015fiddete ayna tutuyor.Kitap, d\u00f6nemler ve toplumlar farkl\u0131 olsa da kad\u0131nlar\u0131n ya\u015fad\u0131klar\u0131 zorluklar\u0131n hi\u00e7bir zaman de\u011fi\u015fmedi\u011fine vurgu yap\u0131yor. Babalar ve K\u0131zlar\u0131, &#8220;\u00f6tekile\u015ftirildi\u011fi&#8221; i\u00e7in hayallerinin pe\u015finden ko\u015famayan b\u00fct\u00fcn kad\u0131nlar\u0131n manifestosuna d\u00f6n\u00fc\u015f\u00fcyor.Babas\u0131 tan\u0131nan bir James Joyce uzman\u0131 olan yazar Mary M. Talbot kendi \u00e7ocuklu\u011fu ile James Joyce&#8217;un k\u0131z\u0131 Lucia Joyce&#8217;un \u00e7ocuklu\u011funu e\u015fzamanl\u0131 ak\u0131p giden \u00f6zel bir anlat\u0131da bulu\u015fturuyor. Ya\u015fad\u0131klar\u0131 toplumsal d\u00f6nemler aras\u0131nda zaman fark\u0131 olsa da kitap, paralel kurgusu sayesinde iki ayr\u0131 kad\u0131n\u0131n bask\u0131ya ve toplumsal cinsiyet hiyerar\u015fisine maruz kalmalar\u0131 gibi ortak noktalar\u0131 t\u00fcm a\u00e7\u0131kl\u0131\u011f\u0131yla ortaya koyuyor. Babalar\u0131n k\u0131zlar\u0131yla olan ini\u015fli \u00e7\u0131k\u0131\u015fl\u0131 ili\u015fkilerine odaklanan bu dikkat \u00e7ekici grafik roman, toplumda bask\u0131 g\u00f6ren kad\u0131nlar\u0131n g\u00f6n\u00fcll\u00fc el\u00e7ili\u011fini \u00fcstleniyor.\u00c7izer Bryan Talbot, iki ayr\u0131 kad\u0131n\u0131n hareketli d\u00fcnyalar\u0131n\u0131 sinematografik bir estetikle yans\u0131t\u0131yor. James Joyce, k\u0131z\u0131 Lucia Joyce ve o d\u00f6nemin toplumsal ko\u015fullar\u0131 ve sanat camias\u0131 hakk\u0131nda pek \u00e7ok bilgi i\u00e7eren kitab\u0131n sayfalar\u0131nda, Samuel Beckett\u2019ten Josephine Baker\u2019a ve Isabel Duncan\u2019a kadar edebiyat ve sanat camias\u0131n\u0131n pek \u00e7ok \u00fcnl\u00fc ismi Babalar ve K\u0131zlar\u0131&#8217;nda yeniden hayat buluyor. <\/p>\n","protected":false},"excerpt":{"rendered":"<p>Tarihin her d\u00f6neminde \u00f6tekile\u015ftirilen kad\u0131nlar\u0130ngiltere\u2019deki kad\u0131nlar\u0131n 20. y\u00fczy\u0131l ba\u015f\u0131ndaki oy hakk\u0131 m\u00fccadelesini anlatt\u0131\u011f\u0131 \u00d6nc\u00fc Kad\u0131nlar isimli kitab\u0131yla tan\u0131nan Mary &amp; Bryan Talbot\u2019tan 2012 Costa Biyografi \u00d6d\u00fcll\u00fc<span class=\"excerpt-hellip\"> [\u2026]<\/span><\/p>\n","protected":false},"featured_media":0,"template":"","meta":{"_monsterinsights_skip_tracking":false,"_monsterinsights_sitenote_active":false,"_monsterinsights_sitenote_note":"","_monsterinsights_sitenote_category":0},"product_brand":[],"product_cat":[12416,12291],"product_tag":[],"class_list":{"0":"post-712728","1":"product","2":"type-product","3":"status-publish","5":"product_cat-cizgi-roman","6":"product_cat-edebiyat","7":"pa_cilt-ciltsiz","8":"pa_tur-kitap","9":"pa_yayinevi-desen-yayinlari","10":"pa_yazar-mary-bryan-talbot","12":"first","13":"instock","14":"sale","15":"shipping-taxable","16":"purchasable","17":"product-type-simple"},"_links":{"self":[{"href":"https:\/\/roveyayinevi.com.tr\/index.php\/wp-json\/wp\/v2\/product\/712728","targetHints":{"allow":["GET"]}}],"collection":[{"href":"https:\/\/roveyayinevi.com.tr\/index.php\/wp-json\/wp\/v2\/product"}],"about":[{"href":"https:\/\/roveyayinevi.com.tr\/index.php\/wp-json\/wp\/v2\/types\/product"}],"wp:attachment":[{"href":"https:\/\/roveyayinevi.com.tr\/index.php\/wp-json\/wp\/v2\/media?parent=712728"}],"wp:term":[{"taxonomy":"product_brand","embeddable":true,"href":"https:\/\/roveyayinevi.com.tr\/index.php\/wp-json\/wp\/v2\/product_brand?post=712728"},{"taxonomy":"product_cat","embeddable":true,"href":"https:\/\/roveyayinevi.com.tr\/index.php\/wp-json\/wp\/v2\/product_cat?post=712728"},{"taxonomy":"product_tag","embeddable":true,"href":"https:\/\/roveyayinevi.com.tr\/index.php\/wp-json\/wp\/v2\/product_tag?post=712728"}],"curies":[{"name":"wp","href":"https:\/\/api.w.org\/{rel}","templated":true}]}}