{"id":712727,"date":"2025-08-27T16:59:05","date_gmt":"2025-08-27T13:59:05","guid":{"rendered":"https:\/\/roveyayinevi.com.tr\/index.php\/urun\/tales-from-a-mom\/"},"modified":"2026-04-16T02:21:06","modified_gmt":"2026-04-15T23:21:06","slug":"tales-from-a-mom","status":"publish","type":"product","link":"https:\/\/roveyayinevi.com.tr\/index.php\/urun\/tales-from-a-mom\/","title":{"rendered":"Tales From A Mom"},"content":{"rendered":"<p>\u201cTales From A Mom\u201d is a step for me to reach out to children whom are eager to learn English from first hand. With this book, my aim is not only to improve children\u2019s English, but also to teach them some moral lessons such as parents\u2019 unconditional love, cooperation, to share, etc. I wrote \u201cTales From A Mom\u201d from the stroies I made up for my son, Mehmet Alp before I put him to sleep. Every story comes from my experience of moral values. \u201cTales From A Mom\u201d can be read by parents as a bed time story book or beginner level children aged between 10-14. Oraj OkBenim i\u00e7in \u201cTales From A Mom\u201d, \u0130ngilizceyi ilk elden \u00f6\u011frenmek isteyen \u00e7ocuklara ula\u015fmak ad\u0131na att\u0131\u011f\u0131m bir ad\u0131m. Bu kitapla amac\u0131m, sadece \u00e7ocuklar\u0131n \u0130ngilizcesini geli\u015ftirmek de\u011fil, ayn\u0131 zamanda onlara; ebeveynlerin ko\u015fulsuz sevgisi, yard\u0131mla\u015fma, payla\u015fma vs. gibi baz\u0131 ahlaki dersleri de vermek. \u201cTales From A Mom\u201d, o\u011flum Mehmet Alp\u2019e onu yat\u0131rmadan \u00f6nce anlatmak i\u00e7in uydurdu\u011fum hikayelerden olu\u015fmakta. Her hikaye, ahlaki deneyimlerimden geliyor. \u201cTales From A Mom\u201d kitab\u0131, ebeveynler taraf\u0131ndan \u00e7ocuklara uykudan \u00f6nce okunabilir, ya da 10-14 ya\u015flar\u0131 aras\u0131ndaki \u00e7ocuklar i\u00e7in ba\u015flang\u0131\u00e7 seviyesindeki bir kitap olarak g\u00f6r\u00fclebilir. <\/p>\n","protected":false},"excerpt":{"rendered":"<p>\u201cTales From A Mom\u201d is a step for me to reach out to children whom are eager to learn English from first hand. With this book,<span class=\"excerpt-hellip\"> [\u2026]<\/span><\/p>\n","protected":false},"featured_media":0,"template":"","meta":{"_monsterinsights_skip_tracking":false,"_monsterinsights_sitenote_active":false,"_monsterinsights_sitenote_note":"","_monsterinsights_sitenote_category":0},"product_brand":[],"product_cat":[14597,12566],"product_tag":[],"class_list":{"0":"post-712727","1":"product","2":"type-product","3":"status-publish","5":"product_cat-dil-ogrenimi","6":"product_cat-egitim","7":"pa_cilt-ciltsiz","8":"pa_tur-kitap","9":"pa_yayinevi-kitap-saati-yayinevi","10":"pa_yazar-oraj-ok","12":"first","13":"instock","14":"sale","15":"shipping-taxable","16":"purchasable","17":"product-type-simple"},"_links":{"self":[{"href":"https:\/\/roveyayinevi.com.tr\/index.php\/wp-json\/wp\/v2\/product\/712727","targetHints":{"allow":["GET"]}}],"collection":[{"href":"https:\/\/roveyayinevi.com.tr\/index.php\/wp-json\/wp\/v2\/product"}],"about":[{"href":"https:\/\/roveyayinevi.com.tr\/index.php\/wp-json\/wp\/v2\/types\/product"}],"wp:attachment":[{"href":"https:\/\/roveyayinevi.com.tr\/index.php\/wp-json\/wp\/v2\/media?parent=712727"}],"wp:term":[{"taxonomy":"product_brand","embeddable":true,"href":"https:\/\/roveyayinevi.com.tr\/index.php\/wp-json\/wp\/v2\/product_brand?post=712727"},{"taxonomy":"product_cat","embeddable":true,"href":"https:\/\/roveyayinevi.com.tr\/index.php\/wp-json\/wp\/v2\/product_cat?post=712727"},{"taxonomy":"product_tag","embeddable":true,"href":"https:\/\/roveyayinevi.com.tr\/index.php\/wp-json\/wp\/v2\/product_tag?post=712727"}],"curies":[{"name":"wp","href":"https:\/\/api.w.org\/{rel}","templated":true}]}}