{"id":712726,"date":"2025-08-27T16:59:05","date_gmt":"2025-08-27T13:59:05","guid":{"rendered":"https:\/\/roveyayinevi.com.tr\/index.php\/urun\/tuvalet-iletisimi-0-18-aylik-bebeklerin-bosaltim-ihtiyaclarini-anlama-rehberi\/"},"modified":"2026-04-16T02:21:06","modified_gmt":"2026-04-15T23:21:06","slug":"tuvalet-iletisimi-0-18-aylik-bebeklerin-bosaltim-ihtiyaclarini-anlama-rehberi","status":"publish","type":"product","link":"https:\/\/roveyayinevi.com.tr\/index.php\/urun\/tuvalet-iletisimi-0-18-aylik-bebeklerin-bosaltim-ihtiyaclarini-anlama-rehberi\/","title":{"rendered":"Tuvalet \u0130leti\u015fimi &#8211; 0-18 Ayl\u0131k Bebeklerin Bo\u015falt\u0131m \u0130htiya\u00e7lar\u0131n\u0131 Anlama Rehberi"},"content":{"rendered":"<p>Bu kitap, kendini kirletmeme i\u00e7g\u00fcd\u00fcs\u00fc ile d\u00fcnyaya gelen bebeklerin tuvalet ihtiyac\u0131n\u0131 anlamak ve buna cevap vermeyi \u00f6\u011frenmek i\u00e7in haz\u0131rlanm\u0131\u015f bir rehberdir. San\u0131lan\u0131n aksine, bebe\u011finiz do\u011fumdan itibaren sizinle konu\u015fur; karn\u0131n\u0131n ac\u0131kt\u0131\u011f\u0131n\u0131, uykusunun geldi\u011fini, tuvalet ihtiyac\u0131 oldu\u011funu \u00e7e\u015fitli sesler \u00e7\u0131kararak ve beden dili ile size iletir. Bu iletiyi almak ve bunu kar\u015f\u0131l\u0131kl\u0131 bir ileti\u015fime \u00e7evirmek i\u00e7in bebeklerin de\u011fil ebeveynlerin e\u011fitilmesi gerekir.Bu kitapta, bebe\u011finizle tuvalet ileti\u015fimi kurman\u0131z i\u00e7in gerekli olan hem teorik hem pratik bilgiler sunulmu\u015ftur.Tuvalet \u0130leti\u015fimi sayesinde;\u2022 Bebe\u011finizi tuvalete do\u011fal bir \u015fekilde al\u0131\u015ft\u0131r\u0131r ve modern tuvalet e\u011fitiminin getirdi\u011fi zorluklarla m\u00fccadele etmek zorunda kalmazs\u0131n\u0131z.\u2022 Tek-kullan\u0131ml\u0131k bezleri tercih etseniz bile, \u00e7ok daha az say\u0131da beze \u00e7ok daha k\u0131sa s\u00fcre ihtiya\u00e7 duyaca\u011f\u0131n\u0131z i\u00e7in do\u011faya yapt\u0131\u011f\u0131n\u0131z olumsuz etki \u00e7ok az olur. Hem daha az t\u00fcketerek hem de daha az kirleterek bebe\u011finizin ve d\u00fcnyam\u0131z\u0131n gelece\u011fi i\u00e7in b\u00fcy\u00fck bir katk\u0131 sa\u011flars\u0131n\u0131z.\u2022 En \u00f6nemlisi, ihtiya\u00e7lar\u0131n\u0131n anla\u015f\u0131ld\u0131\u011f\u0131n\u0131 g\u00f6ren bebe\u011finiz daha mutlu ve daha huzurlu olur. <\/p>\n","protected":false},"excerpt":{"rendered":"<p>Bu kitap, kendini kirletmeme i\u00e7g\u00fcd\u00fcs\u00fc ile d\u00fcnyaya gelen bebeklerin tuvalet ihtiyac\u0131n\u0131 anlamak ve buna cevap vermeyi \u00f6\u011frenmek i\u00e7in haz\u0131rlanm\u0131\u015f bir rehberdir. San\u0131lan\u0131n aksine, bebe\u011finiz do\u011fumdan itibaren<span class=\"excerpt-hellip\"> [\u2026]<\/span><\/p>\n","protected":false},"featured_media":0,"template":"","meta":{"_monsterinsights_skip_tracking":false,"_monsterinsights_sitenote_active":false,"_monsterinsights_sitenote_note":"","_monsterinsights_sitenote_category":0},"product_brand":[],"product_cat":[17996,12364],"product_tag":[],"class_list":{"0":"post-712726","1":"product","2":"type-product","3":"status-publish","5":"product_cat-ebeveyn-kitaplari","6":"product_cat-genel-konular","7":"pa_cilt-ciltsiz","8":"pa_tur-kitap","9":"pa_yayinevi-kuraldisi-yayinevi","10":"pa_yazar-evren-bay-sengul","12":"first","13":"instock","14":"sale","15":"shipping-taxable","16":"purchasable","17":"product-type-simple"},"_links":{"self":[{"href":"https:\/\/roveyayinevi.com.tr\/index.php\/wp-json\/wp\/v2\/product\/712726","targetHints":{"allow":["GET"]}}],"collection":[{"href":"https:\/\/roveyayinevi.com.tr\/index.php\/wp-json\/wp\/v2\/product"}],"about":[{"href":"https:\/\/roveyayinevi.com.tr\/index.php\/wp-json\/wp\/v2\/types\/product"}],"wp:attachment":[{"href":"https:\/\/roveyayinevi.com.tr\/index.php\/wp-json\/wp\/v2\/media?parent=712726"}],"wp:term":[{"taxonomy":"product_brand","embeddable":true,"href":"https:\/\/roveyayinevi.com.tr\/index.php\/wp-json\/wp\/v2\/product_brand?post=712726"},{"taxonomy":"product_cat","embeddable":true,"href":"https:\/\/roveyayinevi.com.tr\/index.php\/wp-json\/wp\/v2\/product_cat?post=712726"},{"taxonomy":"product_tag","embeddable":true,"href":"https:\/\/roveyayinevi.com.tr\/index.php\/wp-json\/wp\/v2\/product_tag?post=712726"}],"curies":[{"name":"wp","href":"https:\/\/api.w.org\/{rel}","templated":true}]}}