{"id":712719,"date":"2025-08-27T16:59:01","date_gmt":"2025-08-27T13:59:01","guid":{"rendered":"https:\/\/roveyayinevi.com.tr\/index.php\/urun\/gostergebilimsel-seruven\/"},"modified":"2026-04-16T02:21:06","modified_gmt":"2026-04-15T23:21:06","slug":"gostergebilimsel-seruven","status":"publish","type":"product","link":"https:\/\/roveyayinevi.com.tr\/index.php\/urun\/gostergebilimsel-seruven\/","title":{"rendered":"G\u00f6stergebilimsel Ser\u00fcven"},"content":{"rendered":"<p>Bir kitap, d\u00fcnyadaki her \u00e7e\u015fit anlaml\u0131 b\u00fct\u00fcn\u00fc, insan\u0131 ku\u015fatan yo\u011fun ve karma\u015f\u0131k anlat\u0131lar evrenini daha iyi kavramam\u0131z\u0131 sa\u011flayacak bir bilim dal\u0131n\u0131n,g\u00f6stergebilimin Roland Barthes taraf\u0131ndan ya\u015fanan \u00f6zg\u00fcn ve \u00f6zg\u00fcr bir ser\u00fcvenini sergiliyor. Avrupa g\u00f6stergebiliminin kurucular\u0131ndan, b\u00fcy\u00fck d\u00fc\u015f\u00fcnce ve yaz\u0131 ustas\u0131 Roland Barthes, G\u00f6stergebilimsel Ser\u00fcven&#8217;de yer alan yaz\u0131lar\u0131nda, g\u00f6stergebilimin temel ilke ve kavramlar\u0131n\u0131 ortaya atmakla kalm\u0131yor, ayn\u0131 zamanda anlat\u0131 \u00e7\u00f6z\u00fcmlama y\u00f6nteminin ba\u015fl\u0131ca a\u015famalar\u0131n\u0131 g\u00f6steriyor, yaz\u0131n, reklam, \u015fehircilik, t\u0131p, g\u00fcndelik ya\u015famdaki nesneler gibi \u00e7ok de\u011fi\u015fik alanlara ili\u015fkin yakla\u015f\u0131m \u00f6rnekleride sunuyor. \ufffcTan\u0131t\u0131m Metni<\/p>\n","protected":false},"excerpt":{"rendered":"<p>Bir kitap, d\u00fcnyadaki her \u00e7e\u015fit anlaml\u0131 b\u00fct\u00fcn\u00fc, insan\u0131 ku\u015fatan yo\u011fun ve karma\u015f\u0131k anlat\u0131lar evrenini daha iyi kavramam\u0131z\u0131 sa\u011flayacak bir bilim dal\u0131n\u0131n,g\u00f6stergebilimin Roland Barthes taraf\u0131ndan ya\u015fanan \u00f6zg\u00fcn<span class=\"excerpt-hellip\"> [\u2026]<\/span><\/p>\n","protected":false},"featured_media":0,"template":"","meta":{"_monsterinsights_skip_tracking":false,"_monsterinsights_sitenote_active":false,"_monsterinsights_sitenote_note":"","_monsterinsights_sitenote_category":0},"product_brand":[],"product_cat":[12312,12304],"product_tag":[],"class_list":{"0":"post-712719","1":"product","2":"type-product","3":"status-publish","5":"product_cat-diger","6":"product_cat-tarih","7":"pa_cilt-ciltsiz","8":"pa_tur-kitap","9":"pa_yayinevi-yapi-kredi-yayinlari","10":"pa_yazar-roland-barthes","12":"first","13":"instock","14":"sale","15":"shipping-taxable","16":"purchasable","17":"product-type-simple"},"_links":{"self":[{"href":"https:\/\/roveyayinevi.com.tr\/index.php\/wp-json\/wp\/v2\/product\/712719","targetHints":{"allow":["GET"]}}],"collection":[{"href":"https:\/\/roveyayinevi.com.tr\/index.php\/wp-json\/wp\/v2\/product"}],"about":[{"href":"https:\/\/roveyayinevi.com.tr\/index.php\/wp-json\/wp\/v2\/types\/product"}],"wp:attachment":[{"href":"https:\/\/roveyayinevi.com.tr\/index.php\/wp-json\/wp\/v2\/media?parent=712719"}],"wp:term":[{"taxonomy":"product_brand","embeddable":true,"href":"https:\/\/roveyayinevi.com.tr\/index.php\/wp-json\/wp\/v2\/product_brand?post=712719"},{"taxonomy":"product_cat","embeddable":true,"href":"https:\/\/roveyayinevi.com.tr\/index.php\/wp-json\/wp\/v2\/product_cat?post=712719"},{"taxonomy":"product_tag","embeddable":true,"href":"https:\/\/roveyayinevi.com.tr\/index.php\/wp-json\/wp\/v2\/product_tag?post=712719"}],"curies":[{"name":"wp","href":"https:\/\/api.w.org\/{rel}","templated":true}]}}