{"id":712718,"date":"2025-08-27T16:59:00","date_gmt":"2025-08-27T13:59:00","guid":{"rendered":"https:\/\/roveyayinevi.com.tr\/index.php\/urun\/dostluk-ormani-10-nazli-pofudukun-buyuk-surprizi\/"},"modified":"2026-04-16T02:21:06","modified_gmt":"2026-04-15T23:21:06","slug":"dostluk-ormani-10-nazli-pofudukun-buyuk-surprizi","status":"publish","type":"product","link":"https:\/\/roveyayinevi.com.tr\/index.php\/urun\/dostluk-ormani-10-nazli-pofudukun-buyuk-surprizi\/","title":{"rendered":"Dostluk Orman\u0131 10 &#8211; Nazl\u0131 Pofuduk\u2019un B\u00fcy\u00fck S\u00fcrprizi"},"content":{"rendered":"<p>Lale ile Ceren, iki iyi arkada\u015f. \u0130kisi de hayvanlar\u0131 \u00e7ok seviyor.Dostluk Orman\u0131\u2019n\u0131 ke\u015ffettikleri zaman hayalleri ger\u00e7ek oluyor.\u00c7\u00fcnk\u00fc bu gizli d\u00fcnyada ya\u015fayan hayvanlar konu\u015fabiliyor!Grizelda\u2019n\u0131n pasakl\u0131 hizmetk\u00e2rlar\u0131, yine i\u015fba\u015f\u0131nda.Bu kez yavru k\u00f6pek Nazl\u0131 tehlikede!K\u0131zlar ve Alt\u0131n Kedi onu kurtaramazlarsa, fareye d\u00f6n\u00fc\u015fecek! <\/p>\n","protected":false},"excerpt":{"rendered":"<p>Lale ile Ceren, iki iyi arkada\u015f. \u0130kisi de hayvanlar\u0131 \u00e7ok seviyor.Dostluk Orman\u0131\u2019n\u0131 ke\u015ffettikleri zaman hayalleri ger\u00e7ek oluyor.\u00c7\u00fcnk\u00fc bu gizli d\u00fcnyada ya\u015fayan hayvanlar konu\u015fabiliyor!Grizelda\u2019n\u0131n pasakl\u0131 hizmetk\u00e2rlar\u0131, yine<span class=\"excerpt-hellip\"> [\u2026]<\/span><\/p>\n","protected":false},"featured_media":0,"template":"","meta":{"_monsterinsights_skip_tracking":false,"_monsterinsights_sitenote_active":false,"_monsterinsights_sitenote_note":"","_monsterinsights_sitenote_category":0},"product_brand":[],"product_cat":[12291,14777],"product_tag":[],"class_list":{"0":"post-712718","1":"product","2":"type-product","3":"status-publish","5":"product_cat-edebiyat","6":"product_cat-fantastik","7":"pa_cilt-ciltsiz","8":"pa_tur-kitap","9":"pa_yayinevi-beyaz-balina-yayinlari","10":"pa_yazar-daisy-meadows","12":"first","13":"instock","14":"sale","15":"shipping-taxable","16":"purchasable","17":"product-type-simple"},"_links":{"self":[{"href":"https:\/\/roveyayinevi.com.tr\/index.php\/wp-json\/wp\/v2\/product\/712718","targetHints":{"allow":["GET"]}}],"collection":[{"href":"https:\/\/roveyayinevi.com.tr\/index.php\/wp-json\/wp\/v2\/product"}],"about":[{"href":"https:\/\/roveyayinevi.com.tr\/index.php\/wp-json\/wp\/v2\/types\/product"}],"wp:attachment":[{"href":"https:\/\/roveyayinevi.com.tr\/index.php\/wp-json\/wp\/v2\/media?parent=712718"}],"wp:term":[{"taxonomy":"product_brand","embeddable":true,"href":"https:\/\/roveyayinevi.com.tr\/index.php\/wp-json\/wp\/v2\/product_brand?post=712718"},{"taxonomy":"product_cat","embeddable":true,"href":"https:\/\/roveyayinevi.com.tr\/index.php\/wp-json\/wp\/v2\/product_cat?post=712718"},{"taxonomy":"product_tag","embeddable":true,"href":"https:\/\/roveyayinevi.com.tr\/index.php\/wp-json\/wp\/v2\/product_tag?post=712718"}],"curies":[{"name":"wp","href":"https:\/\/api.w.org\/{rel}","templated":true}]}}