{"id":712714,"date":"2025-08-27T16:58:58","date_gmt":"2025-08-27T13:58:58","guid":{"rendered":"https:\/\/roveyayinevi.com.tr\/index.php\/urun\/ayi-yuruyuse-cikardim\/"},"modified":"2026-04-16T02:21:06","modified_gmt":"2026-04-15T23:21:06","slug":"ayi-yuruyuse-cikardim","status":"publish","type":"product","link":"https:\/\/roveyayinevi.com.tr\/index.php\/urun\/ayi-yuruyuse-cikardim\/","title":{"rendered":"Ay\u0131 Y\u00fcr\u00fcy\u00fc\u015fe \u00c7\u0131kard\u0131m"},"content":{"rendered":"<p>Bir \u00e7ocukla ay\u0131n arkada\u015fl\u0131\u011f\u0131ndan g\u00fczel bir uykuya haz\u0131rl\u0131k \u00f6yk\u00fcs\u00fc do\u011fuyor. Ninniyi and\u0131ran ritmi ve masals\u0131 resimleriyle uyumadan \u00f6nce \u00e7ocu\u011funuza okuman\u0131z i\u00e7in ideal!D\u00fcn gece y\u00fcr\u00fcy\u00fc\u015fe \u00e7\u0131kard\u0131m ay\u0131,Durgun yaz havas\u0131nda as\u0131l\u0131 bir u\u00e7urtma gibi takip etti beni.Halbuki onu y\u00fcr\u00fcy\u00fc\u015fe \u00e7\u0131kard\u0131\u011f\u0131mdaNe kuyru\u011funu g\u00f6rd\u00fcm ne de ipini. <\/p>\n","protected":false},"excerpt":{"rendered":"<p>Bir \u00e7ocukla ay\u0131n arkada\u015fl\u0131\u011f\u0131ndan g\u00fczel bir uykuya haz\u0131rl\u0131k \u00f6yk\u00fcs\u00fc do\u011fuyor. Ninniyi and\u0131ran ritmi ve masals\u0131 resimleriyle uyumadan \u00f6nce \u00e7ocu\u011funuza okuman\u0131z i\u00e7in ideal!D\u00fcn gece y\u00fcr\u00fcy\u00fc\u015fe \u00e7\u0131kard\u0131m ay\u0131,Durgun<span class=\"excerpt-hellip\"> [\u2026]<\/span><\/p>\n","protected":false},"featured_media":0,"template":"","meta":{"_monsterinsights_skip_tracking":false,"_monsterinsights_sitenote_active":false,"_monsterinsights_sitenote_note":"","_monsterinsights_sitenote_category":0},"product_brand":[],"product_cat":[12274,12284],"product_tag":[],"class_list":{"0":"post-712714","1":"product","2":"type-product","3":"status-publish","5":"product_cat-cocuk-ve-genclik-kitaplari","6":"product_cat-hikayeler","7":"pa_cilt-ciltli","8":"pa_tur-kitap","9":"pa_yayinevi-beyaz-balina-yayinlari","10":"pa_yazar-alison-jay-carolyn-curtis","12":"first","13":"instock","14":"sale","15":"shipping-taxable","16":"purchasable","17":"product-type-simple"},"_links":{"self":[{"href":"https:\/\/roveyayinevi.com.tr\/index.php\/wp-json\/wp\/v2\/product\/712714","targetHints":{"allow":["GET"]}}],"collection":[{"href":"https:\/\/roveyayinevi.com.tr\/index.php\/wp-json\/wp\/v2\/product"}],"about":[{"href":"https:\/\/roveyayinevi.com.tr\/index.php\/wp-json\/wp\/v2\/types\/product"}],"wp:attachment":[{"href":"https:\/\/roveyayinevi.com.tr\/index.php\/wp-json\/wp\/v2\/media?parent=712714"}],"wp:term":[{"taxonomy":"product_brand","embeddable":true,"href":"https:\/\/roveyayinevi.com.tr\/index.php\/wp-json\/wp\/v2\/product_brand?post=712714"},{"taxonomy":"product_cat","embeddable":true,"href":"https:\/\/roveyayinevi.com.tr\/index.php\/wp-json\/wp\/v2\/product_cat?post=712714"},{"taxonomy":"product_tag","embeddable":true,"href":"https:\/\/roveyayinevi.com.tr\/index.php\/wp-json\/wp\/v2\/product_tag?post=712714"}],"curies":[{"name":"wp","href":"https:\/\/api.w.org\/{rel}","templated":true}]}}