{"id":712713,"date":"2025-08-27T16:58:57","date_gmt":"2025-08-27T13:58:57","guid":{"rendered":"https:\/\/roveyayinevi.com.tr\/index.php\/urun\/merak-ediyorum-da-gunes-neden-dogar\/"},"modified":"2026-04-16T02:21:06","modified_gmt":"2026-04-15T23:21:06","slug":"merak-ediyorum-da-gunes-neden-dogar","status":"publish","type":"product","link":"https:\/\/roveyayinevi.com.tr\/index.php\/urun\/merak-ediyorum-da-gunes-neden-dogar\/","title":{"rendered":"Merak Ediyorum da G\u00fcne\u015f Neden Do\u011far?"},"content":{"rendered":"<p>Gen\u00e7 zihinleri me\u015fgul eden binlerce soru,renkli \u00e7izimler, karikat\u00fcrler ve sade anlat\u0131mlarla \u201cMerak Ediyorum da\u201d serisinin kitaplar\u0131nda yan\u0131tlan\u0131yor. Uzayda saatin ka\u00e7 oldu\u011funu biliyor musunuz? Peki Ay\u2019\u0131n neden \u015fekil de\u011fi\u015ftirdi\u011fini? Hayvanlar neden k\u0131\u015f uykusuna yatar? Zaman ve mevsimlerle ilgili merak etti\u011finiz sorular\u0131n yan\u0131tlar\u0131n\u0131 bu kitapta bulabilirsiniz. \ufffcTan\u0131t\u0131m Metni<\/p>\n","protected":false},"excerpt":{"rendered":"<p>Gen\u00e7 zihinleri me\u015fgul eden binlerce soru,renkli \u00e7izimler, karikat\u00fcrler ve sade anlat\u0131mlarla \u201cMerak Ediyorum da\u201d serisinin kitaplar\u0131nda yan\u0131tlan\u0131yor. Uzayda saatin ka\u00e7 oldu\u011funu biliyor musunuz? Peki Ay\u2019\u0131n neden<span class=\"excerpt-hellip\"> [\u2026]<\/span><\/p>\n","protected":false},"featured_media":0,"template":"","meta":{"_monsterinsights_skip_tracking":false,"_monsterinsights_sitenote_active":false,"_monsterinsights_sitenote_note":"","_monsterinsights_sitenote_category":0},"product_brand":[],"product_cat":[13829,12274],"product_tag":[],"class_list":{"0":"post-712713","1":"product","2":"type-product","3":"status-publish","5":"product_cat-bilimsel-kitaplar","6":"product_cat-cocuk-ve-genclik-kitaplari","7":"pa_cilt-ciltli","8":"pa_tur-kitap","9":"pa_yayinevi-beyaz-balina-yayinlari","10":"pa_yazar-brenda-walpole","12":"first","13":"instock","14":"sale","15":"shipping-taxable","16":"purchasable","17":"product-type-simple"},"_links":{"self":[{"href":"https:\/\/roveyayinevi.com.tr\/index.php\/wp-json\/wp\/v2\/product\/712713","targetHints":{"allow":["GET"]}}],"collection":[{"href":"https:\/\/roveyayinevi.com.tr\/index.php\/wp-json\/wp\/v2\/product"}],"about":[{"href":"https:\/\/roveyayinevi.com.tr\/index.php\/wp-json\/wp\/v2\/types\/product"}],"wp:attachment":[{"href":"https:\/\/roveyayinevi.com.tr\/index.php\/wp-json\/wp\/v2\/media?parent=712713"}],"wp:term":[{"taxonomy":"product_brand","embeddable":true,"href":"https:\/\/roveyayinevi.com.tr\/index.php\/wp-json\/wp\/v2\/product_brand?post=712713"},{"taxonomy":"product_cat","embeddable":true,"href":"https:\/\/roveyayinevi.com.tr\/index.php\/wp-json\/wp\/v2\/product_cat?post=712713"},{"taxonomy":"product_tag","embeddable":true,"href":"https:\/\/roveyayinevi.com.tr\/index.php\/wp-json\/wp\/v2\/product_tag?post=712713"}],"curies":[{"name":"wp","href":"https:\/\/api.w.org\/{rel}","templated":true}]}}