{"id":712712,"date":"2025-08-27T16:58:56","date_gmt":"2025-08-27T13:58:56","guid":{"rendered":"https:\/\/roveyayinevi.com.tr\/index.php\/urun\/doga-meclisi-ormanlar-yanmasin\/"},"modified":"2026-04-16T02:21:05","modified_gmt":"2026-04-15T23:21:05","slug":"doga-meclisi-ormanlar-yanmasin","status":"publish","type":"product","link":"https:\/\/roveyayinevi.com.tr\/index.php\/urun\/doga-meclisi-ormanlar-yanmasin\/","title":{"rendered":"Do\u011fa Meclisi-Ormanlar Yanmas\u0131n!"},"content":{"rendered":"<p>Binlerce y\u0131ll\u0131k a\u011fa\u00e7lar\u0131n, ormanda ya\u015fayan t\u00fcm hayvanlar\u0131n ve insanlar\u0131n temsilcilerinden olu\u015fan Do\u011fa Meclisi, toplan\u0131p insanlar\u0131 uyarma karar\u0131 al\u0131yor:  Art\u0131k ormanlar\u0131 yakmay\u0131n!Fakat insanlar\u0131n temsilcisi Mehmet \u00c7oban, bu uyar\u0131y\u0131 iletemeden k\u00f6y\u00fcn yak\u0131nlar\u0131ndaki ormanda yang\u0131n \u00e7\u0131k\u0131yor. T\u00fcm s\u00f6nd\u00fcrme \u00e7abalar\u0131na ra\u011fmen orman\u0131n b\u00fcy\u00fck b\u00f6l\u00fcm\u00fc yan\u0131yor,ka\u00e7abilen hayvanlar, ku\u015flar ve b\u00f6cekler uzaklara g\u00f6\u00e7 ediyor.K\u00f6yde ya\u015fayan \u00e7ocuklar, orman\u0131 yeniden ye\u015fertmek ve hayvanlar\u0131 geri getirmek \u00fczere fidan dikmeye ba\u015fl\u0131yorlar. Peki hayvanlar geri d\u00f6necek mi? <\/p>\n","protected":false},"excerpt":{"rendered":"<p>Binlerce y\u0131ll\u0131k a\u011fa\u00e7lar\u0131n, ormanda ya\u015fayan t\u00fcm hayvanlar\u0131n ve insanlar\u0131n temsilcilerinden olu\u015fan Do\u011fa Meclisi, toplan\u0131p insanlar\u0131 uyarma karar\u0131 al\u0131yor: Art\u0131k ormanlar\u0131 yakmay\u0131n!Fakat insanlar\u0131n temsilcisi Mehmet \u00c7oban, bu<span class=\"excerpt-hellip\"> [\u2026]<\/span><\/p>\n","protected":false},"featured_media":0,"template":"","meta":{"_monsterinsights_skip_tracking":false,"_monsterinsights_sitenote_active":false,"_monsterinsights_sitenote_note":"","_monsterinsights_sitenote_category":0},"product_brand":[],"product_cat":[12274,12284],"product_tag":[],"class_list":{"0":"post-712712","1":"product","2":"type-product","3":"status-publish","5":"product_cat-cocuk-ve-genclik-kitaplari","6":"product_cat-hikayeler","7":"pa_cilt-ciltsiz","8":"pa_tur-kitap","9":"pa_yayinevi-beyaz-balina-yayinlari","10":"pa_yazar-filiz-cicek","12":"first","13":"instock","14":"sale","15":"shipping-taxable","16":"purchasable","17":"product-type-simple"},"_links":{"self":[{"href":"https:\/\/roveyayinevi.com.tr\/index.php\/wp-json\/wp\/v2\/product\/712712","targetHints":{"allow":["GET"]}}],"collection":[{"href":"https:\/\/roveyayinevi.com.tr\/index.php\/wp-json\/wp\/v2\/product"}],"about":[{"href":"https:\/\/roveyayinevi.com.tr\/index.php\/wp-json\/wp\/v2\/types\/product"}],"wp:attachment":[{"href":"https:\/\/roveyayinevi.com.tr\/index.php\/wp-json\/wp\/v2\/media?parent=712712"}],"wp:term":[{"taxonomy":"product_brand","embeddable":true,"href":"https:\/\/roveyayinevi.com.tr\/index.php\/wp-json\/wp\/v2\/product_brand?post=712712"},{"taxonomy":"product_cat","embeddable":true,"href":"https:\/\/roveyayinevi.com.tr\/index.php\/wp-json\/wp\/v2\/product_cat?post=712712"},{"taxonomy":"product_tag","embeddable":true,"href":"https:\/\/roveyayinevi.com.tr\/index.php\/wp-json\/wp\/v2\/product_tag?post=712712"}],"curies":[{"name":"wp","href":"https:\/\/api.w.org\/{rel}","templated":true}]}}