{"id":712711,"date":"2025-08-27T16:58:56","date_gmt":"2025-08-27T13:58:56","guid":{"rendered":"https:\/\/roveyayinevi.com.tr\/index.php\/urun\/canavar-ini-macerani-kendin-sec\/"},"modified":"2026-04-16T02:21:05","modified_gmt":"2026-04-15T23:21:05","slug":"canavar-ini-macerani-kendin-sec","status":"publish","type":"product","link":"https:\/\/roveyayinevi.com.tr\/index.php\/urun\/canavar-ini-macerani-kendin-sec\/","title":{"rendered":"Canavar \u0130ni &#8211; Maceran\u0131 Kendin Se\u00e7"},"content":{"rendered":"<p>Tam en sevdi\u011fin program\u0131 izleyecekken televizyon bozulur.Yeni ald\u0131\u011f\u0131n t\u00fckenmez kaleminin m\u00fcrekkebi, tuhaf bir \u015fekilde bitiverir.Buna benzer \u015feyler, mutlaka senin ba\u015f\u0131na da gelmi\u015ftir.Bunlar, asl\u0131nda g\u00f6remedi\u011fin canavarlar y\u00fcz\u00fcnden oluyor.Bu kitapta, onlarla y\u00fcz y\u00fcze geliyorsun\u2026Kararlar\u0131n kaderini etkileyecek. Yol boyunca kar\u015f\u0131na \u00e7\u0131kan sorulara verece\u011fin cevaplarlaya canavarlardan ka\u00e7acaks\u0131n ya da onlardan kurtulamayacaks\u0131n. <\/p>\n","protected":false},"excerpt":{"rendered":"<p>Tam en sevdi\u011fin program\u0131 izleyecekken televizyon bozulur.Yeni ald\u0131\u011f\u0131n t\u00fckenmez kaleminin m\u00fcrekkebi, tuhaf bir \u015fekilde bitiverir.Buna benzer \u015feyler, mutlaka senin ba\u015f\u0131na da gelmi\u015ftir.Bunlar, asl\u0131nda g\u00f6remedi\u011fin canavarlar y\u00fcz\u00fcnden<span class=\"excerpt-hellip\"> [\u2026]<\/span><\/p>\n","protected":false},"featured_media":0,"template":"","meta":{"_monsterinsights_skip_tracking":false,"_monsterinsights_sitenote_active":false,"_monsterinsights_sitenote_note":"","_monsterinsights_sitenote_category":0},"product_brand":[],"product_cat":[12291,14777],"product_tag":[],"class_list":{"0":"post-712711","1":"product","2":"type-product","3":"status-publish","5":"product_cat-edebiyat","6":"product_cat-fantastik","7":"pa_cilt-ciltsiz","8":"pa_tur-kitap","9":"pa_yayinevi-beyaz-balina-yayinlari","10":"pa_yazar-jose-angel-muriel-gonzalez","12":"first","13":"instock","14":"sale","15":"shipping-taxable","16":"purchasable","17":"product-type-simple"},"_links":{"self":[{"href":"https:\/\/roveyayinevi.com.tr\/index.php\/wp-json\/wp\/v2\/product\/712711","targetHints":{"allow":["GET"]}}],"collection":[{"href":"https:\/\/roveyayinevi.com.tr\/index.php\/wp-json\/wp\/v2\/product"}],"about":[{"href":"https:\/\/roveyayinevi.com.tr\/index.php\/wp-json\/wp\/v2\/types\/product"}],"wp:attachment":[{"href":"https:\/\/roveyayinevi.com.tr\/index.php\/wp-json\/wp\/v2\/media?parent=712711"}],"wp:term":[{"taxonomy":"product_brand","embeddable":true,"href":"https:\/\/roveyayinevi.com.tr\/index.php\/wp-json\/wp\/v2\/product_brand?post=712711"},{"taxonomy":"product_cat","embeddable":true,"href":"https:\/\/roveyayinevi.com.tr\/index.php\/wp-json\/wp\/v2\/product_cat?post=712711"},{"taxonomy":"product_tag","embeddable":true,"href":"https:\/\/roveyayinevi.com.tr\/index.php\/wp-json\/wp\/v2\/product_tag?post=712711"}],"curies":[{"name":"wp","href":"https:\/\/api.w.org\/{rel}","templated":true}]}}