{"id":712709,"date":"2025-08-27T16:58:55","date_gmt":"2025-08-27T13:58:55","guid":{"rendered":"https:\/\/roveyayinevi.com.tr\/index.php\/urun\/dunyanin-merkezine-seyahat-2\/"},"modified":"2026-04-16T02:21:05","modified_gmt":"2026-04-15T23:21:05","slug":"dunyanin-merkezine-seyahat-2","status":"publish","type":"product","link":"https:\/\/roveyayinevi.com.tr\/index.php\/urun\/dunyanin-merkezine-seyahat-2\/","title":{"rendered":"D\u00fcnyan\u0131n Merkezine Seyahat"},"content":{"rendered":"<p>\u0130lk kez 1864 y\u0131l\u0131nda yay\u0131mlanan D\u00fcnyan\u0131n Merkezine Seyahat ola\u011fan\u00fcst\u00fc bir maceran\u0131n roman\u0131. Hen\u00fcz denizlerin alt\u0131 ve g\u00f6kler ke\u015ffedilmemi\u015fken bu konular hakk\u0131nda romanlar yazan Jules Verne hi\u00e7 eskimeyecek bir yolculu\u011fu ve merak\u0131 anlat\u0131yor. \u2018\u2019Ger\u00e7ekten, \u00fc\u00e7 g\u00fcnl\u00fck suyumuz kalm\u0131\u015ft\u0131 ve idare etmek zorundayd\u0131k. Bunu ak\u015fam yeme\u011fini yerken anlad\u0131m. Can s\u0131k\u0131c\u0131 bir bekleyi\u015f i\u00e7indeydik, \u00e7\u00fcnk\u00fc ge\u00e7i\u015f d\u00f6nemine ait bu yerlerde herhangi bir su kayna\u011f\u0131na rastlama umudumuz pek zay\u0131ft\u0131. Ertesi g\u00fcn boyunca, ayaklar\u0131m\u0131z\u0131n alt\u0131na uzanan dehlizin sonu gelmez k\u00fc\u00e7\u00fck kemerlerini ge\u00e7e ge\u00e7e ilerledik. Hi\u00e7 konu\u015fmadan y\u00fcr\u00fcyorduk. Hans\u2019\u0131n suskunlu\u011fu bize de bula\u015fm\u0131\u015ft\u0131.\u2019\u2019 <\/p>\n","protected":false},"excerpt":{"rendered":"<p>\u0130lk kez 1864 y\u0131l\u0131nda yay\u0131mlanan D\u00fcnyan\u0131n Merkezine Seyahat ola\u011fan\u00fcst\u00fc bir maceran\u0131n roman\u0131. Hen\u00fcz denizlerin alt\u0131 ve g\u00f6kler ke\u015ffedilmemi\u015fken bu konular hakk\u0131nda romanlar yazan Jules Verne hi\u00e7<span class=\"excerpt-hellip\"> [\u2026]<\/span><\/p>\n","protected":false},"featured_media":0,"template":"","meta":{"_monsterinsights_skip_tracking":false,"_monsterinsights_sitenote_active":false,"_monsterinsights_sitenote_note":"","_monsterinsights_sitenote_category":0},"product_brand":[],"product_cat":[12291,13872],"product_tag":[],"class_list":{"0":"post-712709","1":"product","2":"type-product","3":"status-publish","5":"product_cat-edebiyat","6":"product_cat-klasikler","7":"pa_cilt-ciltsiz","8":"pa_tur-kitap","9":"pa_yayinevi-cinar-yayinlari","10":"pa_yazar-jules-verne","12":"first","13":"instock","14":"sale","15":"shipping-taxable","16":"purchasable","17":"product-type-simple"},"_links":{"self":[{"href":"https:\/\/roveyayinevi.com.tr\/index.php\/wp-json\/wp\/v2\/product\/712709","targetHints":{"allow":["GET"]}}],"collection":[{"href":"https:\/\/roveyayinevi.com.tr\/index.php\/wp-json\/wp\/v2\/product"}],"about":[{"href":"https:\/\/roveyayinevi.com.tr\/index.php\/wp-json\/wp\/v2\/types\/product"}],"wp:attachment":[{"href":"https:\/\/roveyayinevi.com.tr\/index.php\/wp-json\/wp\/v2\/media?parent=712709"}],"wp:term":[{"taxonomy":"product_brand","embeddable":true,"href":"https:\/\/roveyayinevi.com.tr\/index.php\/wp-json\/wp\/v2\/product_brand?post=712709"},{"taxonomy":"product_cat","embeddable":true,"href":"https:\/\/roveyayinevi.com.tr\/index.php\/wp-json\/wp\/v2\/product_cat?post=712709"},{"taxonomy":"product_tag","embeddable":true,"href":"https:\/\/roveyayinevi.com.tr\/index.php\/wp-json\/wp\/v2\/product_tag?post=712709"}],"curies":[{"name":"wp","href":"https:\/\/api.w.org\/{rel}","templated":true}]}}