{"id":712707,"date":"2025-08-27T16:58:53","date_gmt":"2025-08-27T13:58:53","guid":{"rendered":"https:\/\/roveyayinevi.com.tr\/index.php\/urun\/turayazi\/"},"modified":"2026-04-16T02:21:05","modified_gmt":"2026-04-15T23:21:05","slug":"turayazi","status":"publish","type":"product","link":"https:\/\/roveyayinevi.com.tr\/index.php\/urun\/turayazi\/","title":{"rendered":"Turayaz\u0131"},"content":{"rendered":"<p>MedaKitap, ilk bask\u0131s\u0131 2000 y\u0131l\u0131nda ve \u0130nk\u0131lap \u015eiir \u00d6d\u00fcl\u00fc sonras\u0131nda ayn\u0131 yay\u0131nevince yap\u0131lan kitab\u0131n 2. bask\u0131s\u0131n\u0131 sunuyor. Ali Hikmet Eren Turayaz\u0131\u2019da \u00e7ocuklu\u011funu, otoriteyi ve isyan\u0131 yazarken, insana d\u00f6n\u00fc\u015ft\u00fcrd\u00fc\u011f\u00fc kedilerini de kendine \u00f6zg\u00fc bir dille konu\u015fturuyor. Turayaz\u0131, sonras\u0131z bir d\u00f6ng\u00fcn\u00fcn, bo\u015fluklar\u0131n ve k\u0131r\u0131lmalar\u0131n kitab\u0131. <\/p>\n","protected":false},"excerpt":{"rendered":"<p>MedaKitap, ilk bask\u0131s\u0131 2000 y\u0131l\u0131nda ve \u0130nk\u0131lap \u015eiir \u00d6d\u00fcl\u00fc sonras\u0131nda ayn\u0131 yay\u0131nevince yap\u0131lan kitab\u0131n 2. bask\u0131s\u0131n\u0131 sunuyor. Ali Hikmet Eren Turayaz\u0131\u2019da \u00e7ocuklu\u011funu, otoriteyi ve isyan\u0131 yazarken,<span class=\"excerpt-hellip\"> [\u2026]<\/span><\/p>\n","protected":false},"featured_media":0,"template":"","meta":{"_monsterinsights_skip_tracking":false,"_monsterinsights_sitenote_active":false,"_monsterinsights_sitenote_note":"","_monsterinsights_sitenote_category":0},"product_brand":[],"product_cat":[12291,12509],"product_tag":[],"class_list":{"0":"post-712707","1":"product","2":"type-product","3":"status-publish","5":"product_cat-edebiyat","6":"product_cat-siir","7":"pa_cilt-ciltsiz","8":"pa_tur-kitap","9":"pa_yayinevi-medakitap-yayinlari","10":"pa_yazar-ali-hikmet-eren","12":"first","13":"instock","14":"sale","15":"shipping-taxable","16":"purchasable","17":"product-type-simple"},"_links":{"self":[{"href":"https:\/\/roveyayinevi.com.tr\/index.php\/wp-json\/wp\/v2\/product\/712707","targetHints":{"allow":["GET"]}}],"collection":[{"href":"https:\/\/roveyayinevi.com.tr\/index.php\/wp-json\/wp\/v2\/product"}],"about":[{"href":"https:\/\/roveyayinevi.com.tr\/index.php\/wp-json\/wp\/v2\/types\/product"}],"wp:attachment":[{"href":"https:\/\/roveyayinevi.com.tr\/index.php\/wp-json\/wp\/v2\/media?parent=712707"}],"wp:term":[{"taxonomy":"product_brand","embeddable":true,"href":"https:\/\/roveyayinevi.com.tr\/index.php\/wp-json\/wp\/v2\/product_brand?post=712707"},{"taxonomy":"product_cat","embeddable":true,"href":"https:\/\/roveyayinevi.com.tr\/index.php\/wp-json\/wp\/v2\/product_cat?post=712707"},{"taxonomy":"product_tag","embeddable":true,"href":"https:\/\/roveyayinevi.com.tr\/index.php\/wp-json\/wp\/v2\/product_tag?post=712707"}],"curies":[{"name":"wp","href":"https:\/\/api.w.org\/{rel}","templated":true}]}}