{"id":712706,"date":"2025-08-27T16:58:52","date_gmt":"2025-08-27T13:58:52","guid":{"rendered":"https:\/\/roveyayinevi.com.tr\/index.php\/urun\/sur-ve-sir\/"},"modified":"2026-04-16T02:21:05","modified_gmt":"2026-04-15T23:21:05","slug":"sur-ve-sir","status":"publish","type":"product","link":"https:\/\/roveyayinevi.com.tr\/index.php\/urun\/sur-ve-sir\/","title":{"rendered":"Sur ve S\u0131r"},"content":{"rendered":"<p>hangi da\u011f\u0131n ard\u0131ndad\u0131r at s\u0131rt\u0131nda gidilen yol   hangi denizlere ula\u015f\u0131p saklayacakt\u0131r bir \u00f6l\u00fcy\u00fc ferman \u00e7\u0131\u011fl\u0131klar\u0131nda s\u00f6zc\u00fckleri bulu\u015fturup tebdil-i hanlarda sabahlayan yolcular   masallar\u0131 vard\u0131, kanad\u0131 k\u0131r\u0131k, gri bir \u00f6l\u00fcmd\u00fc bekle\u015firdi anneler, a\u011f\u0131zlar\u0131nda \u00e7\u00fcr\u00fcyen a\u011f\u0131tlar   babalar yas tutard\u0131 kara g\u00f6lgesinde tarihin ve kara g\u00f6mle\u011fine sarard\u0131 ac\u0131y\u0131 yoksul   ka\u00e7 kervan g\u00f6rd\u00fcm topra\u011f\u0131n hakk\u0131 i\u00e7in ka\u00e7 geceyi t\u00fct\u00fcns\u00fcz ge\u00e7irdim, oysa yolum can\u0131n yongas\u0131yd\u0131, annemdi kalbi topra\u011f\u0131n <\/p>\n","protected":false},"excerpt":{"rendered":"<p>hangi da\u011f\u0131n ard\u0131ndad\u0131r at s\u0131rt\u0131nda gidilen yol hangi denizlere ula\u015f\u0131p saklayacakt\u0131r bir \u00f6l\u00fcy\u00fc ferman \u00e7\u0131\u011fl\u0131klar\u0131nda s\u00f6zc\u00fckleri bulu\u015fturup tebdil-i hanlarda sabahlayan yolcular masallar\u0131 vard\u0131, kanad\u0131 k\u0131r\u0131k, gri<span class=\"excerpt-hellip\"> [\u2026]<\/span><\/p>\n","protected":false},"featured_media":0,"template":"","meta":{"_monsterinsights_skip_tracking":false,"_monsterinsights_sitenote_active":false,"_monsterinsights_sitenote_note":"","_monsterinsights_sitenote_category":0},"product_brand":[],"product_cat":[12291,12509],"product_tag":[],"class_list":{"0":"post-712706","1":"product","2":"type-product","3":"status-publish","5":"product_cat-edebiyat","6":"product_cat-siir","7":"pa_cilt-ciltsiz","8":"pa_tur-kitap","9":"pa_yayinevi-medakitap-yayinlari","10":"pa_yazar-ibrahim-tig","12":"first","13":"instock","14":"sale","15":"shipping-taxable","16":"purchasable","17":"product-type-simple"},"_links":{"self":[{"href":"https:\/\/roveyayinevi.com.tr\/index.php\/wp-json\/wp\/v2\/product\/712706","targetHints":{"allow":["GET"]}}],"collection":[{"href":"https:\/\/roveyayinevi.com.tr\/index.php\/wp-json\/wp\/v2\/product"}],"about":[{"href":"https:\/\/roveyayinevi.com.tr\/index.php\/wp-json\/wp\/v2\/types\/product"}],"wp:attachment":[{"href":"https:\/\/roveyayinevi.com.tr\/index.php\/wp-json\/wp\/v2\/media?parent=712706"}],"wp:term":[{"taxonomy":"product_brand","embeddable":true,"href":"https:\/\/roveyayinevi.com.tr\/index.php\/wp-json\/wp\/v2\/product_brand?post=712706"},{"taxonomy":"product_cat","embeddable":true,"href":"https:\/\/roveyayinevi.com.tr\/index.php\/wp-json\/wp\/v2\/product_cat?post=712706"},{"taxonomy":"product_tag","embeddable":true,"href":"https:\/\/roveyayinevi.com.tr\/index.php\/wp-json\/wp\/v2\/product_tag?post=712706"}],"curies":[{"name":"wp","href":"https:\/\/api.w.org\/{rel}","templated":true}]}}