{"id":712705,"date":"2025-08-27T16:58:52","date_gmt":"2025-08-27T13:58:52","guid":{"rendered":"https:\/\/roveyayinevi.com.tr\/index.php\/urun\/merakli-cakil-parkta-duygular-serisi-1\/"},"modified":"2026-04-16T02:21:05","modified_gmt":"2026-04-15T23:21:05","slug":"merakli-cakil-parkta-duygular-serisi-1","status":"publish","type":"product","link":"https:\/\/roveyayinevi.com.tr\/index.php\/urun\/merakli-cakil-parkta-duygular-serisi-1\/","title":{"rendered":"Merakl\u0131 \u00c7ak\u0131l Parkta Duygular Serisi 1"},"content":{"rendered":"<p>Duygular Serisi-1 G\u00fcne\u015f \u0131\u015f\u0131l \u0131\u015f\u0131l ayd\u0131nlat\u0131yordu, yemye\u015fil oyun park\u0131n\u0131. Park\u0131n tam ortas\u0131nda duran \u00c7ak\u0131l, \u00e7ekti temiz havay\u0131 i\u00e7ine, y\u00fcz\u00fcnde kocaman bir g\u00fcl\u00fcmsemeyle.  Merakl\u0131 m\u0131 merakl\u0131, sevimli mi sevimli \u00c7ak\u0131l\u2019\u0131n her maceras\u0131nda bir duygu gizli. Bu kitapta da \u201cutanmak\u201d ile ilgili s\u0131cac\u0131k bir \u00f6yk\u00fc var&#8230;<\/p>\n","protected":false},"excerpt":{"rendered":"<p>Duygular Serisi-1 G\u00fcne\u015f \u0131\u015f\u0131l \u0131\u015f\u0131l ayd\u0131nlat\u0131yordu, yemye\u015fil oyun park\u0131n\u0131. Park\u0131n tam ortas\u0131nda duran \u00c7ak\u0131l, \u00e7ekti temiz havay\u0131 i\u00e7ine, y\u00fcz\u00fcnde kocaman bir g\u00fcl\u00fcmsemeyle. Merakl\u0131 m\u0131 merakl\u0131, sevimli<span class=\"excerpt-hellip\"> [\u2026]<\/span><\/p>\n","protected":false},"featured_media":0,"template":"","meta":{"_monsterinsights_skip_tracking":false,"_monsterinsights_sitenote_active":false,"_monsterinsights_sitenote_note":"","_monsterinsights_sitenote_category":0},"product_brand":[],"product_cat":[12274,12518],"product_tag":[],"class_list":{"0":"post-712705","1":"product","2":"type-product","3":"status-publish","5":"product_cat-cocuk-ve-genclik-kitaplari","6":"product_cat-okul-oncesi-kitaplar","7":"pa_cilt-ciltsiz","8":"pa_tur-kitap","9":"pa_yayinevi-kirmizi-kedi-yayinevi","10":"pa_yazar-nazli-deniz-guler","12":"first","13":"instock","14":"sale","15":"shipping-taxable","16":"purchasable","17":"product-type-simple"},"_links":{"self":[{"href":"https:\/\/roveyayinevi.com.tr\/index.php\/wp-json\/wp\/v2\/product\/712705","targetHints":{"allow":["GET"]}}],"collection":[{"href":"https:\/\/roveyayinevi.com.tr\/index.php\/wp-json\/wp\/v2\/product"}],"about":[{"href":"https:\/\/roveyayinevi.com.tr\/index.php\/wp-json\/wp\/v2\/types\/product"}],"wp:attachment":[{"href":"https:\/\/roveyayinevi.com.tr\/index.php\/wp-json\/wp\/v2\/media?parent=712705"}],"wp:term":[{"taxonomy":"product_brand","embeddable":true,"href":"https:\/\/roveyayinevi.com.tr\/index.php\/wp-json\/wp\/v2\/product_brand?post=712705"},{"taxonomy":"product_cat","embeddable":true,"href":"https:\/\/roveyayinevi.com.tr\/index.php\/wp-json\/wp\/v2\/product_cat?post=712705"},{"taxonomy":"product_tag","embeddable":true,"href":"https:\/\/roveyayinevi.com.tr\/index.php\/wp-json\/wp\/v2\/product_tag?post=712705"}],"curies":[{"name":"wp","href":"https:\/\/api.w.org\/{rel}","templated":true}]}}